{"id":3059,"date":"2021-02-04T00:00:43","date_gmt":"2021-02-03T23:00:43","guid":{"rendered":"https:\/\/www.artforscience.eu\/?page_id=3059"},"modified":"2021-02-04T00:19:15","modified_gmt":"2021-02-03T23:19:15","slug":"agir-avec-1-e","status":"publish","type":"page","link":"https:\/\/www.artforscience.eu\/en\/agir-avec-1-e\/","title":{"rendered":"Agir avec 1 \u20ac"},"content":{"rendered":"<div data-elementor-type=\"wp-page\" data-elementor-id=\"3059\" class=\"elementor elementor-3059\">\n\t\t\t\t\t\t<div class=\"elementor-inner\">\n\t\t\t\t<div class=\"elementor-section-wrap\">\n\t\t\t\t\t\t\t\t\t<section class=\"elementor-section elementor-top-section elementor-element elementor-element-b5baf8e elementor-section-boxed elementor-section-height-default elementor-section-height-default\" data-id=\"b5baf8e\" data-element_type=\"section\">\n\t\t\t\t\t\t<div class=\"elementor-container elementor-column-gap-default\">\n\t\t\t\t\t\t\t<div class=\"elementor-row\">\n\t\t\t\t\t<div class=\"elementor-column elementor-col-100 elementor-top-column elementor-element elementor-element-a211623\" data-id=\"a211623\" data-element_type=\"column\">\n\t\t\t<div class=\"elementor-column-wrap elementor-element-populated\">\n\t\t\t\t\t\t\t<div class=\"elementor-widget-wrap\">\n\t\t\t\t\t\t<div class=\"elementor-element elementor-element-2691986 elementor-widget elementor-widget-image\" data-id=\"2691986\" data-element_type=\"widget\" data-widget_type=\"image.default\">\n\t\t\t\t<div class=\"elementor-widget-container\">\n\t\t\t\t\t\t\t\t<div class=\"elementor-image\">\n\t\t\t\t\t\t\t\t\t\t\t\t\t<a href=\"https:\/\/www.artforscience.eu\/en\/abo-don\/\">\n\t\t\t\t\t\t\t<img width=\"1132\" height=\"475\" src=\"https:\/\/www.artforscience.eu\/wp-content\/uploads\/2021\/02\/personne-au-grand-coeur-1.png\" class=\"attachment-full size-full\" alt=\"personne au grand coeur\" loading=\"lazy\" srcset=\"https:\/\/www.artforscience.eu\/wp-content\/uploads\/2021\/02\/personne-au-grand-coeur-1.png 1132w, https:\/\/www.artforscience.eu\/wp-content\/uploads\/2021\/02\/personne-au-grand-coeur-1-300x126.png 300w, https:\/\/www.artforscience.eu\/wp-content\/uploads\/2021\/02\/personne-au-grand-coeur-1-700x294.png 700w, https:\/\/www.artforscience.eu\/wp-content\/uploads\/2021\/02\/personne-au-grand-coeur-1-768x322.png 768w, https:\/\/www.artforscience.eu\/wp-content\/uploads\/2021\/02\/personne-au-grand-coeur-1-16x7.png 16w, https:\/\/www.artforscience.eu\/wp-content\/uploads\/2021\/02\/personne-au-grand-coeur-1-600x252.png 600w\" sizes=\"(max-width: 1132px) 100vw, 1132px\" \/>\t\t\t\t\t\t\t\t<\/a>\n\t\t\t\t\t\t\t\t\t\t\t\t\t\t<\/div>\n\t\t\t\t\t\t<\/div>\n\t\t\t\t<\/div>\n\t\t\t\t\t\t<\/div>\n\t\t\t\t\t<\/div>\n\t\t<\/div>\n\t\t\t\t\t\t\t\t<\/div>\n\t\t\t\t\t<\/div>\n\t\t<\/section>\n\t\t\t\t<section class=\"elementor-section elementor-top-section elementor-element elementor-element-4212d01 elementor-section-boxed elementor-section-height-default elementor-section-height-default\" data-id=\"4212d01\" data-element_type=\"section\">\n\t\t\t\t\t\t<div class=\"elementor-container elementor-column-gap-default\">\n\t\t\t\t\t\t\t<div class=\"elementor-row\">\n\t\t\t\t\t<div class=\"elementor-column elementor-col-100 elementor-top-column elementor-element elementor-element-0bb2195\" data-id=\"0bb2195\" data-element_type=\"column\">\n\t\t\t<div class=\"elementor-column-wrap elementor-element-populated\">\n\t\t\t\t\t\t\t<div class=\"elementor-widget-wrap\">\n\t\t\t\t\t\t<div class=\"elementor-element elementor-element-c4a4e91 elementor-widget elementor-widget-text-editor\" data-id=\"c4a4e91\" data-element_type=\"widget\" data-widget_type=\"text-editor.default\">\n\t\t\t\t<div class=\"elementor-widget-container\">\n\t\t\t\t\t\t\t\t<div class=\"elementor-text-editor elementor-clearfix\">\n\t\t\t\t<h3>D\u00e8s 1 euros, devenez donateur mensuel pour soutenir le progr\u00e8s m\u00e9dical.<\/h3><h3>Le don mensuel permet de faire des projections dans l\u2019avenir de ce que chaque ann\u00e9e nous pourrons reverser \u00e0 la lutte contre les tumeurs. Votre r\u00e9gularit\u00e9 est pr\u00e9cieuse c&rsquo;est pourquoi vous avez la possibilit\u00e9 de cocher \u00ab\u00a0je donne tous les mois\u00a0\u00bb dans le formulaire de don.<\/h3>\t\t\t\t\t<\/div>\n\t\t\t\t\t\t<\/div>\n\t\t\t\t<\/div>\n\t\t\t\t\t\t<\/div>\n\t\t\t\t\t<\/div>\n\t\t<\/div>\n\t\t\t\t\t\t\t\t<\/div>\n\t\t\t\t\t<\/div>\n\t\t<\/section>\n\t\t\t\t<section class=\"elementor-section elementor-top-section elementor-element elementor-element-c377e34 elementor-section-boxed elementor-section-height-default elementor-section-height-default\" data-id=\"c377e34\" data-element_type=\"section\">\n\t\t\t\t\t\t<div class=\"elementor-container elementor-column-gap-default\">\n\t\t\t\t\t\t\t<div class=\"elementor-row\">\n\t\t\t\t\t<div class=\"elementor-column elementor-col-100 elementor-top-column elementor-element elementor-element-6c832cc\" data-id=\"6c832cc\" data-element_type=\"column\">\n\t\t\t<div class=\"elementor-column-wrap elementor-element-populated\">\n\t\t\t\t\t\t\t<div class=\"elementor-widget-wrap\">\n\t\t\t\t\t\t<div class=\"elementor-element elementor-element-b452583 elementor-align-center elementor-widget elementor-widget-button\" data-id=\"b452583\" data-element_type=\"widget\" data-widget_type=\"button.default\">\n\t\t\t\t<div class=\"elementor-widget-container\">\n\t\t\t\t\t<div class=\"elementor-button-wrapper\">\n\t\t\t<a href=\"https:\/\/www.artforscience.eu\/en\/abo-don\/\" class=\"elementor-button-link elementor-button elementor-size-sm elementor-animation-push\" role=\"button\">\n\t\t\t\t\t\t<span class=\"elementor-button-content-wrapper\">\n\t\t\t\t\t\t<span class=\"elementor-button-text\">C'est parti ! J'agis \u00e0 partir de 1\u20ac<\/span>\n\t\t<\/span>\n\t\t\t\t\t<\/a>\n\t\t<\/div>\n\t\t\t\t<\/div>\n\t\t\t\t<\/div>\n\t\t\t\t\t\t<\/div>\n\t\t\t\t\t<\/div>\n\t\t<\/div>\n\t\t\t\t\t\t\t\t<\/div>\n\t\t\t\t\t<\/div>\n\t\t<\/section>\n\t\t\t\t\t\t\t\t\t<\/div>\n\t\t\t<\/div>\n\t\t\t\t\t<\/div>","protected":false},"excerpt":{"rendered":"<p>D\u00e8s 1 euros, devenez donateur mensuel pour soutenir le progr\u00e8s m\u00e9dical. Le don mensuel permet de faire des projections dans l\u2019avenir de ce que chaque ann\u00e9e nous pourrons reverser \u00e0 la lutte contre les tumeurs. Votre r\u00e9gularit\u00e9 est pr\u00e9cieuse c&rsquo;est pourquoi vous avez la possibilit\u00e9 de cocher \u00ab\u00a0je donne tous les mois\u00a0\u00bb dans le formulaire [&hellip;]<\/p>","protected":false},"author":1,"featured_media":0,"parent":0,"menu_order":0,"comment_status":"closed","ping_status":"closed","template":"","meta":{"_mi_skip_tracking":false,"_monsterinsights_sitenote_active":false,"_monsterinsights_sitenote_note":"","_monsterinsights_sitenote_category":0,"spay_email":""},"_links":{"self":[{"href":"https:\/\/www.artforscience.eu\/en\/wp-json\/wp\/v2\/pages\/3059"}],"collection":[{"href":"https:\/\/www.artforscience.eu\/en\/wp-json\/wp\/v2\/pages"}],"about":[{"href":"https:\/\/www.artforscience.eu\/en\/wp-json\/wp\/v2\/types\/page"}],"author":[{"embeddable":true,"href":"https:\/\/www.artforscience.eu\/en\/wp-json\/wp\/v2\/users\/1"}],"replies":[{"embeddable":true,"href":"https:\/\/www.artforscience.eu\/en\/wp-json\/wp\/v2\/comments?post=3059"}],"version-history":[{"count":7,"href":"https:\/\/www.artforscience.eu\/en\/wp-json\/wp\/v2\/pages\/3059\/revisions"}],"predecessor-version":[{"id":3074,"href":"https:\/\/www.artforscience.eu\/en\/wp-json\/wp\/v2\/pages\/3059\/revisions\/3074"}],"wp:attachment":[{"href":"https:\/\/www.artforscience.eu\/en\/wp-json\/wp\/v2\/media?parent=3059"}],"curies":[{"name":"wp","href":"https:\/\/api.w.org\/{rel}","templated":true}]}}