{"id":3457,"date":"2021-08-31T19:59:41","date_gmt":"2021-08-31T18:59:41","guid":{"rendered":"https:\/\/www.artforscience.eu\/?page_id=3457"},"modified":"2023-12-05T15:07:52","modified_gmt":"2023-12-05T14:07:52","slug":"art-for-science-academy","status":"publish","type":"page","link":"https:\/\/www.artforscience.eu\/en\/art-for-science-academy\/","title":{"rendered":"Art For Science Academy"},"content":{"rendered":"<h2>Vous \u00eates :<\/h2>\n<p><a role=\"button\" href=\"https:\/\/www.artforscience.eu\/en\/art-for-science-pour-vous\/\">Un particulier<\/a><br \/><a role=\"button\" href=\"https:\/\/www.artforscience.eu\/en\/afs-academy-pour-les-entreprises\/\">Une entreprise<\/a><br \/><a role=\"button\" href=\"https:\/\/www.artforscience.eu\/en\/art-for-science-academy-pour-les-ecoles\/\">Une \u00e9cole<\/a><br \/><a role=\"button\" href=\"#\">\u00c9tablissement de sant\u00e9<br \/><\/a><\/p>\n<p>\u00a0<\/p>\n<p><b>Concr\u00e8tement, Art For Science Academy c&rsquo;est :\u00a0<\/b><\/p>\n<p><b style=\"color: #333333; font-family: var( --e-global-typography-text-font-family ), professionnal;\">Une plateforme <\/b>en ligne o\u00f9 vous aurez acc\u00e8s, selon votre profil, \u00e0 :<\/p>\n<p>&#8211; <b>des vid\u00e9os <\/b>d\u00e9voilant les plus grandes d\u00e9couvertes\u00a0neuroscientifiques sur le cerveau,<\/p>\n<p>&#8211; des vid\u00e9os racontant des histoires artistiques qui permettent une stimulation et un voyage dans le temps au cerveau,<\/p>\n<p>&#8211; <b>des lives interactifs<\/b>\u00a0avec les\u00a0plus grands neuroscientifiques et artistes du monde\u00a0entier, auteurs et animateurs des vid\u00e9os.<\/p>\n<p>\u00a0<\/p>\n<p>Les lives permettent d\u2019\u00e9changer avec des grands noms de la science et de l\u2019art, <b>en direct. <\/b>Ce service est in\u00e9dit et jamais vu : ainsi la neuroscience et l\u2019art, qui n\u2019ont pas \u00e0 \u00eatre si inaccessible, deviennent des disciplines int\u00e9gr\u00e9es dans la vie de chacun comme le sport et la musique.<\/p>\n<p>\u00a0<\/p>\n<p>Pour acc\u00e9der \u00e0 tout cet univers, et lib\u00e9rer le pouvoir de votre cerveau, t\u00e9l\u00e9chargez l&rsquo;application <strong>Art For Science Academy :<\/strong><\/p>\n<p>1. Commencez par cr\u00e9er votre compte en vous rendant ici : <a href=\"https:\/\/artforscienceacademy.eu\/join\/eb76a308-934a-40e2-92f2-8cffc36ffa44\/hHzV8Eazc4xlHDVUhdnGTf2Rj\" target=\"_blank\" rel=\"noreferrer noopener\">Art For Science Academy<\/a><\/p>\n<p>2. Ensuite, et seulement apr\u00e8s avoir cr\u00e9\u00e9 votre compte en ligne, vous pourrez t\u00e9l\u00e9charger notre application gratuite, sur <a href=\"https:\/\/play.google.com\/store\/apps\/details?id=com.seekoya.artforscienceacademy&amp;gl=FR\" target=\"_blank\" rel=\"noreferrer noopener\">Android<\/a> ou sur <a href=\"https:\/\/apps.apple.com\/fr\/app\/art-for-science-academy\/id1604150206\" target=\"_blank\" rel=\"noreferrer noopener\">iOS<\/a>.<\/p>\n<p>\u00a0<\/p>\n\n\n<p>Notre politique de respect de votre vie priv\u00e9e se trouve <a href=\"https:\/\/www.artforscience.eu\/en\/privacy-policy-2\/\">ici<\/a>.<\/p>\n\n\n\n<p><\/p>","protected":false},"excerpt":{"rendered":"<p>Vous \u00eates : Un particulierUne entrepriseUne \u00e9cole\u00c9tablissement de sant\u00e9 \u00a0 Concr\u00e8tement, Art For Science Academy c&rsquo;est :\u00a0 Une plateforme en ligne o\u00f9 vous aurez acc\u00e8s, selon votre profil, \u00e0 : &#8211; des vid\u00e9os d\u00e9voilant les plus grandes d\u00e9couvertes\u00a0neuroscientifiques sur le cerveau, &#8211; des vid\u00e9os racontant des histoires artistiques qui permettent une stimulation et un voyage [&hellip;]<\/p>","protected":false},"author":1,"featured_media":0,"parent":0,"menu_order":0,"comment_status":"closed","ping_status":"closed","template":"","meta":{"_mi_skip_tracking":false,"_monsterinsights_sitenote_active":false,"_monsterinsights_sitenote_note":"","_monsterinsights_sitenote_category":0,"spay_email":""},"_links":{"self":[{"href":"https:\/\/www.artforscience.eu\/en\/wp-json\/wp\/v2\/pages\/3457"}],"collection":[{"href":"https:\/\/www.artforscience.eu\/en\/wp-json\/wp\/v2\/pages"}],"about":[{"href":"https:\/\/www.artforscience.eu\/en\/wp-json\/wp\/v2\/types\/page"}],"author":[{"embeddable":true,"href":"https:\/\/www.artforscience.eu\/en\/wp-json\/wp\/v2\/users\/1"}],"replies":[{"embeddable":true,"href":"https:\/\/www.artforscience.eu\/en\/wp-json\/wp\/v2\/comments?post=3457"}],"version-history":[{"count":31,"href":"https:\/\/www.artforscience.eu\/en\/wp-json\/wp\/v2\/pages\/3457\/revisions"}],"predecessor-version":[{"id":4180,"href":"https:\/\/www.artforscience.eu\/en\/wp-json\/wp\/v2\/pages\/3457\/revisions\/4180"}],"wp:attachment":[{"href":"https:\/\/www.artforscience.eu\/en\/wp-json\/wp\/v2\/media?parent=3457"}],"curies":[{"name":"wp","href":"https:\/\/api.w.org\/{rel}","templated":true}]}}