{"id":3505,"date":"2021-08-31T21:14:20","date_gmt":"2021-08-31T20:14:20","guid":{"rendered":"https:\/\/www.artforscience.eu\/?page_id=3505"},"modified":"2023-10-25T10:19:55","modified_gmt":"2023-10-25T09:19:55","slug":"art-for-science-pour-vous","status":"publish","type":"page","link":"https:\/\/www.artforscience.eu\/en\/art-for-science-pour-vous\/","title":{"rendered":"Art For Science pour particulier"},"content":{"rendered":"<p>Parlons humain, pr\u00e9vention, gu\u00e9rison,&nbsp;d\u00e9veloppement de ses capacit\u00e9s !<\/p>\n<p><img style=\"color: var( --e-global-color-text ); font-family: var( --e-global-typography-text-font-family ), professionnal; font-weight: var( --e-global-typography-text-font-weight );\" src=\"data:image\/png;base64,iVBORw0KGgoAAAANSUhEUgAAASYAAABbCAYAAADeDyhxAAATMElEQVR4Ae1dva7sSBHe1+Et9rzLRDwF0cl5ArITkG9McqQNSJAIEAFCXAmExApptbAsl10ZffZ8dnW5qrrb9sz13ClLR\/1XXVX9VfXn9njm3i+GvBKBRCAROBkCX5zMn3QnEUgEEoEhiSmTIBFIBE6HQBLT6UKSDiUCiUASU+ZAIpAInA6BJKbThSQdSgQSgSSmzIFEIBE4HQJJTKcLSTqUCCQCSUyZA4lAInA6BJKYTheSdCgRSASSmDIHEoFE4HQIJDGdLiTpUCKQCCQxZQ4kAonA6RBIYjpdSNKhRCARSGLKHEgEEoHTIZDEdLqQpEOJQCKQxJQ5kAgkAqdDIInpdCFJhxKBRCCJKXMgEUgETodAEtPpQtLn0Md\/fD38+4+\/7JtkSH\/7258bvdl1NgS++epng\/yT\/sl+1B\/5+qyISQempf39n341YHP\/9PE7N44temoy2Pj\/+cuvXRsY+PFffx5++OtXI9FIffAR\/RjXF8ak7J661h21sZ49tjg3soGxH7\/\/2\/Dfv\/9msNaJPoxZuFh6abO1\/O73vxhj9r9v\/2Cp+yR9yFPkEdag8yka+yTO7jD6WRETcEAiI5F08kniQR0ySDzKYaPVEhAbgPIsa9h\/\/OfvijmePE49SDT4Ly\/tJwhKXvQDdqyL4yy1jPRPj9XawFHOpw34rNdBXZiDNVCW\/brEfMYHBKTJB+MgJRIkZLWM1inbtM9SjjE\/qBsy8OEsF4nJytdo7Cz+t\/jx2RETF82EY8l+XYIQKIPS21CcJ2VRb7lqGxE+4NQWXfRTbhD4Ch9kn9bR4i9l9NyWNn2gDpQtFze9JQvCoT5r8+k53IyYo4lby7JN\/SzZr0v6CTnE4AwXfIFf1hWNWfJn7Xt6YtIbK9rkCCITmWVrYEksWh6EBF21C3dxJCNOBry4gTHmXfSTpSXn+WbJWn3UzdKS0X30XfdLEq+RtZyLuNF+CzlRlqXUJev6RNjjk9RzVJ35Avz0FY1p2bO3n56YECAmJ8soaJRhGcnKMRKg7EOdjysRuXCO3syYi9NCdNFPlpas1mvJRH3UzTKS5RjWC3l5SRLwTgRSXtapjz7UHusox1LqknWtV94YpNy96lG+RGP38u8oO0lMdyImL2DcGC2PCdwk1IWTAQgvuqifpSX70w\/frEjCkvP6qJulJ1frl49N1omgNl8+0tWIjb6yjHRThmUke8sxPNbCB+tUH43d0qdb6X56YtIfaB9xAkGwNIl4AeRdDgmHestnKp4uq5+biaUls7ePulnW9EFOX9xY1FEjXD0fba0jwpJ2WFr62EcZlDXC45xblHxctU6D0dgtfLm1zqcnJgaUSYfTQ3TJJEXdu7hJvHH2y89UqBsEhRNDzRfqiErqZBnJbh2jbpaRHu90Jk870ANi7734uEw\/opsMZVh6tvSNq+XzK0+X1Y\/HV37GB9LjY7UmZt7okBv6isa07KO0n5KYEEgQhzytgKBaiICJzNIKNJKKyWaNyz74Ih9hqJclfNzzgSv1sJS2j6pTN0tLL9YJXHgj0DIaAz3e2qYPKKPTjZRD3bsYR+rDOo64QHjzDeiqU+ajPhWRsKxciMaO8PVT6HgaYtKJqNtWwK2A6Hm1tqVD94EQ9cbUejHe6qPUr\/XIsaPq2kZLW9vWc\/R4a7tVTySHeOAkI4kC9ZYbV4ufiCPs60dNkjZs6Yu+WMQYjWk9j9J+GmLSAcHdG3caSQio62TR86KElrJMMtlXq+MxQfqjbaHd+yihddR82DLeYmM8MV1PCZDXV4sOPcdqt+rRclG7lhOWH16fR0qQJ8EgL+XFx0nr0TQakzoerf60xMRAWaeV6M6oE5h6dIlkhuyWC3PlI4S22XNy0nO3+FOb02PDw4Wbkrqsk0HND4xzPkro9C4phzov3LD0zaEHb+qxSq7dIhjkHH3Sa+fnb\/rxDjaiMcuHR+l7emJCoJgwTAwrcRhQyrBkvy6RXJDZc0EHNoXeKNGG0\/boJ0s9fkSbulnWdGI9+uIGow4QRO9FzKkjOl1ShqW0Jb9PxfEt\/kid8A3rttYOOfgKW7ghyYtrsmIejUkdj1hPYrpGjQnI0gsmx1l6ckf38xGg1y7lWR7tF\/RRN8stNvTNYcspBeRBH1BaJwz6JuVQ15c+sWrC0PK1NonHWpf0G6QoL8Zd90MmGpM6HrGexHSNWi1RGdxWOcrLknc42Qd9rXdjeSeXOqL6Hn8jvXLsKBvyZGidEKRNq863U\/CnNr\/ms3y0oqxFDpYfuo9x905L\/DzSGicmWifa0Zgl\/0h9SUzXaDH5UEZ3RymHes+FuyaSUF7QofvkuK5vkZc+a31HtKV+1LdePAFQXyth0x43KubX5tIGS+qQpfYH+kEyvRdvKPpDbehBHx9j9aMnT5G6H\/OisV7\/ziifxCSCzCRFQnoXZVh6crqfd02dnNRT20jQRx09d27qZ6n9OqJN3Sz36OQmha7oBqFt8FEJ86L4cR59Zcl+XeLkRRmUFknoObrNx0L9UgW5gD4SKury8ZPzrNyIxrT9R2w\/PTFhszMxkHi1zSCTFPXWi4mEO528qG+8G1e+dQ4dNf+kbtSpn6UeP6JN3Sz36pQkE72IoB0p30JKmEdfWVKXLvk6nnIoLaLQ82Sbc2Uf9JKIMA4ChF6SF0r08zSNNm9q0Zi08cj1z5KY9BEcAdaEgCSAnCSlaBOM8uoffYNenF684z3nyLsu+uQFHfKPd1HKQDdsQEfrpkPiYg7JUOqHDu0DbfWW0AN\/pX7U0bfXBvxnbMa1K5y5RmKLstUmT57S78hneYrDHODqxdzCkHbgMy7EgHXqBrlKnSRbEBiwkPkbjVn2H7HvsyImJkBricTHHUkmihXEVn0tclo\/khFJh2SDL1oH+kayavxsgxtV67HakN16Wfqsvq36OQ\/YYPNaJEtsWgnJ0qF9Rk5YF0lSyiNmLRfJG3jrmwv0jUSnTsuwZ8nDXjTW4s8jyHxWxPQIgKePiUAiUEcgiamOUUokAonAnRFIYroz4GkuEUgE6ggkMdUxSolEIBG4MwJJTHcGPM0lAolAHYEkpjpGKZEIJAJ3RuA+xPT+Onz55Zfz3+Xtg7HM9+H15WWWeXm5DKaYmPnh7TLLQ\/\/ruxhcVd+H18vbYFkehh7bpSzsvrh6V05cO3p0QFZj8WF4u7wO4XIt0yoOLzFgQze+R\/lJ35W\/LXkTx6PEPcqx99eXdT69vw77feDiEMMXRx9lUFp52xv\/ct0RRjrmkMWfvW7p57H1mxMTFtq2cVUAPrwNlxd\/8416i41VC7TSX+CoxkLbCLLvV6HWbfTogG+X4VKQX29iwpEem8NISiVxteB7hJ8TaF150xyPjjgjB4r8Gob3V32DYID7sB1njfpfg5ul0F3EHv298d\/gX2e+0NujyhsTk0qE0GstC\/CDRFgFC8qjAGj90hk9VrHdvBGkDVmP\/JRyqE++vb9dxF2rNzGRy2+K3LQd2dZ4cCzy+yA\/R1Oeffohy8gnKYe61hvFWWOs50rdPT5M80C84D2f7Kjfsqt9o6xX9vsX7yXPznH9tyWm99ehvOtGjqsAYK5HAK7eKNGU\/sIVNRbZHslveeTEMVfdWAvNdgOJ0qqDvsm19Sbm5AUeT8ZjfM3hXfju93Nw7VtobsHyqieM83RqJFQgEv9xpscH2GZMUa3tESE7L783\/r3+XX309t\/sx+0qNycmP5h6USV4LimNmHnBlJvC0G+eskaFBVGEtkdiuvej3PWzsfnU05uYCovrZzfuI7a7WRrx3eun+1mOWsfYRN60xqMjx6B7fNzCJ3nRuiHY48NERsu+qMXyKGJqxYgYd66J0w4qb0tMc4K2eLsEAHf2JXDW3EW2HI3A9OZAwzLWZLt5I5TeLa3Iz0Vqqi2+oT3dud+3ffhdqI42W2lzmRb5Xc7Z5Wdv3jTHY\/GxHucR7QnnmaAWJMpahEspOZFceVqOP1y2dFt92o5s98pj7pY50ua++m2Jabw5vDQ+zi1JU79DTRu0fEzERosITerXoMmxaMMeFbCeoEvfYH9aZ3yq0+uz2vDB+wzvCHz3+QniKONrrQF9W7GsxXmyNxLsZfo8yPOgyweLdK0+YUyTKHxqw4ZKejDaM4dz95c3Jya4CCBxV+CffRrSGzDeOJZefh5gw6L1Syk9FtnGWHnH6yeJHh3atxHQ8I2lXNlSX9uM8VrHLZY\/ys\/F4+a8aY6H9jGK89UPkEb1RLbG1ssJTTKTlYnEfXynce4f9xF8gU7V2v1bJmJO7+PfMntv7S7EtNfJnJ8IJALPhUAS03PFO1ebCDwEAklMDxGmdDIReC4EkpieK9652kTgIRBIYnqIMKWTicBzIbCTmPRbDg88462A+2VHT8f43YP5zR7eUHivTPXbHL7NaHsbKO1Pflt2xtfZ7lsLCxe8WfHecljy0g\/We3AsZaMfrFK7W6of01p4THO32JzeONmxMTxSvtjzSj\/GXNmSb9evZtg2DN9WXa1xBQb+Vzcmta04lWuP4t63T1aLu2nHHYnJ25St6wPgvTpa5kTJg7GL8boYevGDVc8fS+dRxOTZ1DgqH5pee2sd1+8zNeO+wSb8em35MevVlyaCaYn7eq2rng7fVnPHDoWHLYSF1X\/H2OyLsol51fgdhJe3vg39j0NMLcFbAdACuApkoWMae1PfRMed5vIWffva0vmJian6s4pi4ddGC35ynl53\/SQALPH9nW0\/ZpW2Zb3Xbzl3qbf7tswpaxqPcpStKZ\/sf5BHymzDqR6Dri+I0qEbl3ckpvJLif6XyfwV4\/EpeoRbz2xJ0Ch5rmMFKTLQkW5L51HE1Iqj8qHyg9U1dtOjs\/\/YZs3otSnk3d\/nXe3Uxgt3EJtWnIqJotHhm5hVVoWOcqCzJfRUcRCysNIU9yiXa64qezXxxvE7ElPrI0iD57Ufoc4qWgCPgF3G5jv6nBiR7mXe7Mp4YvEwsOSXmUstsrlITTXILpvT+yaynlW01Y9p5xuD+2jQabPQHxH3tMHaP+vpwalY8dLo8W2ZpWqtcVXTdLPLl84YjLYOwEv7vLP9mMQ0LponlwiBFsCj5BFjV0LC5pxOe5Fua8zqo+\/CDrvMMtKhJyw64XP7phZ6ipMi+yMC6bEJPQtxxi8orj\/Dafp8CX724MR1ybLTNzm1qC94FN1djV5fFpvtcd+LV9eCmoQfmJgAZu1NRgvgSyDXiMmxKUGW3ynFunVS4HME\/7FI2ll7sfTENhc51KRO+F7DqpzNFtZR+g1dLSe\/ik2L9Kw+OjIemrQvYrCo9uBUTJwalh9WnzG17JIxKEeaW5Zdq29WKG1WYiDnuKfgWeiulf3EJB4X\/M9\/kCjl3bH\/0WKto\/45VUuCykBq7Msxfhg6SdV0IymWNS+Epm2gvV5bSQacY8i5CVX6PtnYRk5YN080Y4wPsKmJe1rhhFkUV+2LfRLswYnYLuVW3xYNrBl+RIvjNFH2+7Il7vDTu9kIZ8yqtmcKdXfuJKZuezkhEUgEEoEqAklMVYhSIBFIBO6NQBLTvRFPe4lAIlBFIImpClEKJAKJwL0RSGK6N+JpLxFIBKoIJDFVIZreFNlvf+Tk8g3M7X88WdrD27LIR\/02K345VOqO1iIRWNXVD27tN41ilpK31xO9BSr9Ht8gut99gqx+S4lYV95Otfqo30K7foj1Z3VGIIlphsKp4DsjTT8yVRsG86qvYLE5KhvBcav8npIrNA6AlEpSqJHtlrVoH\/rWNvrYtHmVb4XZHpvQ0\/c\/B3f5uDmuxYKetpHEVAk9khGni\/knKa683jDY\/PqOrCf3bCRj7q6NHNneshblX\/glQCVbfBlUj+m29k2OR2uScqhPetr\/h+PIrqE7iUmD0tVOYgrhEsk4\/0bOmyBkIXKPH0+KxwX3ccv1OyLOLWtZ44IvB46PU\/Fz44RVTWZWr3yb+0fQV1\/k9dVSj8QBdecE6+JYOHBtgCCXL9cCA98Pa372JTFFOXDqH09yY0ULuBKkuSvkhtQ6yo3V\/y19pa\/2o+sCZzV31YzW3X9iGv+xkfl0FxOT\/ZnXysHrN\/kdgrPEs2+FQBLTChJ2IEnLu178AfOyYeyfEVCvLHs2kpyH+mJPj5RtTy6yvcxpX0tpdd0KiHAmhvWsdc\/imznW\/AhV6sEje\/hvbPX62OzHehXZMwxJTF4WWIlo9c3zZaIHm3CWRyUih0LQaEh7xrDoGj+0LU5NE+n6JwCpu3UtwqBZxVr9z9xAgOUH9KaSCiH34CnXCFsTJtHpsMvHJCYvgE39SUwOTPZJYUreYo\/P83WixxtxmtazkWZD14q2p8fLNsgJJz7+2WvgHK27ZS2cyxJzyhNnbHP9P\/\/axKl9oz2Ua5s+0Rh6cOOpEIrG0fVRrd33Q\/qfdSKQxEQkskwEEoHTIJDEdJpQpCOJQCJABJKYiESWiUAicBoEkphOE4p0JBFIBIhAEhORyDIRSAROg0AS02lCkY4kAokAEUhiIhJZJgKJwGkQSGI6TSjSkUQgESACSUxEIstEIBE4DQJJTKcJRTqSCCQCRCCJiUhkmQgkAqdB4P8zLtcxuqhpTQAAAABJRU5ErkJggg==\" alt=\"\"><\/p>\n<p style=\"text-align: center;\">Grandir<strong> individuellement pour grandir globalement ! <\/strong><\/p>\n<p>Mettez la 1\u00e8re \u00e9cole du cerveau en ligne \u00e0 la disposition de votre d\u00e9veloppement personnel ou au service d&rsquo;une gu\u00e9rison pour :<\/p>\n<p>-se&nbsp;<b>motiver<\/b> et prendre soin en d\u00e9couvrant les pouvoirs de votre cerveau,<\/p>\n<p>-pour mieux comprendre votre environnement, tous ceux qui partagent votre vie au travail ou dans votre vie priv\u00e9e, comprendre comment fonctionne le cerveau des autres, le poids des mots et des actes, les bonnes astuces pour se tirer vers le haut,\u2026<\/p>\n<p>Notre cerveau a un potentiel d\u2019adaptation et de d\u00e9veloppement extraordinaire et sous-\u00e9valu\u00e9 par tous : <strong>Art For Science Academy raconte, vous forme et vient donner toute la positivit\u00e9 sur votre potentiel !<\/strong><\/p>\n<p>Art For Science vous apporte :<\/p>\n<p>&#8211;<b>De l\u2019inspiration. <\/b>Nos contenus vous font vivre des d\u00e9monstrations sur les capacit\u00e9s c\u00e9r\u00e9brales du cerveau.<\/p>\n<p>3 exemples :<\/p>\n<p>Thomas, co-fondateur d\u2019Art For Science, amput\u00e9 de la jambe gauche et du cerveau gauche, t\u00e9moigne que l\u2019on peut vivre avec la moiti\u00e9 d\u2019un cerveau en moins une vie d\u2019entrepreneur et de p\u00e8re de famille.<\/p>\n<p>Une neuropsychologue d\u2019un des plus grands Institut de psychiatrie l\u00e9gale vous d\u00e9montre comment un ancien patient schizophr\u00e8ne intern\u00e9 est devenu son coll\u00e8gue de travail.<\/p>\n<p>Les artistes Art For Science vous \u00e9tonnent avec leurs \u0153uvres d\u2019art sur le cerveau : vivez une stimulation neuronale d\u00e8s 3 secondes de contemplation.<\/p>\n<p>&#8211;<b>Du concret : <\/b>des bonnes pratiques concr\u00e8tes, des chiffres sur les effets de l\u2019art sur la sant\u00e9, et plus encore.<\/p>\n<p><div class=\"jetpack-video-wrapper\"><iframe loading=\"lazy\" title=\"S&#039;inspirer de l&#039;art et des neurosciences pourquoi ?\" width=\"770\" height=\"433\" src=\"https:\/\/www.youtube.com\/embed\/SH5S26Cnp7c?feature=oembed\" frameborder=\"0\" allow=\"accelerometer; autoplay; clipboard-write; encrypted-media; gyroscope; picture-in-picture; web-share\" allowfullscreen><\/iframe><\/div><\/p>\n<p><b>Concr\u00e8tement, Art For Science Academy c&rsquo;est :&nbsp;<\/b><\/p>\n<p><b style=\"color: #333333; font-family: var( --e-global-typography-text-font-family ), professionnal;\">Une plateforme <\/b>en ligne o\u00f9 vous aurez acc\u00e8s \u00e0 :<\/p>\n<p>&#8211; <b>des vid\u00e9os <\/b>d\u00e9voilant les plus grandes d\u00e9couvertes&nbsp;neuroscientifiques sur le cerveau,<\/p>\n<p>&#8211; des vid\u00e9os racontant des histoires artistiques qui permettent une stimulation et un voyage dans le temps au cerveau,<\/p>\n<p>&#8211; <b>des lives interactifs<\/b>&nbsp;avec les&nbsp;plus grands neuroscientifiques et artistes du monde&nbsp;entier, auteurs et animateurs des vid\u00e9os.<\/p>\n<p>Les lives permettent d\u2019\u00e9changer avec des grands noms de la science et de l\u2019art, <b>en direct. <\/b>Ce service est in\u00e9dit et jamais vu : ainsi la neuroscience et l\u2019art, qui n\u2019ont pas \u00e0 \u00eatre si inaccessible, deviennent des disciplines int\u00e9gr\u00e9es dans la vie de chacun comme le sport et la musique.<\/p>\n\n\n<p>1. Commencez par cr\u00e9er votre compte en vous rendant ici : <a href=\"https:\/\/artforscienceacademy.eu\/join\/eb76a308-934a-40e2-92f2-8cffc36ffa44\/hHzV8Eazc4xlHDVUhdnGTf2Rj\" target=\"_blank\" rel=\"noreferrer noopener\">Art For Science Academy<\/a><\/p>\n\n\n\n<p>2. Ensuite, et seulement apr\u00e8s avoir cr\u00e9\u00e9 votre compte en ligne, vous pourrez t\u00e9l\u00e9charger notre application gratuite, sur <a href=\"https:\/\/play.google.com\/store\/apps\/details?id=com.seekoya.artforscienceacademy&amp;gl=FR\" target=\"_blank\" rel=\"noreferrer noopener\">Android<\/a> ou sur <a href=\"https:\/\/apps.apple.com\/fr\/app\/art-for-science-academy\/id1604150206\" target=\"_blank\" rel=\"noreferrer noopener\">iOS<\/a>.<\/p>\n\n\n<p style=\"text-align: center;\">contact : <a href=\"http:\/\/clemaire@artforscience.eu\" target=\"_blank\" rel=\"noopener\" data-cke-saved-href=\"http:\/\/clemaire@artforscience.eu\">clemaire@artforscience.eu <\/a><\/p>","protected":false},"excerpt":{"rendered":"<p>Parlons humain, pr\u00e9vention, gu\u00e9rison,&nbsp;d\u00e9veloppement de ses capacit\u00e9s ! Grandir individuellement pour grandir globalement ! Mettez la 1\u00e8re \u00e9cole du cerveau en ligne \u00e0 la disposition de votre d\u00e9veloppement personnel ou au service d&rsquo;une gu\u00e9rison pour : -se&nbsp;motiver et prendre soin en d\u00e9couvrant les pouvoirs de votre cerveau, -pour mieux comprendre votre environnement, tous ceux qui [&hellip;]<\/p>","protected":false},"author":1,"featured_media":0,"parent":0,"menu_order":0,"comment_status":"closed","ping_status":"closed","template":"","meta":{"_mi_skip_tracking":false,"_monsterinsights_sitenote_active":false,"_monsterinsights_sitenote_note":"","_monsterinsights_sitenote_category":0,"spay_email":""},"_links":{"self":[{"href":"https:\/\/www.artforscience.eu\/en\/wp-json\/wp\/v2\/pages\/3505"}],"collection":[{"href":"https:\/\/www.artforscience.eu\/en\/wp-json\/wp\/v2\/pages"}],"about":[{"href":"https:\/\/www.artforscience.eu\/en\/wp-json\/wp\/v2\/types\/page"}],"author":[{"embeddable":true,"href":"https:\/\/www.artforscience.eu\/en\/wp-json\/wp\/v2\/users\/1"}],"replies":[{"embeddable":true,"href":"https:\/\/www.artforscience.eu\/en\/wp-json\/wp\/v2\/comments?post=3505"}],"version-history":[{"count":24,"href":"https:\/\/www.artforscience.eu\/en\/wp-json\/wp\/v2\/pages\/3505\/revisions"}],"predecessor-version":[{"id":4170,"href":"https:\/\/www.artforscience.eu\/en\/wp-json\/wp\/v2\/pages\/3505\/revisions\/4170"}],"wp:attachment":[{"href":"https:\/\/www.artforscience.eu\/en\/wp-json\/wp\/v2\/media?parent=3505"}],"curies":[{"name":"wp","href":"https:\/\/api.w.org\/{rel}","templated":true}]}}