{"id":1060,"date":"2020-01-17T23:53:21","date_gmt":"2020-01-17T23:53:21","guid":{"rendered":"https:\/\/www.artforscience.eu\/?post_type=product&#038;p=1060"},"modified":"2020-03-03T13:49:04","modified_gmt":"2020-03-03T12:49:04","slug":"1060","status":"publish","type":"product","link":"https:\/\/www.artforscience.eu\/en\/voir-les-oeuvres-dart\/tableau\/1060\/","title":{"rendered":"Cerveau B\u00e9atitude"},"content":{"rendered":"<p>Mis sous cadre plexi format du cadre 1m x 1m &#8211; format de l\u2019\u0153uvre 80cm x 80cm by V\u00e9ronique Milioni<\/p>\n<p>Honorer le courage<\/p>\n<p>Honorer la pers\u00e9v\u00e9rance<\/p>\n<p>Honorer la douceur<\/p>\n<p>Honorer le g\u00e9nie<\/p>\n<p><em><span style=\"color: #333333;\">Qui est V\u00e9ronique Milioni ?<\/span><\/em><\/p>\n<p><span style=\"color: #333333;\">\u00ab\u00a0Je dessine de la po\u00e9sie calligraphi\u00e9e \u00e0 la plume, qui naissent de mes m\u00e9diations.<\/span><\/p>\n<p><span style=\"color: #333333;\">Je dessine de fa\u00e7on presque \u00ab automatique \u00bb des dessins m\u00e9ditatifs au trait fin, qui permette de vivre pleinement l&rsquo;instant pr\u00e9sent, de se ressourcer, d&rsquo;\u00eatre pr\u00e9sent \u00e0 soi, de se sentir libre, vivant(e) et joyeux(se), d&rsquo;\u00eatre ouvert(e) au monde.\u00a0\u00bb<\/span><\/p>\n<p><span style=\"color: #333333;\">\u00ab\u00a0Quand je cr\u00e9e je me dis : qu&rsquo;est-ce que je peux offrir au monde ? Comment puis-je inspirer, donner la lumi\u00e8re et \u00e9clairer les \u00e2mes ?<\/span><\/p>\n<p><span style=\"color: #333333;\">Faire partie de l&rsquo;aventure Art for Science a du sens. Je le fais pour honorer le courage de Thomas, la pers\u00e9v\u00e9rance et la douceur de M\u00e9lanie, le g\u00e9nie qu&rsquo;est le professeur Duffau. Pour que tous les \u00eatres concern\u00e9s n&rsquo;aient plus peur et croient en la Vie. Que tout est possible.\u00a0\u00bb<\/span><\/p>","protected":false},"excerpt":{"rendered":"<p>Mis sous cadre plexi format du cadre 1m x 1m &#8211; format de l\u2019\u0153uvre 80cm x 80cm by V\u00e9ronique Milioni<\/p>\n<p>Honorer le courage<\/p>\n<p>Honorer la pers\u00e9v\u00e9rance<\/p>\n<p>Honorer la douceur<\/p>\n<p>Honorer le g\u00e9nie<\/p>\n<p>&nbsp;<\/p>","protected":false},"featured_media":1061,"template":"","meta":{"_mi_skip_tracking":false,"_monsterinsights_sitenote_active":false,"_monsterinsights_sitenote_note":"","_monsterinsights_sitenote_category":0,"spay_email":""},"product_cat":[30,42],"product_tag":[27],"_links":{"self":[{"href":"https:\/\/www.artforscience.eu\/en\/wp-json\/wp\/v2\/product\/1060"}],"collection":[{"href":"https:\/\/www.artforscience.eu\/en\/wp-json\/wp\/v2\/product"}],"about":[{"href":"https:\/\/www.artforscience.eu\/en\/wp-json\/wp\/v2\/types\/product"}],"wp:featuredmedia":[{"embeddable":true,"href":"https:\/\/www.artforscience.eu\/en\/wp-json\/wp\/v2\/media\/1061"}],"wp:attachment":[{"href":"https:\/\/www.artforscience.eu\/en\/wp-json\/wp\/v2\/media?parent=1060"}],"wp:term":[{"taxonomy":"product_cat","embeddable":true,"href":"https:\/\/www.artforscience.eu\/en\/wp-json\/wp\/v2\/product_cat?post=1060"},{"taxonomy":"product_tag","embeddable":true,"href":"https:\/\/www.artforscience.eu\/en\/wp-json\/wp\/v2\/product_tag?post=1060"}],"curies":[{"name":"wp","href":"https:\/\/api.w.org\/{rel}","templated":true}]}}