{"id":1099,"date":"2020-01-18T01:45:48","date_gmt":"2020-01-18T01:45:48","guid":{"rendered":"https:\/\/www.artforscience.eu\/?post_type=product&#038;p=1099"},"modified":"2020-03-03T13:44:47","modified_gmt":"2020-03-03T12:44:47","slug":"un-cerveau-refleuri","status":"publish","type":"product","link":"https:\/\/www.artforscience.eu\/en\/voir-les-oeuvres-dart\/scultpure\/un-cerveau-refleuri\/","title":{"rendered":"Cerveau refleuri"},"content":{"rendered":"<p><span class=\"upload-filename\">Vase Sylvie Ruiz Foucher <\/span><\/p>\n<p><span class=\"upload-filename\">Terre Super Manga<\/span><\/p>\n<p><span class=\"upload-filename\">Cuisson Four \u00e0 Bois <\/span><\/p>\n<p><span class=\"upload-filename\">H43cm Larg 20cm Prof 18,5cm<\/span><\/p>\n<p>Qui est Sylvie Ruiz Foucher ?<\/p>\n<p>C\u00e9ramiste et exploitante de Bouquet de Flammes, Sylvie raconte :<\/p>\n<p>\u00ab\u00a0De l&rsquo;\u00e9levage au m\u00e9tier de Soignante en passant par un Professorat de musique et les voyages , c&rsquo;est en 1995 , que je vais me d\u00e9couvrir cette passion pour la terre et le feu , lorsque mon chemin croise celui de Caco .<\/p>\n<p>Mes cr\u00e9ations sont essentiellement des vases et objets d\u00e9coratifs model\u00e9s dans des Terres haute temp\u00e9rature &#8211; Gr\u00e8s noir ou blanc , Porcelaine et terres dites d&rsquo;expression &#8211; cuites dans notre Four \u00e0 Bois ou bien selon des m\u00e9thodes d&rsquo;enfumage style Raku.\u00a0\u00bb<\/p>\n<p>Sylvie, la douceur, la chaleur, le sourire, le regard lumineux, une artiste hors du commun qui nous livre avec Bouquet de Flammes quelques mots personnels de sont aventure avec Art For Science : Cerveau\u2026 Refleurir\u2026 R\u00e9-inventer\u2026 Conscience \u2026Confiance\u2026 Solidaire \u2026Avenir\u2026 Fil d\u2019Ariane\u2026 D\u00e9dales\u2026 Force brut\u2026<\/p>","protected":false},"excerpt":{"rendered":"<p><span class=\"upload-filename\">Vase \u00ab\u00a0Nous savons maintenant que notre cerveau SAIT refleurir\u00a0\u00bb by Sylvie Ruiz Foucher <\/span><\/p>\n<p><span class=\"upload-filename\">Terre Super Manga<\/span><\/p>\n<p><span class=\"upload-filename\">Cuisson Four \u00e0 Bois <\/span><\/p>\n<p><span class=\"upload-filename\">H43cm Larg 20cm Prof 18,5cm<\/span><\/p>\n<p>Sylvie, la douceur, la chaleur, le sourire, le regard lumineux, une artiste hors du commun qui nous livre avec Bouquet de Flammes quelques mots personnels de sont aventure avec Art For Science : Cerveau\u2026 Refleurir\u2026 R\u00e9-inventer\u2026 Conscience \u2026Confiance\u2026 Solidaire \u2026Avenir\u2026 Fil d\u2019Ariane\u2026 D\u00e9dales\u2026 Force brut\u2026<\/p>","protected":false},"featured_media":1100,"template":"","meta":{"_mi_skip_tracking":false,"_monsterinsights_sitenote_active":false,"_monsterinsights_sitenote_note":"","_monsterinsights_sitenote_category":0,"spay_email":""},"product_cat":[33,32,34],"product_tag":[29],"_links":{"self":[{"href":"https:\/\/www.artforscience.eu\/en\/wp-json\/wp\/v2\/product\/1099"}],"collection":[{"href":"https:\/\/www.artforscience.eu\/en\/wp-json\/wp\/v2\/product"}],"about":[{"href":"https:\/\/www.artforscience.eu\/en\/wp-json\/wp\/v2\/types\/product"}],"wp:featuredmedia":[{"embeddable":true,"href":"https:\/\/www.artforscience.eu\/en\/wp-json\/wp\/v2\/media\/1100"}],"wp:attachment":[{"href":"https:\/\/www.artforscience.eu\/en\/wp-json\/wp\/v2\/media?parent=1099"}],"wp:term":[{"taxonomy":"product_cat","embeddable":true,"href":"https:\/\/www.artforscience.eu\/en\/wp-json\/wp\/v2\/product_cat?post=1099"},{"taxonomy":"product_tag","embeddable":true,"href":"https:\/\/www.artforscience.eu\/en\/wp-json\/wp\/v2\/product_tag?post=1099"}],"curies":[{"name":"wp","href":"https:\/\/api.w.org\/{rel}","templated":true}]}}