{"id":1136,"date":"2020-01-18T21:30:52","date_gmt":"2020-01-18T21:30:52","guid":{"rendered":"https:\/\/www.artforscience.eu\/?post_type=product&#038;p=1136"},"modified":"2020-03-03T13:42:56","modified_gmt":"2020-03-03T12:42:56","slug":"connectome","status":"publish","type":"product","link":"https:\/\/www.artforscience.eu\/en\/voir-les-oeuvres-dart\/tableau\/connectome\/","title":{"rendered":"Connectome"},"content":{"rendered":"<p>Connectome by Ruthy Petillantist<br \/>\nToile acrylique 46 cm x 55 cm<\/p>\n<p>Le Connectome de notre cerveau, ce vaste r\u00e9seau d&rsquo;autoroutes interactives est un \u00e9quilibre instable perp\u00e9tuel et dynamique.<br \/>\n\u00ab\u00a0Observer et s&rsquo;adapter\u00a0\u00bb est l&rsquo;enseignement du Pr Hugues Duffau, neurochirurgien artiste et de son directeur de recherche, le Pr Jean-Philippe Hugnot.<br \/>\nNotre cerveau n&rsquo;est pas statique, mais plastique. Quelle belle le\u00e7on : toujours se remettre en question et se d\u00e9passer !<br \/>\nMerci \u00e0 ces hommes de c\u00e9l\u00e9brer non seulement la vie, mais l&rsquo;identit\u00e9 et la pleine conscience du patient.<\/p>\n<p><em>Qui est Ruthy Petillantist ?<\/em><\/p>\n<p>\u00ab\u00a0Je suis artiste peintre p\u00e9tillantiste. Voici un extrait de mon ouvrage <em>\u00ab\u00a0album 41 &#8211; Naissance du p\u00e9tillantisme\u00a0\u00bb, page 72, \u00e9dit\u00e9 en 2014,<\/em> et qui sans le savoir illustre maintenant l&rsquo;oeuvre Connectome :<br \/>\n<em>\u00a0\u00bb [&#8230;] dans certaines de mes oeuvres, l&rsquo;apparition de connexions ou de cellules, donne une intention organique \u00e0 la sph\u00e8re, comme un hymne \u00e0 la vie.\u00a0\u00bb<\/em><br \/>\nMon courant artistique, le p\u00e9tillantisme, c\u00e9l\u00e8bre la vie et le renouveau. Il \u00e9volue, est mobile et se veut \u00e9nergique.\u00a0\u00bb<\/p>","protected":false},"excerpt":{"rendered":"<p>Connectome by Ruthy Petillantist<br \/>\nToile acrylique 46 cm x 55 cm<\/p>\n<p>Le Connectome de notre cerveau, ce vaste r\u00e9seau d&rsquo;autoroutes interactives est un \u00e9quilibre instable perp\u00e9tuel et dynamique.<br \/>\n\u00ab\u00a0Observer et s&rsquo;adapter\u00a0\u00bb est l&rsquo;enseignement du Pr Hugues Duffau, neurochirurgien artiste et de son directeur de recherche, le Pr Jean-Philippe Hugnot.<br \/>\nNotre cerveau n&rsquo;est pas statique, mais plastique. Quelle belle le\u00e7on : toujours se remettre en question et se d\u00e9passer !<br \/>\nMerci \u00e0 ces hommes de c\u00e9l\u00e9brer non seulement la vie, mais l&rsquo;identit\u00e9 et la pleine conscience du patient.<\/p>","protected":false},"featured_media":1137,"template":"","meta":{"_mi_skip_tracking":false,"_monsterinsights_sitenote_active":false,"_monsterinsights_sitenote_note":"","_monsterinsights_sitenote_category":0,"spay_email":""},"product_cat":[41,30],"product_tag":[28],"_links":{"self":[{"href":"https:\/\/www.artforscience.eu\/en\/wp-json\/wp\/v2\/product\/1136"}],"collection":[{"href":"https:\/\/www.artforscience.eu\/en\/wp-json\/wp\/v2\/product"}],"about":[{"href":"https:\/\/www.artforscience.eu\/en\/wp-json\/wp\/v2\/types\/product"}],"wp:featuredmedia":[{"embeddable":true,"href":"https:\/\/www.artforscience.eu\/en\/wp-json\/wp\/v2\/media\/1137"}],"wp:attachment":[{"href":"https:\/\/www.artforscience.eu\/en\/wp-json\/wp\/v2\/media?parent=1136"}],"wp:term":[{"taxonomy":"product_cat","embeddable":true,"href":"https:\/\/www.artforscience.eu\/en\/wp-json\/wp\/v2\/product_cat?post=1136"},{"taxonomy":"product_tag","embeddable":true,"href":"https:\/\/www.artforscience.eu\/en\/wp-json\/wp\/v2\/product_tag?post=1136"}],"curies":[{"name":"wp","href":"https:\/\/api.w.org\/{rel}","templated":true}]}}