{"id":1268,"date":"2020-01-20T08:31:36","date_gmt":"2020-01-20T07:31:36","guid":{"rendered":"https:\/\/www.artforscience.eu\/?post_type=product&#038;p=1268"},"modified":"2020-03-03T15:58:38","modified_gmt":"2020-03-03T14:58:38","slug":"le-respect-de-letiquette","status":"publish","type":"product","link":"https:\/\/www.artforscience.eu\/en\/voir-les-oeuvres-dart\/tableau\/le-respect-de-letiquette\/","title":{"rendered":"Le respect de l\u2019\u00e9tiquette"},"content":{"rendered":"<p>Le respect de l\u2019\u00e9tiquette by Aur\u00e9lie Salvaing<\/p>\n<p>80 x 80 cm<\/p>\n<p>Pour le\u00a0 jeu de mot facile\u00a0 et \u2026pour\u00a0 les \u00e9tiquettes plac\u00e9es lors de l\u2019op\u00e9ration afin de pr\u00e9server certaines zones<\/p>\n<p>Pour les r\u00e9seaux comme autant de connexions c\u00e9r\u00e9brales possibles, imaginables.<\/p>\n<p>Pour la musique, la danse, l\u2019art,\u00a0 la paternit\u00e9 et \u00a0les\u00a0 combats \u00e0 mener. Pour la joie de continuer\u00a0;\u00a0 pour le refus de ce qui est \u00e9crit, d\u00e9finitif, sans appel.<\/p>\n<p><em>Qui est l&rsquo;artiste Aur\u00e9lie Salvaing ?<\/em><\/p>\n<p>N\u00e9e en France, en 1971 , Aur\u00e9lie Salvaing est une artiste peintre enti\u00e8rement autodidacte.<\/p>\n<p>Elle travaille\u00a0 la figuration, et plus particuli\u00e8rement le portrait. Les supports alternent et se m\u00e9langent avec une constante cependant : l\u2019utilisation syst\u00e9matique du papier !<\/p>\n<p>Les visages et les corps sont trac\u00e9s ou construits sur ou par des \u00e9crits emprunt\u00e9s \u00e0 quelques livres anciens, des photos, des illustr\u00e9s. L\u2019\u00e9nigme des mots se m\u00eale alors \u00e0 la subtilit\u00e9 des traits et des couleurs et offre ainsi un regard singulier.<\/p>","protected":false},"excerpt":{"rendered":"<p>Le respect de l\u2019\u00e9tiquette by Aur\u00e9lie Salvaing<\/p>\n<p>80 x 80 cm<\/p>\n<p>Pour le\u00a0 jeu de mot facile\u00a0 et \u2026pour\u00a0 les \u00e9tiquettes plac\u00e9es lors de l\u2019op\u00e9ration afin de pr\u00e9server certaines zones<\/p>\n<p>Pour les r\u00e9seaux comme autant de connexions c\u00e9r\u00e9brales possibles, imaginables.<\/p>\n<p>Pour la musique, la danse, l\u2019art,\u00a0 la paternit\u00e9 et \u00a0les\u00a0 combats \u00e0 mener. Pour la joie de continuer\u00a0;\u00a0 pour le refus de ce qui est \u00e9crit, d\u00e9finitif, sans appel.<\/p>","protected":false},"featured_media":1269,"template":"","meta":{"_mi_skip_tracking":false,"_monsterinsights_sitenote_active":false,"_monsterinsights_sitenote_note":"","_monsterinsights_sitenote_category":0,"spay_email":""},"product_cat":[39,30],"product_tag":[],"_links":{"self":[{"href":"https:\/\/www.artforscience.eu\/en\/wp-json\/wp\/v2\/product\/1268"}],"collection":[{"href":"https:\/\/www.artforscience.eu\/en\/wp-json\/wp\/v2\/product"}],"about":[{"href":"https:\/\/www.artforscience.eu\/en\/wp-json\/wp\/v2\/types\/product"}],"wp:featuredmedia":[{"embeddable":true,"href":"https:\/\/www.artforscience.eu\/en\/wp-json\/wp\/v2\/media\/1269"}],"wp:attachment":[{"href":"https:\/\/www.artforscience.eu\/en\/wp-json\/wp\/v2\/media?parent=1268"}],"wp:term":[{"taxonomy":"product_cat","embeddable":true,"href":"https:\/\/www.artforscience.eu\/en\/wp-json\/wp\/v2\/product_cat?post=1268"},{"taxonomy":"product_tag","embeddable":true,"href":"https:\/\/www.artforscience.eu\/en\/wp-json\/wp\/v2\/product_tag?post=1268"}],"curies":[{"name":"wp","href":"https:\/\/api.w.org\/{rel}","templated":true}]}}