{"id":1284,"date":"2020-01-20T09:26:10","date_gmt":"2020-01-20T09:26:10","guid":{"rendered":"https:\/\/www.artforscience.eu\/?post_type=product&#038;p=1284"},"modified":"2020-03-03T13:34:43","modified_gmt":"2020-03-03T12:34:43","slug":"main-aux-1000-cerveaux","status":"publish","type":"product","link":"https:\/\/www.artforscience.eu\/en\/voir-les-oeuvres-dart\/tableau\/main-aux-1000-cerveaux\/","title":{"rendered":"Main aux 1000 cerveaux"},"content":{"rendered":"<p>Main aux 1000 cerveaux by Art For Science<\/p>\n<p>38 cm x 61 cm<\/p>\n<p>Signature g\u00e9ante du Professeur et neurochirurgien Hugues Duffau le 11 janvier 2020 \u00e0 Carnon lors de la rencontre Neuro-artistes d&rsquo;Art For Science.<\/p>\n<p>Cr\u00e9ateur de l&rsquo;op\u00e9ration \u00e0 ciel ouvert* pour amputer une partie du cerveau de ces patients afin de les sauver ou de tripler leur esp\u00e9rance de vie, cet homme a op\u00e9r\u00e9 plus de 1000 personnes, a vu et touch\u00e9 plus de mille vies, plus de mille cerveaux. Sa r\u00e9flexion, plus une philosophie qu&rsquo;une technique op\u00e9ratoire, est r\u00e9compens\u00e9e \u00e0 travers le monde pour avoir r\u00e9volutionn\u00e9e les neurosciences.<\/p>\n<p>Aujourd&rsquo;hui, c&rsquo;est cette toile qu&rsquo;il a touch\u00e9 pour Art For Science.<\/p>\n<p><em>Prix du jeune neurochirurgien par la Soci\u00e9t\u00e9 des f\u00e9d\u00e9rations mondiales de neurologie (2001)<\/em><\/p>\n<p><em>Victoire de la m\u00e9decine (2009, 2010)<\/em><\/p>\n<p><em>M\u00e9daille\u00a0<a title=\"Herbert Olivecrona (page inexistante)\" href=\"https:\/\/fr.wikipedia.org\/w\/index.php?title=Herbert_Olivecrona&amp;action=edit&amp;redlink=1\">Herbert Olivecrona<\/a>, d\u00e9cern\u00e9e par l\u2019<a title=\"Institut Karolinska\" href=\"https:\/\/fr.wikipedia.org\/wiki\/Institut_Karolinska\">institut Karolinska<\/a>, de\u00a0<a title=\"Stockholm\" href=\"https:\/\/fr.wikipedia.org\/wiki\/Stockholm\">Stockholm<\/a>\u00a0(2010)<\/em><\/p>\n<p><em>Grand Prix de Canc\u00e9rologie de l\u2019<a title=\"Acad\u00e9mie nationale de chirurgie\" href=\"https:\/\/fr.wikipedia.org\/wiki\/Acad%C3%A9mie_nationale_de_chirurgie\">Acad\u00e9mie nationale de chirurgie<\/a>\u00a0(2012)<\/em><\/p>\n<p><em>Docteur Honoris Causa de l\u2019<a title=\"Universit\u00e9 catholique de Louvain (depuis 1968)\" href=\"https:\/\/fr.wikipedia.org\/wiki\/Universit%C3%A9_catholique_de_Louvain_(depuis_1968)\">Universit\u00e9 catholique de Louvain<\/a>\u00a0(2013)<\/em><\/p>\n<p><em>Docteur Honoris Causa de l\u2019<a title=\"Universit\u00e9 de Messine\" href=\"https:\/\/fr.wikipedia.org\/wiki\/Universit%C3%A9_de_Messine\">Universit\u00e9 de Messine<\/a>\u00a0(2013)<\/em><\/p>\n<p><em>Lecteur Van Wagenen de l\u2019<a title=\"Association am\u00e9ricaine de chirurgie neurologique (page inexistante)\" href=\"https:\/\/fr.wikipedia.org\/w\/index.php?title=Association_am%C3%A9ricaine_de_chirurgie_neurologique&amp;action=edit&amp;redlink=1\">Association am\u00e9ricaine de chirurgie neurologique<\/a>\u00a0(2013)<\/em><\/p>\n<p><em>Docteur Honoris Causa de l\u2019<a title=\"Universit\u00e9 ib\u00e9ro-am\u00e9ricaine\" href=\"https:\/\/fr.wikipedia.org\/wiki\/Universit%C3%A9_ib%C3%A9ro-am%C3%A9ricaine\">Universit\u00e9 ib\u00e9ro-am\u00e9ricaine<\/a>\u00a0(2013)<\/em><\/p>\n<p>&nbsp;<\/p>\n<p><em>* \u00e0 ciel ouvert = avec les patients \u00e9veill\u00e9s pendant l&rsquo;op\u00e9ration<\/em><\/p>","protected":false},"excerpt":{"rendered":"<p>Main aux 1000 cerveaux by Art For Science<\/p>\n<p>Signature g\u00e9ante du Professeur et neurochirurgien Hugues Duffau le 11 janvier 2020 \u00e0 Carnon lors de la rencontre Neuro-artistes d&rsquo;Art For Science.<\/p>\n<p>38 cm x 61 cm<\/p>\n<p>Cr\u00e9ateur de l&rsquo;op\u00e9ration \u00e0 ciel ouvert pour amputer une partie du cerveau de ces patients pour leur tripler leur esp\u00e9rance de vie, cet homme a op\u00e9r\u00e9 plus de 1000 personnes, a vu et touch\u00e9 plus de mille vies, plus de mille cerveaux. Sa r\u00e9flexion, plus une philosophie qu&rsquo;une technique op\u00e9ratoire, est r\u00e9compens\u00e9e \u00e0 travers le monde pour avoir r\u00e9volutionn\u00e9e les neurosciences.<\/p>","protected":false},"featured_media":1285,"template":"","meta":{"_mi_skip_tracking":false,"_monsterinsights_sitenote_active":false,"_monsterinsights_sitenote_note":"","_monsterinsights_sitenote_category":0,"spay_email":""},"product_cat":[47,30],"product_tag":[28],"_links":{"self":[{"href":"https:\/\/www.artforscience.eu\/en\/wp-json\/wp\/v2\/product\/1284"}],"collection":[{"href":"https:\/\/www.artforscience.eu\/en\/wp-json\/wp\/v2\/product"}],"about":[{"href":"https:\/\/www.artforscience.eu\/en\/wp-json\/wp\/v2\/types\/product"}],"wp:featuredmedia":[{"embeddable":true,"href":"https:\/\/www.artforscience.eu\/en\/wp-json\/wp\/v2\/media\/1285"}],"wp:attachment":[{"href":"https:\/\/www.artforscience.eu\/en\/wp-json\/wp\/v2\/media?parent=1284"}],"wp:term":[{"taxonomy":"product_cat","embeddable":true,"href":"https:\/\/www.artforscience.eu\/en\/wp-json\/wp\/v2\/product_cat?post=1284"},{"taxonomy":"product_tag","embeddable":true,"href":"https:\/\/www.artforscience.eu\/en\/wp-json\/wp\/v2\/product_tag?post=1284"}],"curies":[{"name":"wp","href":"https:\/\/api.w.org\/{rel}","templated":true}]}}