{"id":1327,"date":"2020-01-20T17:19:13","date_gmt":"2020-01-20T16:19:13","guid":{"rendered":"https:\/\/www.artforscience.eu\/?post_type=product&#038;p=1327"},"modified":"2021-09-14T10:01:00","modified_gmt":"2021-09-14T09:01:00","slug":"le-tout-nouveau","status":"publish","type":"product","link":"https:\/\/www.artforscience.eu\/en\/voir-les-oeuvres-dart\/tableau\/le-tout-nouveau\/","title":{"rendered":"Le tout nouveau"},"content":{"rendered":"<p>Le Tout Nouveau by Prise de Recul<\/p>\n<p>50 cm x 61 cm<\/p>\n<p>Changement de p\u00e9rim\u00e8tre, la vie vous bouscule, vous chahute, rebond d&rsquo;apr\u00e8s coup.<\/p>\n<p>La volont\u00e9 triomphe toujours des obstacles.<\/p>\n<p>La lib\u00e9ration, une nouvelle vision de soi apporte une nouvelle vision du sens.<\/p>\n<p>Ce et ceux qui nous entourent sont alors nouvellement vues&#8230;<\/p>\n<p>Tout est possible.<\/p>\n<p>&nbsp;<\/p>\n<p><em>Qui est l&rsquo;artiste Prise de Recul ?<\/em><\/p>\n<p>Artiste anonyme, qui peint avec des traits d&rsquo;\u00e9nergies positifs. But : la transmission de forces.<\/p>","protected":false},"excerpt":{"rendered":"<p>Le Tout Nouveau by Prise de Recul<\/p>\n<p>50 cm x 61 cm<\/p>\n<p>Changement de p\u00e9rim\u00e8tre, la vie vous bouscule, vous chahute, rebond d&rsquo;apr\u00e8s coup.<\/p>\n<p>La volont\u00e9 triomphe toujours des obstacles.<\/p>\n<p>La lib\u00e9ration, une nouvelle vision de soi apporte une nouvelle vision du sens.<\/p>\n<p>Ce et ceux qui nous entourent sont alors nouvellement vues&#8230;<\/p>\n<p>Tout est possible.<\/p>","protected":false},"featured_media":1328,"template":"","meta":{"_mi_skip_tracking":false,"_monsterinsights_sitenote_active":false,"_monsterinsights_sitenote_note":"","_monsterinsights_sitenote_category":0,"spay_email":""},"product_cat":[40,30],"product_tag":[28],"_links":{"self":[{"href":"https:\/\/www.artforscience.eu\/en\/wp-json\/wp\/v2\/product\/1327"}],"collection":[{"href":"https:\/\/www.artforscience.eu\/en\/wp-json\/wp\/v2\/product"}],"about":[{"href":"https:\/\/www.artforscience.eu\/en\/wp-json\/wp\/v2\/types\/product"}],"wp:featuredmedia":[{"embeddable":true,"href":"https:\/\/www.artforscience.eu\/en\/wp-json\/wp\/v2\/media\/1328"}],"wp:attachment":[{"href":"https:\/\/www.artforscience.eu\/en\/wp-json\/wp\/v2\/media?parent=1327"}],"wp:term":[{"taxonomy":"product_cat","embeddable":true,"href":"https:\/\/www.artforscience.eu\/en\/wp-json\/wp\/v2\/product_cat?post=1327"},{"taxonomy":"product_tag","embeddable":true,"href":"https:\/\/www.artforscience.eu\/en\/wp-json\/wp\/v2\/product_tag?post=1327"}],"curies":[{"name":"wp","href":"https:\/\/api.w.org\/{rel}","templated":true}]}}