{"id":1342,"date":"2020-01-20T22:42:57","date_gmt":"2020-01-20T21:42:57","guid":{"rendered":"https:\/\/www.artforscience.eu\/?post_type=product&#038;p=1342"},"modified":"2020-03-03T13:33:03","modified_gmt":"2020-03-03T12:33:03","slug":"les-traces-dune-equipe-neuroscientifique","status":"publish","type":"product","link":"https:\/\/www.artforscience.eu\/en\/voir-les-oeuvres-dart\/tableau\/les-traces-dune-equipe-neuroscientifique\/","title":{"rendered":"Les traces d&rsquo;une \u00e9quipe neuroscientifique"},"content":{"rendered":"<p>Les traces d&rsquo;une \u00e9quipe neuroscientifique by Art For Science<\/p>\n<p>Signature g\u00e9ante du Professeur et neurochirurgien Hugues Duffau le 11 janvier 2020 \u00e0 Carnon lors de la rencontre Neuro-artistes d\u2019Art For Science.<\/p>\n<p>Signature g\u00e9ante du Professeur Jean-Philippe Hugnot<\/p>\n<p><em>Qui est le Professeur Hugues Duffau ?<\/em><\/p>\n<p>Cr\u00e9ateur de l\u2019op\u00e9ration \u00e0 ciel ouvert* pour amputer une partie du cerveau de ces patients afin de les sauver ou de tripler leur esp\u00e9rance de vie, cet homme a op\u00e9r\u00e9 plus de 1000 personnes, a vu et touch\u00e9 plus de mille vies, plus de mille cerveaux. Sa r\u00e9flexion, plus une philosophie qu\u2019une technique op\u00e9ratoire, est r\u00e9compens\u00e9e \u00e0 travers le monde pour avoir r\u00e9volutionn\u00e9e les neurosciences.<\/p>\n<p>Aujourd\u2019hui, c\u2019est cette toile qu\u2019il a touch\u00e9 pour Art For Science.<\/p>\n<p><em>Prix du jeune neurochirurgien par la Soci\u00e9t\u00e9 des f\u00e9d\u00e9rations mondiales de neurologie (2001)<\/em><\/p>\n<p><em>Victoire de la m\u00e9decine (2009, 2010)<\/em><\/p>\n<p><em>M\u00e9daille\u00a0<a title=\"Herbert Olivecrona (page inexistante)\" href=\"https:\/\/fr.wikipedia.org\/w\/index.php?title=Herbert_Olivecrona&amp;action=edit&amp;redlink=1\">Herbert Olivecrona<\/a>, d\u00e9cern\u00e9e par l\u2019<a title=\"Institut Karolinska\" href=\"https:\/\/fr.wikipedia.org\/wiki\/Institut_Karolinska\">institut Karolinska<\/a>, de\u00a0<a title=\"Stockholm\" href=\"https:\/\/fr.wikipedia.org\/wiki\/Stockholm\">Stockholm<\/a>\u00a0(2010)<\/em><\/p>\n<p><em>Grand Prix de Canc\u00e9rologie de l\u2019<a title=\"Acad\u00e9mie nationale de chirurgie\" href=\"https:\/\/fr.wikipedia.org\/wiki\/Acad%C3%A9mie_nationale_de_chirurgie\">Acad\u00e9mie nationale de chirurgie<\/a>\u00a0(2012)<\/em><\/p>\n<p><em>Docteur Honoris Causa de l\u2019<a title=\"Universit\u00e9 catholique de Louvain (depuis 1968)\" href=\"https:\/\/fr.wikipedia.org\/wiki\/Universit%C3%A9_catholique_de_Louvain_(depuis_1968)\">Universit\u00e9 catholique de Louvain<\/a>\u00a0(2013)<\/em><\/p>\n<p><em>Docteur Honoris Causa de l\u2019<a title=\"Universit\u00e9 de Messine\" href=\"https:\/\/fr.wikipedia.org\/wiki\/Universit%C3%A9_de_Messine\">Universit\u00e9 de Messine<\/a>\u00a0(2013)<\/em><\/p>\n<p><em>Lecteur Van Wagenen de l\u2019<a title=\"Association am\u00e9ricaine de chirurgie neurologique (page inexistante)\" href=\"https:\/\/fr.wikipedia.org\/w\/index.php?title=Association_am%C3%A9ricaine_de_chirurgie_neurologique&amp;action=edit&amp;redlink=1\">Association am\u00e9ricaine de chirurgie neurologique<\/a>\u00a0(2013)<\/em><\/p>\n<p><em>Docteur Honoris Causa de l\u2019<a title=\"Universit\u00e9 ib\u00e9ro-am\u00e9ricaine\" href=\"https:\/\/fr.wikipedia.org\/wiki\/Universit%C3%A9_ib%C3%A9ro-am%C3%A9ricaine\">Universit\u00e9 ib\u00e9ro-am\u00e9ricaine<\/a>\u00a0(2013)<\/em><\/p>\n<p>&nbsp;<\/p>\n<p><em>* \u00e0 ciel ouvert = avec les patients \u00e9veill\u00e9s pendant l\u2019op\u00e9ration<\/em><\/p>\n<p>&nbsp;<\/p>\n<p><em>Qui est le Professeur Jean-Philippe Hugnot ?<\/em><\/p>\n<p><span class=\"notranslate\">Neurobiologiste cellulaire, responsable du groupe de cellules souches neurales de l&rsquo;\u00e9quipe \u00abplasticit\u00e9 c\u00e9r\u00e9brale, cellules souches et gliomes\u00bb (Pr H Duffau)<\/span><\/p>\n<p><span class=\"notranslate\"> Ma\u00eetre de Conf\u00e9rences en Neurosciences et Biologie Cellulaire \u00e0 l&rsquo;Universit\u00e9 de Montpellier 2<\/span><\/p>\n<p><span class=\"notranslate\"> <strong>\u00c9ducation<\/strong><\/span> <em>\u00a0<\/em><\/p>\n<p><span class=\"notranslate\"> 1988: Magist\u00e8re de Biologie, Universit\u00e9 Paris 7, ENS.<\/span><\/p>\n<p><span class=\"notranslate\"> 1989: Master de Virologie, Institut Pasteur, Paris<\/span><\/p>\n<p><span class=\"notranslate\"> 1993: PhD, H\u00f4pital Cochin (Dr A Kahn), Paris<\/span><\/p>\n<p><span class=\"notranslate\"> 2007: HDR (habilitation pour mener des recherches),<\/span><\/p>\n<p><span class=\"notranslate\"> 1993-97: Post doc \u00e0 l&rsquo;IPMC, CNRS, Sophia Antipolis, Nice, France (Pr M Lazdunski)<\/span><\/p>\n<p><span class=\"notranslate\"> 1998-00: Post doc \u00e0 l&rsquo;Institute of Psychiatry, Londres, (Pr J Price)<\/span><\/p>\n<p><span class=\"notranslate\"> 2000-2013 Chercheur principal ind\u00e9pendant et leader du \u00abNeural stem Group\u00bb (5-7 personnes)<\/span><\/p>\n<p><span class=\"notranslate\"> <strong>Honneurs et r\u00e9compenses<\/strong><\/span><\/p>\n<p><span class=\"notranslate\"> <strong><em>Bourses internationales<\/em><\/strong> <strong>:<\/strong> bourse EMBO, 2 ans<\/span><\/p>\n<p><span class=\"notranslate\"> <strong><em>Prix \u200b\u200bd&rsquo;\u00e9quipe et bourses principales<\/em><\/strong> <strong>:<\/strong> jeune chercheur FRM (2000);<\/span> <span class=\"notranslate\"> ARC (2001, 2010), AFM (2003, 2010, 2013), European Strep (2007) GEFLUC (2010) ANOCEF (2010) IEF Marie Curie (2012), IRP (2012)<\/span><\/p>\n<p><span class=\"notranslate\"> Contrat d&rsquo;interface INSERM obtenu en 2009<\/span><\/p>\n<p><span class=\"notranslate\"> Prime d&rsquo;excellence scientifique PES (2010-14)<\/span><\/p>\n<p><span class=\"notranslate\"> <strong>Bibliom\u00e9trie<\/strong><\/span><\/p>\n<p><span class=\"notranslate\"> <strong>44<\/strong> publications dont 11 comme 1 <sup>er<\/sup> auteur (EMBO, PNAS, Genomics), <strong>10<\/strong> comme dernier auteur (Stem Cells, Journal of Biological Chemistry, Molecular Cell Neurosciences, BMC Neurosciences, Glia).<\/span><\/p>\n<p><span class=\"notranslate\"> <strong>Les brevets<\/strong><\/span><\/p>\n<p><span class=\"notranslate\"> <strong>1<\/strong> -Proc\u00e9d\u00e9 de production de neurones \u00e0 partir de cellules d&rsquo;une lign\u00e9e cellulaire humaine (Inventeurs: S Marchal, JP Hugnot, A Privat).<\/span><\/p>\n<p><span class=\"notranslate\"> D\u00e9livrance n \u00b0 05\/41 du 14-10-2005 INPI brevet d&rsquo;invention no 03 10382<\/span><\/p>\n<p><span class=\"notranslate\"> <strong>2<\/strong> inhibiteurs de -NKX2.2 comme m\u00e9dicaments pour le gliome (juillet 2010; brevet europ\u00e9en 10305805.3, <strong>Hugnot JP, inventeur principal<\/strong> ), extension PCT en instance<\/span><\/p>\n<p><span class=\"notranslate\"> <strong>3-<\/strong> Prot\u00e9ines Ngn2 et leur utilisation comme m\u00e9dicaments pour le gliome (juillet 2010; brevet europ\u00e9en 10305804.6, <strong>inventeur principal de Hugnot JP<\/strong> ), extension PCT en instance<\/span><\/p>\n<p><span class=\"notranslate\"> <strong>4-<\/strong> proc\u00e9d\u00e9s d&rsquo;\u00e9tablissement et d&rsquo;utilisation d&rsquo;une classification mol\u00e9culaire des gliomes de grade interm\u00e9diaire valid\u00e9e par la survie <strong>(brevet europ\u00e9en, Hugnot, co-inventeur)<\/strong><\/span><\/p>\n<p><span class=\"notranslate\"> <strong>Chapitres de livre<\/strong><\/span><\/p>\n<p><span class=\"notranslate\"> <strong>1<\/strong> -JP <strong>Hugnot<\/strong> , la niche des cellules souches de la moelle \u00e9pini\u00e8re, dans \u00abNeural stem cells and therapy\u00bb, \u00e9dit\u00e9 par Tao Sun, Intech 71-92, 2010<\/span><\/p>\n<p><span class=\"notranslate\"> <strong>2<\/strong> _Z Hassani, JP <strong>Hugnot<\/strong> : \u00ab\u00a0D\u00e9chiffrer les bases mol\u00e9culaires et cellulaires pour la diss\u00e9mination des gliomes diffus de bas grade\u00a0\u00bb dans Diffus Low-Grade Gliomas in Adults, \u00e9dit\u00e9 par H Duffau, Springer, 2013<\/span><\/p>\n<p><span class=\"notranslate\"> <strong>3<\/strong> -PO Guichet, JP <strong>Hugnot<\/strong> , \u00ab\u00a0Cellular Origin of Grade II Gliomas\u00a0\u00bb in Diffuse Low-Grade Gliomas in Adults, \u00e9dit\u00e9 par H Duffau, Springer, 2013<\/span><\/p>\n<p><span class=\"notranslate\"> <strong>4<\/strong> -JP <strong>Hugnot<\/strong> ;<\/span> <span class=\"notranslate\"> Isolement et culture de cellules souches de la moelle \u00e9pini\u00e8re, dans \u00abNeural stem culture\u00bb \u00e9dit\u00e9 par Reynolds et Deleyrolle, Springer 2013, sous presse<\/span><\/p>\n<p><span class=\"notranslate\"> 5- L Bauchet, JP <strong>Hugnot<\/strong> , culture de cellules souches de la moelle \u00e9pini\u00e8re humaine dans \u00abNeural stem culture\u00bb \u00e9dit\u00e9 par Reynolds et Deleyrolle, Springer 2013 sous presse<\/span><\/p>\n<h6 class=\"title3\"><em><span class=\"notranslate\"> R\u00e9sum\u00e9 scientifique<\/span><\/em><\/h6>\n<p><span class=\"notranslate\"> \u00ab\u00a0Apr\u00e8s avoir termin\u00e9 ma th\u00e8se sur le g\u00e8ne de la dystrophie de Duchenne (DMD) dans le laboratoire du Dr A Kahn \u00e0 l&rsquo;h\u00f4pital Cochin \u00e0 Paris, j&rsquo;ai rejoint le laboratoire de Michel Lazdunski \u00e0 Sophia Antipolis en tant que post-doc pour travailler sur les canaux K +.<\/span> <span class=\"notranslate\"> Dans ce laboratoire, j&rsquo;ai clon\u00e9 une nouvelle famille de canaux K + voltage-d\u00e9pendants qui doivent s&rsquo;associer \u00e0 d&rsquo;autres sous-unit\u00e9s pour g\u00e9n\u00e9rer des canaux enti\u00e8rement fonctionnels (Hugnot, EMBO, 1996).<\/span> <span class=\"notranslate\"> J&rsquo;ai \u00e9galement contribu\u00e9 au clonage de plusieurs membres des canaux K + \u00e0 rectification entrante (Lesage, FEBS Letter, 1994).<\/span><\/p>\n<p><span class=\"notranslate\"> J&rsquo;ai ensuite redirig\u00e9 mon sujet de recherche vers le domaine des cellules souches neurales en rejoignant le laboratoire du Dr J Sinden et du Dr J Price \u00e0 l&rsquo;institut de psychiatrie (IoP) \u00e0 Londres, puis le laboratoire du Dr A Privat \u00e0 Montpellier.<\/span> <span class=\"notranslate\"> Dans ces laboratoires, je me suis concentr\u00e9 sur le contr\u00f4le de l&rsquo;auto-renouvellement et de la diff\u00e9renciation des cellules souches neurales, en particulier dans la moelle \u00e9pini\u00e8re adulte.<\/span> <span class=\"notranslate\"> Mon int\u00e9r\u00eat principal \u00e9tait le r\u00f4le des signaux extracellulaires (cytokines) et des facteurs de transcription dans le contr\u00f4le du processus de diff\u00e9renciation (Deleyrolle L, Stem cells, 2006, Dromard, Stem Cells, 2007).<\/span> <span class=\"notranslate\"> J&rsquo;ai fourni une description d\u00e9taill\u00e9e de la niche des cellules souches neurales situ\u00e9e autour du canal central de la moelle \u00e9pini\u00e8re (Sabourin, Stem Cells, 2009) et en collaboration avec l&rsquo;h\u00f4pital de Montpellier (Dr L Bauchet), nous avons montr\u00e9 pour la premi\u00e8re fois la pr\u00e9sence des cellules souches neurales dans la moelle \u00e9pini\u00e8re humaine adulte (Dromard, JNR, 2008).<\/span> <span class=\"notranslate\"> Dans la moelle \u00e9pini\u00e8re, la niche est \u00e0 l&rsquo;\u00e9tat dormant mais peut \u00eatre r\u00e9activ\u00e9e par des l\u00e9sions.<\/span> <span class=\"notranslate\"> Un projet en cours vise \u00e0 d\u00e9chiffrer les m\u00e9canismes mol\u00e9culaires sous-jacents \u00e0 l&rsquo;\u00e9quilibre entre la dormance et l&rsquo;activation de la niche.<\/span><\/p>\n<p><span class=\"notranslate\"> Plus r\u00e9cemment, je me suis associ\u00e9 au Pr H Duffau, neurochirurgien, et au Pr N Bakalara, biochimiste, pour cr\u00e9er une nouvelle \u00e9quipe d\u00e9di\u00e9e aux gliomes, le type de tumeurs c\u00e9r\u00e9brales le plus fr\u00e9quent.<\/span> <span class=\"notranslate\"> Les gliomes de haut grade contiennent une sous-population de cellules souches canc\u00e9reuses qui seraient responsables de la r\u00e9cidive tumorale apr\u00e8s traitement.<\/span> <span class=\"notranslate\"> Nous avons montr\u00e9 que ces cellules perdent leur potentiel tumorig\u00e8ne et peuvent \u00eatre diff\u00e9renci\u00e9es dans les neurones \u00e9lectrophysiologiquement actifs par l&rsquo;expression d&rsquo;un seul g\u00e8ne neurog\u00e8ne (Ngn2) (Guichet, Glia, 2013 + brevet).<\/span> <span class=\"notranslate\"> Plus r\u00e9cemment, nous avons constat\u00e9 que l&rsquo;activation de la voie Notch dans ces cellules stimulait consid\u00e9rablement le processus tumoral angiog\u00e9nique (Guichet, Stem Cells, 2013, en r\u00e9vision).<\/span> <span class=\"notranslate\"> Une grande partie de mon projet est d\u00e9sormais consacr\u00e9e aux gliomes de bas grade (grade II WHO).<\/span> <span class=\"notranslate\"> Nous avons identifi\u00e9 une signature de 22 g\u00e8nes qui permet une meilleure pr\u00e9diction de la survie des patients par rapport \u00e0 la classification OMS des gliomes de grade II \/ III (Reme, Plos One, 2013).<\/span> <span class=\"notranslate\"> Nous d\u00e9veloppons actuellement des mod\u00e8les in vitro de gliomes de bas grade utilisant la r\u00e9section du patient afin de mettre en place des strat\u00e9gies th\u00e9rapeutiques innovantes.\u00a0\u00bb<\/span><\/p>","protected":false},"excerpt":{"rendered":"<p>Les traces d&rsquo;une \u00e9quipe neuroscientifique by Art For Science<\/p>\n<p>Signature g\u00e9ante du Professeur et neurochirurgien Hugues Duffau le 11 janvier 2020 \u00e0 Carnon lors de la rencontre Neuro-artistes d\u2019Art For Science.<\/p>\n<p>Signature g\u00e9ante du Professeur Jean-Philippe Hugnot<\/p>\n<p>2 stars des neurosciences vous diront certains !<\/p>","protected":false},"featured_media":1343,"template":"","meta":{"_mi_skip_tracking":false,"_monsterinsights_sitenote_active":false,"_monsterinsights_sitenote_note":"","_monsterinsights_sitenote_category":0,"spay_email":""},"product_cat":[47,30],"product_tag":[],"_links":{"self":[{"href":"https:\/\/www.artforscience.eu\/en\/wp-json\/wp\/v2\/product\/1342"}],"collection":[{"href":"https:\/\/www.artforscience.eu\/en\/wp-json\/wp\/v2\/product"}],"about":[{"href":"https:\/\/www.artforscience.eu\/en\/wp-json\/wp\/v2\/types\/product"}],"wp:featuredmedia":[{"embeddable":true,"href":"https:\/\/www.artforscience.eu\/en\/wp-json\/wp\/v2\/media\/1343"}],"wp:attachment":[{"href":"https:\/\/www.artforscience.eu\/en\/wp-json\/wp\/v2\/media?parent=1342"}],"wp:term":[{"taxonomy":"product_cat","embeddable":true,"href":"https:\/\/www.artforscience.eu\/en\/wp-json\/wp\/v2\/product_cat?post=1342"},{"taxonomy":"product_tag","embeddable":true,"href":"https:\/\/www.artforscience.eu\/en\/wp-json\/wp\/v2\/product_tag?post=1342"}],"curies":[{"name":"wp","href":"https:\/\/api.w.org\/{rel}","templated":true}]}}