{"id":1351,"date":"2020-01-20T23:05:27","date_gmt":"2020-01-20T22:05:27","guid":{"rendered":"https:\/\/www.artforscience.eu\/?post_type=product&#038;p=1351"},"modified":"2020-03-03T13:26:02","modified_gmt":"2020-03-03T12:26:02","slug":"genesis-12cs-incipit-illuminatio","status":"publish","type":"product","link":"https:\/\/www.artforscience.eu\/en\/voir-les-oeuvres-dart\/tableau\/genesis-12cs-incipit-illuminatio\/","title":{"rendered":"GENESIS 12CS (incipit illuminatio)"},"content":{"rendered":"<p>GENESIS 12CS (incipit illuminatio) by Caroline Vaglio<\/p>\n<p>60 x 80 cm (12 cadres de 20 x 20 cm )<\/p>\n<p>Au commencement de l&rsquo;\u00e9veil &#8211; exploration des 12 segments de conscience de la Vie.<\/p>\n<p><em>Qui est l&rsquo;artiste Caroline Vaglio ?<\/em><\/p>\n<div>\n<p>\u00ab\u00a0Passionn\u00e9e par la couleur\u00a0depuis ma plus tendre enfance \u00a0\u00bb<\/p>\n<div>De l&rsquo;addition de ses m\u00e9tiers dans les cosm\u00e9tiques et la communication, Caroline est attir\u00e9e par l&rsquo;esth\u00e9tique et le beau, la couleur et le f\u00e9minin. Parcourant le monde, elle s&rsquo;enrichit de ses voyages au contact des diff\u00e9rentes cultures. C&rsquo;est ainsi qu&rsquo;elle manie les teintes profondes pour rendre sa peinture vivante et empreinte d&rsquo;une spiritualit\u00e9 certaine.<\/div>\n<div>La peinture de Caroline est une inspiration divine, une invitation au retour sur soi, \u00e0 la connexion int\u00e9rieure. Bas\u00e9 sur les principes du Vedic Art, son style abstrait nous fait voyager et fonctionne comme un miroir de l&rsquo;\u00e2me. Dynamique et envo\u00fbtante, sa technique allie la force du pigment et la superposition pour r\u00e9v\u00e9ler \u00e0 l&rsquo;observateur une vision du monde, des sc\u00e8nes qui s&rsquo;animent au fur et \u00e0 mesure que l&rsquo;on reste \u00e0 observer l\u2019\u0153uvre, l&rsquo;objet de beaut\u00e9 pour source de m\u00e9ditation&#8230;<\/div>\n<\/div>\n<div><\/div>\n<div><em>Caroline Vaglio &amp; Art for Science :\u00a0<\/em><\/div>\n<div><\/div>\n<div>\u00ab\u00a0De mani\u00e8re totalement diff\u00e9rente de Thomas, j&rsquo;ai \u00e9galement eu le cerveau \u00ab\u00a0cass\u00e9\u00a0\u00bb par le burnout en 2016.<\/div>\n<div>Apr\u00e8s un gros impact cognitif, je me suis naturellement tourn\u00e9e vers les neurosciences pour trouver des r\u00e9ponses et une voie de soin pour recouvrer mes facult\u00e9s.<\/div>\n<div>La d\u00e9couverte de ces techniques et la puissance \u00e0 peine explor\u00e9e de ces potentiels aiguisent ma volont\u00e9 \u00e0 soutenir la d\u00e9marche d&rsquo;Art for Science qui m\u00eale 2 domaines chers \u00e0 mon coeur et \u00e0 ma t\u00eate ^^.\u00a0\u00bb<\/div>\n<div id=\"Signature\">\n<div id=\"divtagdefaultwrapper\"><\/div>\n<\/div>","protected":false},"excerpt":{"rendered":"<p>GENESIS 12CS (incipit illuminatio) by Caroline Vaglio<\/p>\n<p>60 x 80 cm (12 cadres de 20 x 20 cm )<\/p>\n<p>Au commencement de l&rsquo;\u00e9veil &#8211; exploration des 12 segments de conscience de la Vie.<\/p>","protected":false},"featured_media":1352,"template":"","meta":{"_mi_skip_tracking":false,"_monsterinsights_sitenote_active":false,"_monsterinsights_sitenote_note":"","_monsterinsights_sitenote_category":0,"spay_email":""},"product_cat":[49,30],"product_tag":[],"_links":{"self":[{"href":"https:\/\/www.artforscience.eu\/en\/wp-json\/wp\/v2\/product\/1351"}],"collection":[{"href":"https:\/\/www.artforscience.eu\/en\/wp-json\/wp\/v2\/product"}],"about":[{"href":"https:\/\/www.artforscience.eu\/en\/wp-json\/wp\/v2\/types\/product"}],"wp:featuredmedia":[{"embeddable":true,"href":"https:\/\/www.artforscience.eu\/en\/wp-json\/wp\/v2\/media\/1352"}],"wp:attachment":[{"href":"https:\/\/www.artforscience.eu\/en\/wp-json\/wp\/v2\/media?parent=1351"}],"wp:term":[{"taxonomy":"product_cat","embeddable":true,"href":"https:\/\/www.artforscience.eu\/en\/wp-json\/wp\/v2\/product_cat?post=1351"},{"taxonomy":"product_tag","embeddable":true,"href":"https:\/\/www.artforscience.eu\/en\/wp-json\/wp\/v2\/product_tag?post=1351"}],"curies":[{"name":"wp","href":"https:\/\/api.w.org\/{rel}","templated":true}]}}