{"id":1355,"date":"2020-01-20T23:17:12","date_gmt":"2020-01-20T22:17:12","guid":{"rendered":"https:\/\/www.artforscience.eu\/?post_type=product&#038;p=1355"},"modified":"2020-03-03T13:31:30","modified_gmt":"2020-03-03T12:31:30","slug":"reseau-1-stereoscope-en-bois-sur-pied-datant-du-debut-du-20ieme-siecle","status":"publish","type":"product","link":"https:\/\/www.artforscience.eu\/en\/voir-les-oeuvres-dart\/photographie\/reseau-1-stereoscope-en-bois-sur-pied-datant-du-debut-du-20ieme-siecle\/","title":{"rendered":"RESEAU \u00b01 &#038; St\u00e9r\u00e9oscope en bois sur pied datant du d\u00e9but du 20i\u00e8me si\u00e8cle"},"content":{"rendered":"<p>RESEAU \u00b01 by Vincent Delesvaux<\/p>\n<p>St\u00e9r\u00e9oscope en bois sur pied datant du d\u00e9but du 20i\u00e8me si\u00e8cle -1910-1930 &#8211; (40x16cm) 1480 grammes<\/p>\n<p>Plaque en verre contenant le film original positif st\u00e9r\u00e9oscopique format (6&#215;13 cm) Photo de longue exposition sur film positif Velvia 100<\/p>\n<p><em>Qui est l&rsquo;artiste Vincent Delesvaux ?<\/em><\/p>\n<p>Explorant les moyens qu\u2019offre la photographie en pose longue et la technique du light painting,Vincent Delesvaux s\u2019int\u00e9resse \u00e0 l\u2019influence de la lumi\u00e8re sur la mati\u00e8re,\u00e0 la recr\u00e9ation de l\u2019environnement et au rapport au r\u00e9el. Le mouvement lumineux lui sert \u00e0 cr\u00e9er un pont entre l\u2019infini des possibles et le visible. Apr\u00e8s 10 ans de pratiques, il rencontre en la photographie st\u00e9r\u00e9oscopique argentique la technique la plus ad\u00e9quate pour restituer les chor\u00e9graphies spatiales qu\u2019il compose dans un objet intimiste et charg\u00e9 d\u2019histoire<\/p>\n<div class=\"clear\"><\/div>\n<div class=\"biocorp\">\n<div class=\"biotitre\">Prix :<\/div>\n<div class=\"bioarticle\">\n<p>2nd place Light Painting Award 2016 \/\/ Festival Campgn&rsquo;art 2016 \/\/ Festival Linselles 2015<\/p>\n<\/div>\n<\/div>\n<div class=\"clear\"><\/div>\n<div class=\"biocorp\">\n<div class=\"biotitre\">Publications :<\/div>\n<div class=\"bioarticle\">\n<p>Street Art jeux \u00e9ph\u00e9m\u00e9res\/Sophie Pujas &#8211; 2016 \/\/ Night Photography and Light Painting\/Lance Keiming &#8211; 2015 \/\/ Fisheye 2015 \/\/ Phototech 2012 \/\/ Azart 2011 \/\/ Magazine Photo 2009<\/p>\n<\/div>\n<\/div>","protected":false},"excerpt":{"rendered":"<p>RESEAU \u00b01 by Vincent Delesvaux<\/p>\n<p>St\u00e9r\u00e9oscope en bois sur pied datant du d\u00e9but du 20i\u00e8me si\u00e8cle -1910-1930 &#8211; (40x16cm) 1480 grammes<\/p>\n<p>Plaque en verre contenant le film original positif st\u00e9r\u00e9oscopique format (6&#215;13 cm) Photo de longue exposition sur film positif Velvia 100<\/p>","protected":false},"featured_media":1356,"template":"","meta":{"_mi_skip_tracking":false,"_monsterinsights_sitenote_active":false,"_monsterinsights_sitenote_note":"","_monsterinsights_sitenote_category":0,"spay_email":""},"product_cat":[43,50],"product_tag":[],"_links":{"self":[{"href":"https:\/\/www.artforscience.eu\/en\/wp-json\/wp\/v2\/product\/1355"}],"collection":[{"href":"https:\/\/www.artforscience.eu\/en\/wp-json\/wp\/v2\/product"}],"about":[{"href":"https:\/\/www.artforscience.eu\/en\/wp-json\/wp\/v2\/types\/product"}],"wp:featuredmedia":[{"embeddable":true,"href":"https:\/\/www.artforscience.eu\/en\/wp-json\/wp\/v2\/media\/1356"}],"wp:attachment":[{"href":"https:\/\/www.artforscience.eu\/en\/wp-json\/wp\/v2\/media?parent=1355"}],"wp:term":[{"taxonomy":"product_cat","embeddable":true,"href":"https:\/\/www.artforscience.eu\/en\/wp-json\/wp\/v2\/product_cat?post=1355"},{"taxonomy":"product_tag","embeddable":true,"href":"https:\/\/www.artforscience.eu\/en\/wp-json\/wp\/v2\/product_tag?post=1355"}],"curies":[{"name":"wp","href":"https:\/\/api.w.org\/{rel}","templated":true}]}}