{"id":1479,"date":"2020-01-22T09:36:18","date_gmt":"2020-01-22T08:36:18","guid":{"rendered":"https:\/\/www.artforscience.eu\/?post_type=product&#038;p=1479"},"modified":"2021-02-03T21:18:23","modified_gmt":"2021-02-03T20:18:23","slug":"tout-blanc-troubleant","status":"publish","type":"product","link":"https:\/\/www.artforscience.eu\/en\/voir-les-oeuvres-dart\/tableau\/tout-blanc-troubleant\/","title":{"rendered":"Tout Blanc \/ Troubleant"},"content":{"rendered":"<p>Tout Blanc Troubleant by Prise de Recul<\/p>\n<p>61 cm x 50 cm<\/p>\n<p>Quand tout s&rsquo;envole, s&rsquo;\u00e9loigne, les rep\u00e8res se floutent.<\/p>\n<p>Le monde de l&rsquo;enfance revient, incarn\u00e9 par les fleurs de coton d\u00e9pos\u00e9 sur cette toile, le monde semble invers\u00e9, le temps change de fr\u00e9quence.<\/p>\n<p>Le blanc domine, faut-il tout r\u00e9\u00e9crire ?<\/p>\n<p>La page blanche, les blouses blanches, un handicap est r\u00e9solument un renouveau, une nouvelle opportunit\u00e9 qu&rsquo;offre la vie d&rsquo;\u00e9crire la suite en pleine conscience.<\/p>\n<p><em>Qui est l\u2019artiste Prise de Recul ?<\/em><\/p>\n<p>Artiste anonyme qui peint avec des traits d\u2019\u00e9nergies positifs. But : la transmission.<\/p>","protected":false},"excerpt":{"rendered":"<p>Tout Blanc Troubleant by Prise de Recul<\/p>\n<p>61 cm x 50 cm<\/p>\n<p>Quand tout s&rsquo;envole, s&rsquo;\u00e9loigne, les rep\u00e8res se floutent.<\/p>\n<p>Le monde de l&rsquo;enfance revient, incarn\u00e9 par les fleurs de coton d\u00e9pos\u00e9 sur cette toile, le monde semble invers\u00e9, le temps change de fr\u00e9quence.<\/p>\n<p>Le blanc domine, faut-il tout r\u00e9\u00e9crire ?<\/p>\n<p>La page blanche, les blouses blanches, un handicap est r\u00e9solument un renouveau, une nouvelle opportunit\u00e9 qu&rsquo;offre la vie d&rsquo;\u00e9crire la suite en pleine conscience.<\/p>","protected":false},"featured_media":1480,"template":"","meta":{"_mi_skip_tracking":false,"_monsterinsights_sitenote_active":false,"_monsterinsights_sitenote_note":"","_monsterinsights_sitenote_category":0,"spay_email":""},"product_cat":[40,30],"product_tag":[],"_links":{"self":[{"href":"https:\/\/www.artforscience.eu\/en\/wp-json\/wp\/v2\/product\/1479"}],"collection":[{"href":"https:\/\/www.artforscience.eu\/en\/wp-json\/wp\/v2\/product"}],"about":[{"href":"https:\/\/www.artforscience.eu\/en\/wp-json\/wp\/v2\/types\/product"}],"wp:featuredmedia":[{"embeddable":true,"href":"https:\/\/www.artforscience.eu\/en\/wp-json\/wp\/v2\/media\/1480"}],"wp:attachment":[{"href":"https:\/\/www.artforscience.eu\/en\/wp-json\/wp\/v2\/media?parent=1479"}],"wp:term":[{"taxonomy":"product_cat","embeddable":true,"href":"https:\/\/www.artforscience.eu\/en\/wp-json\/wp\/v2\/product_cat?post=1479"},{"taxonomy":"product_tag","embeddable":true,"href":"https:\/\/www.artforscience.eu\/en\/wp-json\/wp\/v2\/product_tag?post=1479"}],"curies":[{"name":"wp","href":"https:\/\/api.w.org\/{rel}","templated":true}]}}