{"id":2049,"date":"2020-02-14T13:43:20","date_gmt":"2020-02-14T12:43:20","guid":{"rendered":"https:\/\/www.artforscience.eu\/?post_type=product&#038;p=2049"},"modified":"2020-03-03T13:23:01","modified_gmt":"2020-03-03T12:23:01","slug":"au-coeur-de-letre","status":"publish","type":"product","link":"https:\/\/www.artforscience.eu\/en\/voir-les-oeuvres-dart\/scultpure\/au-coeur-de-letre\/","title":{"rendered":"Au Coeur de l&rsquo;\u00catre"},"content":{"rendered":"<p>Sculpture bronze by Marie De Rom\u00e9mont<\/p>\n<p>\u00c9vidente avidit\u00e9 \u00e0 vivre.\u00a0! Il saisit en ses jours une absolue v\u00e9rit\u00e9 \u00e0 nourrir la Vie, l&rsquo;intensit\u00e9 du juste et du vrai encore et toujours\u00a0; parfaitement align\u00e9 \u00e0 son geste\u00a0; embrassant la v\u00e9rit\u00e9 r\u00e9v\u00e9l\u00e9e \u00e0 construire ce qui anime tout l&rsquo;\u00catre\u00a0; parcourant le Chemin tr\u00e8s certain de l&rsquo;Absolu \u00e0 bras le Coeur et recherchant toujours la VIE, la Vie de l&rsquo;En-Vie.. Unique comme-union.<\/p>\n<p><em>Dimensions de la pi\u00e8ce bronze\u00a0:<\/em><\/p>\n<p><em>H:7 cm L :16,5 cm l:15 cm<\/em><\/p>\n<p><em>Dimensions de la base inox\u00a0:<\/em><\/p>\n<p><em>H:0,8 cm L:15 cm l:15 cm<\/em><\/p>\n<p><em>Dimensions du support plexiglas\u00a0:<\/em><\/p>\n<p><em>H:15 cm l :8,5 cm<\/em><\/p>\n<p>Date de cr\u00e9ation : 02\/11\/2019<\/p>\n<p>N\u00b0 1\/8 (08\/01\/2020)<\/p>\n<p>Bronze patin\u00e9 \u00ab\u00a0noir\u00a0\u00bb et brillant, sur base en inox massif avec support crois\u00e9 en plexiglas.<\/p>\n<p>Photo par Olivier Mauffrey<\/p>\n<p><em>Qui est l&rsquo;artiste Marie De Rom\u00e9mont ?<\/em><\/p>\n<p>Marie de Rom\u00e9mont est sculpteur autodidacte.<\/p>\n<p>Son parcours est emprunt de trajectoires diverses, de mouvement, d&rsquo;impulsions multiples, d&rsquo;improvisations.. d&rsquo;inspirations.. Cependant, elle demeure fid\u00e8le \u00e0 la ligne pure et \u00e0.. la 3D dans toutes ses dimensions !<\/p>\n<p>25 ans d&rsquo;expositions publiques ou priv\u00e9es, individuelles, en galeries ou salons. (France-Espagne)<\/p>\n<p>Elle sculpte la terre et le bois faisant reproduire la plupart de ses \u0153uvres en bronze, alu ou parfois r\u00e9sine.<\/p>\n<p><em>Art For Science &amp; Marie De Rom\u00e9mont :<\/em><\/p>\n<p>Un Chemin lumineux et courageux qui incite \u00e0 parcourir avec eux la distance sans errance de la vie de l&rsquo;En-Vie.<\/p>\n<p>Un Coeur \u00e0 Coeur vrai, frais, dynamique avec des \u00eatres plein d&rsquo;amour s\u2019impr\u00e9gnant du moindre \u00e9clat de la pr\u00e9sence humaine. Ils sont aussi pourvus d&rsquo;une dose de puret\u00e9, d&rsquo;une autre de sinc\u00e9rit\u00e9, d&rsquo;une autre de fraternit\u00e9, d&rsquo;humili\u00e9..<\/p>\n<p>Un choc d&rsquo;Amour que cette \u00e9quipe \u00ab Thomas-M\u00e9lanie &amp; Hugues \u00bb !<\/p>\n<p>Merci de votre Accueil !<\/p>\n<p>&nbsp;<\/p>","protected":false},"excerpt":{"rendered":"<p>Sculpture bronze by Marie De Rom\u00e9mont<\/p>\n<p>\u00c9vidente avidit\u00e9 \u00e0 vivre.\u00a0! Il saisit en ses jours une absolue v\u00e9rit\u00e9 \u00e0 nourrir la Vie, l&rsquo;intensit\u00e9 du juste et du vrai encore et toujours\u00a0; parfaitement align\u00e9 \u00e0 son geste\u00a0; embrassant la v\u00e9rit\u00e9 r\u00e9v\u00e9l\u00e9e \u00e0 construire ce qui anime tout l&rsquo;\u00catre\u00a0; parcourant le Chemin tr\u00e8s certain de l&rsquo;Absolu \u00e0 bras le Coeur et recherchant toujours la VIE, la Vie de l&rsquo;En-Vie.. Unique comme-union.<\/p>","protected":false},"featured_media":2050,"template":"","meta":{"_mi_skip_tracking":false,"_monsterinsights_sitenote_active":false,"_monsterinsights_sitenote_note":"","_monsterinsights_sitenote_category":0,"spay_email":""},"product_cat":[52,32],"product_tag":[],"_links":{"self":[{"href":"https:\/\/www.artforscience.eu\/en\/wp-json\/wp\/v2\/product\/2049"}],"collection":[{"href":"https:\/\/www.artforscience.eu\/en\/wp-json\/wp\/v2\/product"}],"about":[{"href":"https:\/\/www.artforscience.eu\/en\/wp-json\/wp\/v2\/types\/product"}],"wp:featuredmedia":[{"embeddable":true,"href":"https:\/\/www.artforscience.eu\/en\/wp-json\/wp\/v2\/media\/2050"}],"wp:attachment":[{"href":"https:\/\/www.artforscience.eu\/en\/wp-json\/wp\/v2\/media?parent=2049"}],"wp:term":[{"taxonomy":"product_cat","embeddable":true,"href":"https:\/\/www.artforscience.eu\/en\/wp-json\/wp\/v2\/product_cat?post=2049"},{"taxonomy":"product_tag","embeddable":true,"href":"https:\/\/www.artforscience.eu\/en\/wp-json\/wp\/v2\/product_tag?post=2049"}],"curies":[{"name":"wp","href":"https:\/\/api.w.org\/{rel}","templated":true}]}}