{"id":2054,"date":"2020-02-15T16:33:45","date_gmt":"2020-02-15T15:33:45","guid":{"rendered":"https:\/\/www.artforscience.eu\/?post_type=product&#038;p=2054"},"modified":"2020-03-03T13:22:17","modified_gmt":"2020-03-03T12:22:17","slug":"hodotopie","status":"publish","type":"product","link":"https:\/\/www.artforscience.eu\/en\/voir-les-oeuvres-dart\/veronique-juan\/hodotopie\/","title":{"rendered":"Hodotopie"},"content":{"rendered":"<div>Mosa\u00efque by V\u00e9ronique Juan<\/div>\n<div><\/div>\n<div>85 cm x 55 cm<\/div>\n<div><\/div>\n<div>Mati\u00e8re : litovi<\/div>\n<div><\/div>\n<div><em>Qui est V\u00e9ronique Juan ?<\/em><\/div>\n<div>Artiste, inventrice d&rsquo;un mat\u00e9riau : la litovi, mat\u00e9riau d\u00e9crit comme l\u2019\u00e9l\u00e9ment qui \u00ab\u00a0a les avantages de la pierre et de la p\u00e2te de verre, sans pr\u00e9senter leurs inconv\u00e9nients.\u00a0\u00bb<\/div>\n<div>\u00ab\u00a0Apr\u00e8s avoir cherch\u00e9, pendant de nombreuses ann\u00e9es, la composition et la constitution physique de la litovi, tant sur ses aspects esth\u00e9tiques que m\u00e9caniques, j&rsquo;en viens maintenant \u00e0 un travail d&rsquo;exploration de son utilisation. Cette mosa\u00efque est la premi\u00e8re d&rsquo;une s\u00e9rie sondant les effets que je peux obtenir en utilisant la litovi aussi bien en support, en mat\u00e9riaux de taille, et aussi en colle. La tesselle de litovi est fondue \u00e0 la chaleur pour adh\u00e9rer \u00e0 son support, constitu\u00e9e de la m\u00eame mati\u00e8re.\u00a0\u00bb<\/div>\n<div><\/div>\n<div>Oeuvre r\u00e9alis\u00e9e par V\u00e9ronique Juan et offerte par\u00a0 Georges LE FLOCH.<\/div>\n<div>\n<blockquote>\n<div><\/div>\n<div>Le sujet de cette mosa\u00efque est directement inspir\u00e9 de la rencontre avec M\u00e9lanie, Tomas et le Pr Hugues Duffau. Il me semble essentiel que le travail de patricien et de recherche du professeur soit connu et soutenu pour \u00e9largir ses possibilit\u00e9s de passer le t\u00e9moin \u00e0 un plus grand nombre de m\u00e9decins chercheurs. Et si tous les acteurs de la m\u00e9decine connaissaient ce protocole de soin, bien plus de patients b\u00e9n\u00e9ficieraient de ce grand bienfait.<\/div>\n<\/blockquote>\n<\/div>","protected":false},"excerpt":{"rendered":"<div>Mosa\u00efque by V\u00e9ronique Juan<\/div>\n<div><\/div>\n<div>85 cm x 55 cm<\/div>\n<div><\/div>\n<div>Mati\u00e8re : litovi<\/div>\n<div><\/div>\n<p>\u00ab\u00a0Le sujet de cette mosa\u00efque est directement inspir\u00e9 de la rencontre avec M\u00e9lanie, Tomas et le Pr Hugues Duffau. Il me semble essentiel que le travail de patricien et de recherche du professeur soit connu et soutenu pour \u00e9largir ses possibilit\u00e9s de passer le t\u00e9moin \u00e0 un plus grand nombre de m\u00e9decins chercheurs. Et si tous les acteurs de la m\u00e9decine connaissaient ce protocole de soin, bien plus de patients b\u00e9n\u00e9ficieraient de ce grand bienfait.\u00a0\u00bb<\/p>","protected":false},"featured_media":2055,"template":"","meta":{"_mi_skip_tracking":false,"_monsterinsights_sitenote_active":false,"_monsterinsights_sitenote_note":"","_monsterinsights_sitenote_category":0,"spay_email":""},"product_cat":[54,53],"product_tag":[],"_links":{"self":[{"href":"https:\/\/www.artforscience.eu\/en\/wp-json\/wp\/v2\/product\/2054"}],"collection":[{"href":"https:\/\/www.artforscience.eu\/en\/wp-json\/wp\/v2\/product"}],"about":[{"href":"https:\/\/www.artforscience.eu\/en\/wp-json\/wp\/v2\/types\/product"}],"wp:featuredmedia":[{"embeddable":true,"href":"https:\/\/www.artforscience.eu\/en\/wp-json\/wp\/v2\/media\/2055"}],"wp:attachment":[{"href":"https:\/\/www.artforscience.eu\/en\/wp-json\/wp\/v2\/media?parent=2054"}],"wp:term":[{"taxonomy":"product_cat","embeddable":true,"href":"https:\/\/www.artforscience.eu\/en\/wp-json\/wp\/v2\/product_cat?post=2054"},{"taxonomy":"product_tag","embeddable":true,"href":"https:\/\/www.artforscience.eu\/en\/wp-json\/wp\/v2\/product_tag?post=2054"}],"curies":[{"name":"wp","href":"https:\/\/api.w.org\/{rel}","templated":true}]}}