{"id":2058,"date":"2020-02-26T07:22:44","date_gmt":"2020-02-26T06:22:44","guid":{"rendered":"https:\/\/www.artforscience.eu\/?post_type=product&#038;p=2058"},"modified":"2020-03-03T13:07:42","modified_gmt":"2020-03-03T12:07:42","slug":"etre-crane","status":"publish","type":"product","link":"https:\/\/www.artforscience.eu\/en\/voir-les-oeuvres-dart\/lo\/etre-crane\/","title":{"rendered":"Etre cr\u00e2ne"},"content":{"rendered":"<p>Etre cr\u00e2ne I by L\u00f4<\/p>\n<p>Verre fusionn\u00e9, \u00e9maill\u00e9 &amp; papier coll\u00e9, d\u00e9coup\u00e9 &amp; po\u00e8me calligraphi\u00e9<\/p>\n<p>Op\u00e9rer \u00e0 cr\u00e2ne ouvert le myst\u00e8re de la vie, jaillissement d&rsquo;images, connections infinies, expansion de substances, contraction d&rsquo;hypoth\u00e8ses, av\u00e8nement de paysages inou\u00efs, explosions d&rsquo;\u00eelots inexplor\u00e9s&#8230;.<br \/>\nL&rsquo;\u00e9veil \u00e0 l&rsquo;indicible qui traverse l&rsquo;artiste en contact avec la science, une occasion d&rsquo; \u00ab\u00a0\u00eatre cr\u00e2ne \u00a0\u00bb<br \/>\ndans le sens d&rsquo;une ouverture de conscience en plongeant dans la mati\u00e8re c\u00e9r\u00e9brale.<\/p>\n<p>Po\u00e8me et Livre d\u2019artiste<\/p>\n<p>4 exemplaires num\u00e9rot\u00e9s et sign\u00e9s,<\/p>\n<p>130 x 130 x 20 mm<\/p>\n<p>cr\u00e9\u00e9s en janvier 2020<\/p>\n<p><em>Qui est l&rsquo;artiste \u00ab\u00a0L\u00f4\u00a0\u00bb Laurence Bourgeois ?<\/em><\/p>\n<p>Verrier, po\u00e8te et artiste du livre, L\u00f4 cr\u00e9e depuis plus de quinze ans dans son atelier <em>\u00e9crits po\u00e9tiques de verre et papier<\/em> une \u0153uvre singuli\u00e8re o\u00f9 dialoguent mati\u00e8res et po\u00e9sie.<\/p>\n<p>En \u00e9cho aux po\u00e8mes naissent des encres in\u00e9dites, des papiers originaux et surtout des verres.<\/p>\n<p>Ainsi elle convie dans ses \u0153uvres une palette de technique impressionnante : de la fusion \u00e0 la gravure, du sablage \u00e0 l&rsquo;\u00e9maillage, la vitrification de mat\u00e9riaux inattendus&#8230;..\u00a0 Elle a r\u00e9alis\u00e9 une centaine de livres d&rsquo;artistes.<\/p>\n<p>Po\u00e9sie : L\u00f4 \u00a0a publi\u00e9 plusieurs recueils de po\u00e8mes, <em>Ainsi le pli<\/em>,\u00a0 <em>Le bruit des cailloux<\/em>, \u00e9ditions la voix du po\u00e8me, <em>Feu blanc<\/em>, \u00e9ditions du petit pois, <em>Falaises du corps<\/em>, \u00e9ditions Rafael de Surtis, <em>NILI FOSS\u00c6<\/em>,\u00a0 \u00e9ditions Rafael de Surtis, <em>Rendre l&rsquo;or<\/em>, \u00e9ditions Pourquoi viens tu si tard ?<\/p>\n<p><em>Le mot de l&rsquo;artiste concernant l&rsquo;aventure Art For Science :<\/em><\/p>\n<p>L&rsquo;aventure Art for science est une exp\u00e9rience soudaine, inattendue comme l&rsquo;inspiration !<\/p>","protected":false},"excerpt":{"rendered":"<p>Etre cr\u00e2ne I by L\u00f4<\/p>\n<p>Op\u00e9rer \u00e0 cr\u00e2ne ouvert le myst\u00e8re de la vie, jaillissement d&rsquo;images, connections infinies, expansion de substances, contraction d&rsquo;hypoth\u00e8ses, av\u00e8nement de paysages inou\u00efs, explosions d&rsquo;\u00eelots inexplor\u00e9s&#8230;.<br \/>\nL&rsquo;\u00e9veil \u00e0 l&rsquo;indicible qui traverse l&rsquo;artiste en contact avec la science, une occasion d&rsquo; \u00ab\u00a0\u00eatre cr\u00e2ne \u00a0\u00bb<br \/>\ndans le sens d&rsquo;une ouverture de conscience en plongeant dans la mati\u00e8re c\u00e9r\u00e9brale.<\/p>","protected":false},"featured_media":2090,"template":"","meta":{"_mi_skip_tracking":false,"_monsterinsights_sitenote_active":false,"_monsterinsights_sitenote_note":"","_monsterinsights_sitenote_category":0,"spay_email":""},"product_cat":[58,59],"product_tag":[],"_links":{"self":[{"href":"https:\/\/www.artforscience.eu\/en\/wp-json\/wp\/v2\/product\/2058"}],"collection":[{"href":"https:\/\/www.artforscience.eu\/en\/wp-json\/wp\/v2\/product"}],"about":[{"href":"https:\/\/www.artforscience.eu\/en\/wp-json\/wp\/v2\/types\/product"}],"wp:featuredmedia":[{"embeddable":true,"href":"https:\/\/www.artforscience.eu\/en\/wp-json\/wp\/v2\/media\/2090"}],"wp:attachment":[{"href":"https:\/\/www.artforscience.eu\/en\/wp-json\/wp\/v2\/media?parent=2058"}],"wp:term":[{"taxonomy":"product_cat","embeddable":true,"href":"https:\/\/www.artforscience.eu\/en\/wp-json\/wp\/v2\/product_cat?post=2058"},{"taxonomy":"product_tag","embeddable":true,"href":"https:\/\/www.artforscience.eu\/en\/wp-json\/wp\/v2\/product_tag?post=2058"}],"curies":[{"name":"wp","href":"https:\/\/api.w.org\/{rel}","templated":true}]}}