{"id":2060,"date":"2020-02-23T22:17:44","date_gmt":"2020-02-23T21:17:44","guid":{"rendered":"https:\/\/www.artforscience.eu\/?post_type=product&#038;p=2060"},"modified":"2020-03-03T15:58:24","modified_gmt":"2020-03-03T14:58:24","slug":"think-out-loud","status":"publish","type":"product","link":"https:\/\/www.artforscience.eu\/en\/voir-les-oeuvres-dart\/aurelie-salvaing\/think-out-loud\/","title":{"rendered":"\u00ab\u00a0Think out loud\u00a0\u00bb"},"content":{"rendered":"<p>\u00ab\u00a0Think out loud\u00a0\u00bb by Aur\u00e9lie Salvaing<\/p>\n<p>Taille 100 cm x 100 cm<\/p>\n<p>Cette toile met en avant les divergents, ceux qui ont os\u00e9 adopter des perspectives mentales diff\u00e9rentes (Heddi Lammar, Victor Hugo, Einstein &#8230;.), qui ont franchi la ligne de d\u00e9marcation, qui ont tent\u00e9 de nouvelles associations.<\/p>\n<blockquote><p>Si la cr\u00e9ativit\u00e9 est la capacit\u00e9 \u00e0 r\u00e9aliser une \u0153uvre\u00a0 qui, si elle est originale, est pour autant\u00a0 adapt\u00e9e au contexte dans lequel elle se manifeste ;\u00a0 il m&rsquo;importait cependant de mettre la pens\u00e9e divergente au centre du processus cr\u00e9atif.<\/p><\/blockquote>\n<p><em>Qui est l\u2019artiste Aur\u00e9lie Salvaing ?<\/em><\/p>\n<p>N\u00e9e en France, en 1971 , Aur\u00e9lie Salvaing est une artiste peintre enti\u00e8rement autodidacte.<\/p>\n<p>Elle travaille\u00a0 la figuration, et plus particuli\u00e8rement le portrait. Les supports alternent et se m\u00e9langent avec une constante cependant : l\u2019utilisation syst\u00e9matique du papier !<\/p>\n<p>Les visages et les corps sont trac\u00e9s ou construits sur ou par des \u00e9crits emprunt\u00e9s \u00e0 quelques livres anciens, des photos, des illustr\u00e9s. L\u2019\u00e9nigme des mots se m\u00eale alors \u00e0 la subtilit\u00e9 des traits et des couleurs et offre ainsi un regard singulier.<\/p>","protected":false},"excerpt":{"rendered":"<p>\u00ab\u00a0Think out loud\u00a0\u00bb by Aur\u00e9lie Salvaing<\/p>\n<p>Taille 100 cm x 100 cm<\/p>\n<p>Cette toile met en avant les divergents, ceux qui ont os\u00e9 adopter des perspectives mentales diff\u00e9rentes (Heddi Lammar, Victor Hugo, Einstein &#8230;.), qui ont franchi la ligne de d\u00e9marcation, qui ont tent\u00e9 de nouvelles associations.<\/p>","protected":false},"featured_media":2061,"template":"","meta":{"_mi_skip_tracking":false,"_monsterinsights_sitenote_active":false,"_monsterinsights_sitenote_note":"","_monsterinsights_sitenote_category":0,"spay_email":""},"product_cat":[39,55],"product_tag":[],"_links":{"self":[{"href":"https:\/\/www.artforscience.eu\/en\/wp-json\/wp\/v2\/product\/2060"}],"collection":[{"href":"https:\/\/www.artforscience.eu\/en\/wp-json\/wp\/v2\/product"}],"about":[{"href":"https:\/\/www.artforscience.eu\/en\/wp-json\/wp\/v2\/types\/product"}],"wp:featuredmedia":[{"embeddable":true,"href":"https:\/\/www.artforscience.eu\/en\/wp-json\/wp\/v2\/media\/2061"}],"wp:attachment":[{"href":"https:\/\/www.artforscience.eu\/en\/wp-json\/wp\/v2\/media?parent=2060"}],"wp:term":[{"taxonomy":"product_cat","embeddable":true,"href":"https:\/\/www.artforscience.eu\/en\/wp-json\/wp\/v2\/product_cat?post=2060"},{"taxonomy":"product_tag","embeddable":true,"href":"https:\/\/www.artforscience.eu\/en\/wp-json\/wp\/v2\/product_tag?post=2060"}],"curies":[{"name":"wp","href":"https:\/\/api.w.org\/{rel}","templated":true}]}}