{"id":2062,"date":"2020-02-23T22:34:02","date_gmt":"2020-02-23T21:34:02","guid":{"rendered":"https:\/\/www.artforscience.eu\/?post_type=product&#038;p=2062"},"modified":"2020-03-03T13:21:07","modified_gmt":"2020-03-03T12:21:07","slug":"lamour-existera-toujours-car-tu-existes","status":"publish","type":"product","link":"https:\/\/www.artforscience.eu\/en\/voir-les-oeuvres-dart\/michael-relave\/lamour-existera-toujours-car-tu-existes\/","title":{"rendered":"L&rsquo;amour existera toujours car tu existes"},"content":{"rendered":"<p>\u00ab L&rsquo;amour existera toujours car tu existes \u00bbby Micha\u00ebl Relave<\/p>\n<p>Taille 162 x 97 cm<\/p>\n<p>Acrylique sur toile et posca<\/p>\n<p>2020<\/p>\n<p>\u00ab Cette encre sur papier est une all\u00e9gorie de ce que d\u00e9gagent Thomas et M\u00e9lanie. La rencontre d\u2019\u00e2me-s\u0153urs, le lien qui les uni et ce pamplemousse symbole de vie. \u00bb<\/p>\n<p><em>Qui est Micha\u00ebl Relave ?<\/em><\/p>\n<p class=\"font_5\"><span class=\"color_35\">\u201cPar ses peintures, par ses \u0153uvres,ses dessins, ses sculptures, Michael pr\u00f4ne l\u2019envie d\u2019y croire encore plus. Un panel de couleurs et de richesses int\u00e9rieures expos\u00e9es au grand jour pour que chaque instant soit plus vivant, plus color\u00e9, \u00a0empreint de grande spiritualit\u00e9. L\u2019\u00e9nergie qui se d\u00e9gage de ses \u0153uvres est \u00e0 la fois maternante, nourrici\u00e8re, intrigante, parfois rigide et stabilisante. Cette stabilit\u00e9 que l\u2019on cherche et recherche tous, au fil de la vie avec l\u2019envie d\u2019y croire beaucoup plus. Le para\u00eetre devenant alors secondaire. En plongeant dans ses \u0153uvres l\u2019artiste donne une lecture de sa vision de l\u2019Art, de sa fa\u00e7on d\u2019aimer, \u00e0 la fois droite et sinc\u00e8re, de sa fa\u00e7on d\u2019explorer, de ressentir, de diriger ses \u00e9motions vers ce qu\u2019il a le plus envie de recevoir, c\u2019est-\u00e0-dire, l\u2019amour. Voulant sans cesse ressentir autant d\u2019amour qu\u2019il en donne. Regarder ses \u0153uvres c\u2019est comme se regarder de l\u2019int\u00e9rieur, comme comprendre tous nos mondes, nos sph\u00e8res physiques et \u00a0\u00e9nerg\u00e9tiques. C\u2019est voyager en quelque sorte \u2026. \u201c<\/span><\/p>\n<p><em><span class=\"color_35\">Dans l\u2019univers de Michael Relave, la femme est le guide, elle incarne la lumi\u00e8re, la chaleur, la s\u00e9curit\u00e9, l\u2019avenir.<br \/>\n<\/span><\/em><\/p>\n<p class=\"font_5\"><em><span class=\"color_35\">Dans son univers, l\u2019homme et la femme s\u2019entendent, s\u2019aiment, s\u2019adressent des regards \u00e9namour\u00e9s, entourent le magnifique fruit de leur union, enfant oiseau, ravi parmi les fleurs, les algues et les queues de fauves unies au ballet de la flore. L\u2019\u0153uvre r\u00eave d\u2019une relation po\u00e9tique \u00e0 la nature, d\u2019une relation esth\u00e8te, l\u2019\u0153uvre ranime les vapeurs d\u2019une vision \u00e9d\u00e9nique relue \u00e0 la lumi\u00e8re de la femme. L\u2019\u0153uvre danse sur le th\u00e8me du r\u00e8gne de la femme.<\/span><\/em><\/p>\n<p class=\"font_5\"><span class=\"color_35\">\u00a0<\/span><\/p>\n<p><em>Pourquoi faire partie d\u2019Art For Science en tant qu\u2019artiste ?<\/em><\/p>\n<blockquote><p>\u00ab\u00a0Au d\u00e9part, on part \u00e0 l\u2019aventure par instinct artistique et humain.<\/p>\n<p>Ensuite on rencontre Thomas et M\u00e9lanie et tout change : Dans la vie chacun fait au mieux, \u00e0 sa fa\u00e7on pour faire face (ou pas) \u00e0 une situation. Eux ont trouv\u00e9 la force de se rassembler autour de la maladie. Elle \u00e9tait emprunte de n\u00e9gativit\u00e9, ils en on fait une entremetteuse de projet et de rencontre autour de l\u2019Art et de la Science pour r\u00e9colter des fonds. La force, c\u2019est justement de changer de point de vue sans minimiser la r\u00e9alit\u00e9 mais en l\u2019abordant aussi dans ses aspect positifs, parce qu\u2019en fin de compte, dans toute situation il y a du bon\u2026 c\u2019est simplement \u00e0 nous d\u2019en voir la beaut\u00e9 aussi difficile que cela puisse para\u00eetre. De ce fait cette aventure est surtout une le\u00e7on de vie merveilleuse, il \u00e9tait donc \u00e9vident que mon c\u0153ur les suivraient ! \u00bb<\/p><\/blockquote>","protected":false},"excerpt":{"rendered":"<p>\u00ab L&rsquo;amour existera toujours car tu existes \u00bbby Micha\u00ebl Relave<\/p>\n<p>Taille 162 x 97 cm<\/p>\n<p>Acrylique sur toile et posca<\/p>\n<p>2020<\/p>\n<p>\u00ab Cette encre sur papier est une all\u00e9gorie de ce que d\u00e9gagent Thomas et M\u00e9lanie. La rencontre d\u2019\u00e2me-s\u0153urs, le lien qui les uni et ce pamplemousse symbole de vie. \u00bb<\/p>","protected":false},"featured_media":2063,"template":"","meta":{"_mi_skip_tracking":false,"_monsterinsights_sitenote_active":false,"_monsterinsights_sitenote_note":"","_monsterinsights_sitenote_category":0,"spay_email":""},"product_cat":[48,55],"product_tag":[],"_links":{"self":[{"href":"https:\/\/www.artforscience.eu\/en\/wp-json\/wp\/v2\/product\/2062"}],"collection":[{"href":"https:\/\/www.artforscience.eu\/en\/wp-json\/wp\/v2\/product"}],"about":[{"href":"https:\/\/www.artforscience.eu\/en\/wp-json\/wp\/v2\/types\/product"}],"wp:featuredmedia":[{"embeddable":true,"href":"https:\/\/www.artforscience.eu\/en\/wp-json\/wp\/v2\/media\/2063"}],"wp:attachment":[{"href":"https:\/\/www.artforscience.eu\/en\/wp-json\/wp\/v2\/media?parent=2062"}],"wp:term":[{"taxonomy":"product_cat","embeddable":true,"href":"https:\/\/www.artforscience.eu\/en\/wp-json\/wp\/v2\/product_cat?post=2062"},{"taxonomy":"product_tag","embeddable":true,"href":"https:\/\/www.artforscience.eu\/en\/wp-json\/wp\/v2\/product_tag?post=2062"}],"curies":[{"name":"wp","href":"https:\/\/api.w.org\/{rel}","templated":true}]}}