{"id":2069,"date":"2020-02-23T23:12:03","date_gmt":"2020-02-23T22:12:03","guid":{"rendered":"https:\/\/www.artforscience.eu\/?post_type=product&#038;p=2069"},"modified":"2020-03-03T13:19:27","modified_gmt":"2020-03-03T12:19:27","slug":"les-portes-du-reve","status":"publish","type":"product","link":"https:\/\/www.artforscience.eu\/en\/voir-les-oeuvres-dart\/anne-molines\/les-portes-du-reve\/","title":{"rendered":"\u00ab\u00a0Les portes du r\u00eave\u00a0\u00bb"},"content":{"rendered":"<div>\u00ab\u00a0Les portes du r\u00eave\u00a0\u00bb by Anne Molines<\/div>\n<div>Acrylique sur toile<\/div>\n<div>1m x 1m .<\/div>\n<div><\/div>\n<div>Les portes du r\u00eave s&rsquo;ouvrent sur l&rsquo;infini de notre dimension d&rsquo; \u00eatre.<\/div>\n<div>Quel relais devient alors le cerveau ?<\/div>\n<div>Antenne entre le visible et l&rsquo;invisible, faite de ce r\u00e9seau de connexions complexes,\u00a0\u00a0ajust\u00e9e \u00e0 notre dimension int\u00e9rieure, cr\u00e9ant ainsi un nouveau langage en images, description du pass\u00e9, du pr\u00e9sent, du futur contenu dans le m\u00eame espace temps, l&rsquo; expression authentique de nous m\u00eame.<\/div>\n<div><\/div>\n<div>\n<p><em>Qui est l\u2019artiste Parameshwari ?<\/em><\/p>\n<div>\n<p>Anne Molines, artiste peintre, plasticienne.<\/p>\n<p>Passion pr\u00e9coce pour la peinture et toute forme d\u2019art.<\/p>\n<p>\u201cTr\u00e8s vite le besoin de pratiquer semble \u00e9vident, la th\u00e9orie de l\u2019art n\u2019est pas ce qui me passionne, je prends la d\u00e9cision de pr\u00e9parer les concours aux \u00e9coles d\u2019Art \u00e0 Paris. Entr\u00e9e \u00e0 l\u2019\u00e9cole des Beaux Arts de Paris (1977)<\/p>\n<p>J\u2019\u00e9tudie la peinture dans l<strong>\u2019atelier de Yankel et Matt\u00e9<\/strong> ; mon professeur de sculpture n\u2019est autre que le g\u00e9nial <strong>\u00ab\u00a0C\u00e9sar\u00a0\u00bb<\/strong>. C\u2019est lui qui va appuyer mon entr\u00e9e \u00e0 l\u2019\u00e9cole\u2026 entraide toute M\u00e9diterran\u00e9enne !\u2026..<\/p>\n<p>Cours priv\u00e9 section \u00ab dessin \u00bb Place des Vosges \u00e0 Paris et cours du soir de l\u2019<strong>\u00e9cole nationale sup\u00e9rieure des Arts Appliqu\u00e9s de Paris.<\/strong><\/p>\n<p>Entr\u00e9e \u00e0 l\u2019\u00e9cole nationale sup\u00e9rieure des Arts Appliqu\u00e9s de Paris (Rue du Petit Thouars) (1978) et dipl\u00f4m\u00e9e de l\u2019<strong>\u00e9cole Nationale sup\u00e9rieure des Arts Appliqu\u00e9s de Paris<\/strong> (1981)<\/p>\n<p><strong>Brevet de technicien sup\u00e9rieur de plasticienne Art mural<\/strong> (fresque, mosa\u00efque, tapisserie murale, panneaux laqu\u00e9s, c\u00e9ramique, architecture int\u00e9rieure, d\u00e9coration) (1981)<\/p>\n<p>Je quitte Paris. Je retourne vers le sud de la France. Je d\u00e9cide de m\u2019installer \u00e0 Montpellier.<\/p>\n<p><em>Je suis n\u00e9e dans le pays C\u00e9venol ; celui o\u00f9 le charbon croise le fer avec le ch\u00e2taignier, celui o\u00f9 la montagne se fait douceur M\u00e9diterran\u00e9enne pour charmer la plaine. Enfant n\u00e9e \u00e0 la crois\u00e9e de deux mondes : celui des pr\u00e9s et des hauteurs, celui du sous-sol et des \u00ab gueules noires \u00bb\u2026<\/em><em>Tr\u00e8s t\u00f4t l\u2019image exer\u00e7a sur moi son incroyable pouvoir\u00a0; peinte, dessin\u00e9e, sculpt\u00e9e, brod\u00e9e, il suffisait qu\u2019elle soit porteuse de ce qui nourrirait mon r\u00eave pour que je la sente vibrer dans mon c\u0153ur. Je la d\u00e9couvrais sur les grands panneaux suspendus dans la salle de classe de mon p\u00e8re, dans l\u2019encyclop\u00e9die que je feuilletais \u00e0 la veill\u00e9e et que ma m\u00e8re ouvrait pour moi sur la table de la cuisine pendant qu\u2019elle \u00e9coutait la radio. Les broderies na\u00efves des grands-m\u00e8res m\u2019enchantaient, semis de fleurs des bordures de chemin\u00e9es, broderies d\u00e9licates des draps et des coussins, dentelles au crochet des rideaux et des couvre lits \u2026. Les livres et leurs illustrations me tenaient en haleine. Les jours de pluie les malles du grenier me livraient les secrets de mes anc\u00eatres modistes\u00a0;\u00a0\u00a0 chapeaux duveteux, emplum\u00e9s, voilettes gracieuses et surann\u00e9es\u2026.expression d\u2019une f\u00e9minit\u00e9 raffin\u00e9e.<\/em><\/p>\n<p><em>Cette passion enfantine grandit en moi. Les f\u00e9es aux doigts agiles, celles qui s\u2019\u00e9taient pench\u00e9es sur mon berceau m\u2019avaient fait le plus beau des cadeaux qui est celui d\u2019\u00eatre anim\u00e9(e) de l\u2019ardeur de cr\u00e9er.<\/em><\/p>\n<p><em>Apr\u00e8s les ann\u00e9es de lyc\u00e9e en section artistique au Mas de Tesse\u00a0\u00bb \u00e0 Montpellier, je filais vers Paris o\u00f9 une ann\u00e9e \u00e0 l\u2019\u00e9cole de S\u00e8vres me conduisit d\u2019 abord dans la prestigieuse \u00e9cole des Beaux-Arts du Quai Malaquais, aux cours du soir de l\u2019atelier de la place des Vosges, pour int\u00e9grer ensuite l\u2019\u00e9cole des Arts appliqu\u00e9s Duperr\u00e9 de Paris.<\/em><\/p>\n<p><em>Press\u00e9e de retrouver le Sud natal, en panne de grand air, je revins d\u00e8s la fin de mes \u00e9tudes vers Montpellier, tout pr\u00e8s de la matrice marine des cultures anciennes et pas trop loin des cimes C\u00e9venoles. Cette culture en bordure, qui tourne le dos au reste de la France, face \u00e0 l\u2019Afrique, me parlait d\u00e9j\u00e0 d\u2019Orient \u2026.j\u2019 exposais ici et l\u00e0 en France et jusqu\u2019 au japon des pastels doux et fluides, nus et portraits, visions ang\u00e9liques et oniriques, j\u2019ornais de fresques et de mosa\u00efques les murs des h\u00f4tels, demeures bourgeoises, \u00e9tablissements priv\u00e9s et publics.\u201d<\/em><\/p>\n<\/div>\n<div><\/div>\n<div><strong>\u201cC\u2019 est en tant qu\u2019artiste que j\u2019ai \u00e9t\u00e9 invit\u00e9e \u00e0 participer \u00e0 l\u2019 aventure Art for Science\u00a0 et j\u2019 en suis tr\u00e8s honor\u00e9e. <\/strong><\/div>\n<div><strong>L\u2018histoire de Thomas et M\u00e9lanie est forte et inspiratrice, leur dynamisme est contagieux et porteur de rencontres donc de connexions et c\u2019est bien de cela dont il s\u2019 agit dans cette fabuleuse aventure du cerveau \u2026merci donc aux deux cerveaux que sont ces deux jeunes gens enthousiastes, g\u00e9n\u00e9rateurs de beaut\u00e9, d\u2019\u0153uvres d\u2019art et m\u2019 ayant conduit \u00e0 m\u2019 exprimer sur un th\u00e8me que je n\u2019 aurais pas n\u00e9cessairement abord\u00e9 sans cette rencontre inattendue et la proposition de cr\u00e9ation de \u201cArt for Science \u201c.<\/strong><\/div>\n<\/div>","protected":false},"excerpt":{"rendered":"<div>\u00ab\u00a0Les portes du r\u00eave\u00a0\u00bb by Anne Molines<\/div>\n<div>Acrylique sur toile<\/div>\n<div>1m x 1m .<\/div>\n<div><\/div>\n<div>Les portes du r\u00eave s&rsquo;ouvrent sur l&rsquo;infini de notre dimension d&rsquo; \u00eatre.<\/div>\n<div>Quel relais devient alors le cerveau ?<\/div>\n<div>Antenne entre le visible et l&rsquo;invisible, faite de ce r\u00e9seau de connexions complexes,\u00a0\u00a0ajust\u00e9e \u00e0 notre dimension int\u00e9rieure, cr\u00e9ant ainsi un nouveau langage en images, description du pass\u00e9, du pr\u00e9sent, du futur contenu dans le m\u00eame espace temps, l&rsquo; expression authentique de nous m\u00eame.<\/div>\n<div><\/div>","protected":false},"featured_media":2070,"template":"","meta":{"_mi_skip_tracking":false,"_monsterinsights_sitenote_active":false,"_monsterinsights_sitenote_note":"","_monsterinsights_sitenote_category":0,"spay_email":""},"product_cat":[38,55],"product_tag":[],"_links":{"self":[{"href":"https:\/\/www.artforscience.eu\/en\/wp-json\/wp\/v2\/product\/2069"}],"collection":[{"href":"https:\/\/www.artforscience.eu\/en\/wp-json\/wp\/v2\/product"}],"about":[{"href":"https:\/\/www.artforscience.eu\/en\/wp-json\/wp\/v2\/types\/product"}],"wp:featuredmedia":[{"embeddable":true,"href":"https:\/\/www.artforscience.eu\/en\/wp-json\/wp\/v2\/media\/2070"}],"wp:attachment":[{"href":"https:\/\/www.artforscience.eu\/en\/wp-json\/wp\/v2\/media?parent=2069"}],"wp:term":[{"taxonomy":"product_cat","embeddable":true,"href":"https:\/\/www.artforscience.eu\/en\/wp-json\/wp\/v2\/product_cat?post=2069"},{"taxonomy":"product_tag","embeddable":true,"href":"https:\/\/www.artforscience.eu\/en\/wp-json\/wp\/v2\/product_tag?post=2069"}],"curies":[{"name":"wp","href":"https:\/\/api.w.org\/{rel}","templated":true}]}}