{"id":2072,"date":"2020-02-23T23:26:36","date_gmt":"2020-02-23T22:26:36","guid":{"rendered":"https:\/\/www.artforscience.eu\/?post_type=product&#038;p=2072"},"modified":"2020-03-03T13:18:43","modified_gmt":"2020-03-03T12:18:43","slug":"dreamtime","status":"publish","type":"product","link":"https:\/\/www.artforscience.eu\/en\/voir-les-oeuvres-dart\/leila-moumen\/dreamtime\/","title":{"rendered":"Dreamtime"},"content":{"rendered":"<p>Dreamtime by Leila Moumen<\/p>\n<p>100 x 140 cm<br \/>\nLe temps du r\u00eave ou le r\u00eave \u00e9veill\u00e9 est pour les Aborig\u00e8nes, une des portes d&rsquo;acc\u00e8s \u00e0 d&rsquo;autres mondes.<\/p>\n<p>Syst\u00e8me dynamique complexe, il permet des interactions entre m\u00e9moire, temps des anc\u00eatres et moment pr\u00e9sent.<\/p>\n<p>En recueillir des enseignements accompagne une spiritualit\u00e9 renouvel\u00e9e.<\/p>\n<p><em>Qui est l\u2019artiste Leila Moumen ?<\/em><\/p>\n<div dir=\"auto\">Artiste peintre plasticienne, dipl\u00f4m\u00e9e de l\u2019\u00e9cole nationale sup\u00e9rieure des beaux arts de Lyon et enseignante agr\u00e9g\u00e9e en arts plastiques, Le\u00efla Moumen, nourrie de ses divers exp\u00e9rimentations et rencontres humaines, d\u00e9veloppe un travail aux multiples propositions : peinture, sculpture, photographie, installation, images anim\u00e9es, \u00e9criture.<\/div>\n<div dir=\"auto\">Son fil rouge reste centr\u00e9 sur la d\u00e9licatesse de la vie quotidienne et la joie de vivre.<\/div>","protected":false},"excerpt":{"rendered":"<p>Dreamtime by Leila Moumen<\/p>\n<p>100 x 140 cm<br \/>\nLe temps du r\u00eave ou le r\u00eave \u00e9veill\u00e9 est pour les Aborig\u00e8nes, une des portes d&rsquo;acc\u00e8s \u00e0 d&rsquo;autres mondes.<\/p>\n<p>Syst\u00e8me dynamique complexe, il permet des interactions entre m\u00e9moire, temps des anc\u00eatres et moment pr\u00e9sent.<\/p>\n<p>En recueillir des enseignements accompagne une spiritualit\u00e9 renouvel\u00e9e.<\/p>","protected":false},"featured_media":2073,"template":"","meta":{"_mi_skip_tracking":false,"_monsterinsights_sitenote_active":false,"_monsterinsights_sitenote_note":"","_monsterinsights_sitenote_category":0,"spay_email":""},"product_cat":[31,55],"product_tag":[],"_links":{"self":[{"href":"https:\/\/www.artforscience.eu\/en\/wp-json\/wp\/v2\/product\/2072"}],"collection":[{"href":"https:\/\/www.artforscience.eu\/en\/wp-json\/wp\/v2\/product"}],"about":[{"href":"https:\/\/www.artforscience.eu\/en\/wp-json\/wp\/v2\/types\/product"}],"wp:featuredmedia":[{"embeddable":true,"href":"https:\/\/www.artforscience.eu\/en\/wp-json\/wp\/v2\/media\/2073"}],"wp:attachment":[{"href":"https:\/\/www.artforscience.eu\/en\/wp-json\/wp\/v2\/media?parent=2072"}],"wp:term":[{"taxonomy":"product_cat","embeddable":true,"href":"https:\/\/www.artforscience.eu\/en\/wp-json\/wp\/v2\/product_cat?post=2072"},{"taxonomy":"product_tag","embeddable":true,"href":"https:\/\/www.artforscience.eu\/en\/wp-json\/wp\/v2\/product_tag?post=2072"}],"curies":[{"name":"wp","href":"https:\/\/api.w.org\/{rel}","templated":true}]}}