{"id":2074,"date":"2020-02-23T23:33:58","date_gmt":"2020-02-23T22:33:58","guid":{"rendered":"https:\/\/www.artforscience.eu\/?post_type=product&#038;p=2074"},"modified":"2021-06-25T22:34:44","modified_gmt":"2021-06-25T21:34:44","slug":"salle-dattente-aux-pamplemousses","status":"publish","type":"product","link":"https:\/\/www.artforscience.eu\/en\/voir-les-oeuvres-dart\/leila-moumen\/salle-dattente-aux-pamplemousses\/","title":{"rendered":"Salle d&rsquo;attente aux pamplemousses"},"content":{"rendered":"<p>Salle d&rsquo;attente aux pamplemousses by Leila Moumen<\/p>\n<p>140 x 100 cm<br \/>\nSensualit\u00e9 des corps suspendus \u00e0 une attente.<\/p>\n<p><em>Qui est l\u2019artiste Leila Moumen ?<\/em><\/p>\n<div dir=\"auto\">Artiste peintre plasticienne, dipl\u00f4m\u00e9e de l\u2019\u00e9cole nationale sup\u00e9rieure des beaux arts de Lyon et enseignante agr\u00e9g\u00e9e en arts plastiques, Le\u00efla Moumen, nourrie de ses divers exp\u00e9rimentations et rencontres humaines, d\u00e9veloppe un travail aux multiples propositions : peinture, sculpture, photographie, installation, images anim\u00e9es, \u00e9criture.<\/div>\n<div dir=\"auto\">Son fil rouge reste centr\u00e9 sur la d\u00e9licatesse de la vie quotidienne et la joie de vivre.<\/div>","protected":false},"excerpt":{"rendered":"<p>Salle d&rsquo;attente aux pamplemousses by Leila Moumen<\/p>\n<p>140 x 100 cm<\/p>\n<p>Sensualit\u00e9 des corps suspendus \u00e0 une attente.<\/p>","protected":false},"featured_media":2075,"template":"","meta":{"_mi_skip_tracking":false,"_monsterinsights_sitenote_active":false,"_monsterinsights_sitenote_note":"","_monsterinsights_sitenote_category":0,"spay_email":""},"product_cat":[31,55],"product_tag":[],"_links":{"self":[{"href":"https:\/\/www.artforscience.eu\/en\/wp-json\/wp\/v2\/product\/2074"}],"collection":[{"href":"https:\/\/www.artforscience.eu\/en\/wp-json\/wp\/v2\/product"}],"about":[{"href":"https:\/\/www.artforscience.eu\/en\/wp-json\/wp\/v2\/types\/product"}],"wp:featuredmedia":[{"embeddable":true,"href":"https:\/\/www.artforscience.eu\/en\/wp-json\/wp\/v2\/media\/2075"}],"wp:attachment":[{"href":"https:\/\/www.artforscience.eu\/en\/wp-json\/wp\/v2\/media?parent=2074"}],"wp:term":[{"taxonomy":"product_cat","embeddable":true,"href":"https:\/\/www.artforscience.eu\/en\/wp-json\/wp\/v2\/product_cat?post=2074"},{"taxonomy":"product_tag","embeddable":true,"href":"https:\/\/www.artforscience.eu\/en\/wp-json\/wp\/v2\/product_tag?post=2074"}],"curies":[{"name":"wp","href":"https:\/\/api.w.org\/{rel}","templated":true}]}}