{"id":2076,"date":"2020-02-23T23:37:49","date_gmt":"2020-02-23T22:37:49","guid":{"rendered":"https:\/\/www.artforscience.eu\/?post_type=product&#038;p=2076"},"modified":"2021-06-25T20:34:59","modified_gmt":"2021-06-25T19:34:59","slug":"identite-remarquable","status":"publish","type":"product","link":"https:\/\/www.artforscience.eu\/en\/voir-les-oeuvres-dart\/leila-moumen\/identite-remarquable\/","title":{"rendered":"Identit\u00e9 remarquable"},"content":{"rendered":"<p>Identit\u00e9 remarquable by Leila Moumen<br \/>\nDimensions : 100 x 140 cm<br \/>\nSomme exub\u00e9rante d&rsquo;images vari\u00e9es, construction h\u00e9t\u00e9roclite d&rsquo;un imaginaire en folie pour faire vivre un bien-\u00eatre assur\u00e9.<\/p>\n<p><em>Qui est l\u2019artiste Leila Moumen ?<\/em><\/p>\n<div dir=\"auto\">Artiste peintre plasticienne, dipl\u00f4m\u00e9e de l\u2019\u00e9cole nationale sup\u00e9rieure des beaux arts de Lyon et enseignante agr\u00e9g\u00e9e en arts plastiques, Le\u00efla Moumen, nourrie de ses divers exp\u00e9rimentations et rencontres humaines, d\u00e9veloppe un travail aux multiples propositions : peinture, sculpture, photographie, installation, images anim\u00e9es, \u00e9criture.<\/div>\n<div dir=\"auto\">Son fil rouge reste centr\u00e9 sur la d\u00e9licatesse de la vie quotidienne et la joie de vivre.<\/div>","protected":false},"excerpt":{"rendered":"<p>Identit\u00e9 remarquable by Leila Moumen<br \/>\nDimensions : 100 x 140 cm<br \/>\nSomme exub\u00e9rante d&rsquo;images vari\u00e9es, construction h\u00e9t\u00e9roclite d&rsquo;un imaginaire en folie pour faire vivre un bien-\u00eatre assur\u00e9.<\/p>","protected":false},"featured_media":2077,"template":"","meta":{"_mi_skip_tracking":false,"_monsterinsights_sitenote_active":false,"_monsterinsights_sitenote_note":"","_monsterinsights_sitenote_category":0,"spay_email":""},"product_cat":[31,55],"product_tag":[],"_links":{"self":[{"href":"https:\/\/www.artforscience.eu\/en\/wp-json\/wp\/v2\/product\/2076"}],"collection":[{"href":"https:\/\/www.artforscience.eu\/en\/wp-json\/wp\/v2\/product"}],"about":[{"href":"https:\/\/www.artforscience.eu\/en\/wp-json\/wp\/v2\/types\/product"}],"wp:featuredmedia":[{"embeddable":true,"href":"https:\/\/www.artforscience.eu\/en\/wp-json\/wp\/v2\/media\/2077"}],"wp:attachment":[{"href":"https:\/\/www.artforscience.eu\/en\/wp-json\/wp\/v2\/media?parent=2076"}],"wp:term":[{"taxonomy":"product_cat","embeddable":true,"href":"https:\/\/www.artforscience.eu\/en\/wp-json\/wp\/v2\/product_cat?post=2076"},{"taxonomy":"product_tag","embeddable":true,"href":"https:\/\/www.artforscience.eu\/en\/wp-json\/wp\/v2\/product_tag?post=2076"}],"curies":[{"name":"wp","href":"https:\/\/api.w.org\/{rel}","templated":true}]}}