{"id":2078,"date":"2020-02-23T23:53:03","date_gmt":"2020-02-23T22:53:03","guid":{"rendered":"https:\/\/www.artforscience.eu\/?post_type=product&#038;p=2078"},"modified":"2020-03-03T13:14:50","modified_gmt":"2020-03-03T12:14:50","slug":"ghir-enta","status":"publish","type":"product","link":"https:\/\/www.artforscience.eu\/en\/voir-les-oeuvres-dart\/emilie-teillaud\/ghir-enta\/","title":{"rendered":"Ghir Enta"},"content":{"rendered":"<p>Ghir Enta by Emilie Teillaud<\/p>\n<p>Brou de noix, encre or- encre de Chine avec encadrement<\/p>\n<p>2020<\/p>\n<p>5 nouvelles \u0153uvres empreintes de l&rsquo;immersion au c\u0153ur des neurosciences avec Art For Science.<\/p>\n<blockquote><p>Empreintes de ces moments qui, je le souhaite, procureront de belles \u00e9motions dans l&rsquo;\u00e2me des gens qui les croiseront, en nous rappelant \u00e9galement la force et l&rsquo;importance de l&rsquo;instant pr\u00e9sent.<\/p><\/blockquote>\n<p><em>Qui est Emilie Teillaud ?<\/em><\/p>\n<p><em>Des traits spontan\u00e9s<\/em><\/p>\n<p>Autodidacte, Emilie Teillaud s\u2019est consacr\u00e9e \u00e0 son art il y a quinze ans. Dans la peinture, la sculpture ou la c\u00e9ramique, son identit\u00e9 est indissociable de son activit\u00e9 cr\u00e9atrice. En r\u00e9sulte alors une peinture instinctive naissant dans la spontan\u00e9it\u00e9.<\/p>\n<p><em> Une tendresse onirique<\/em> Les oeuvres d\u2019Emilie Teillaud donnent \u00e0 voir des tendresses infinies : de la tendresse maternelle \u00e0 la tendresse charnelle, en passant par la fragilit\u00e9, l\u2019humilit\u00e9 ou la d\u00e9votion.<\/p>\n<p>Ses personnages, g\u00e9n\u00e9reux et lib\u00e9r\u00e9es, s\u2019enlacent dans un mouvement l\u00e9ger et fluide. La douceur de ses peintures est une v\u00e9ritable ode \u00e0 la vie, \u00e0 la patience et \u00e0 l\u2019amour.<\/p>\n<p><em>Une tendresse appr\u00e9ci\u00e9e<\/em><\/p>\n<p>La richesse des oeuvres d\u2019Emilie Teillaud valent \u00e0 l\u2019artiste de nombreuses expositions personnelles et collectives en Europe, en France, en Belgique, en Italie et en Autriche, mais aussi au Japon, en Chine et aux Etats-Unis.<\/p>\n<p>\u201cRiche de rencontres, de sourires, de vrais messages percutants lors du week-end en immersion avec Art for science, j\u2019ai pu mieux comprendre combien la cr\u00e9ation de liens humains peut apporter de l\u2019aide; soigner, et accompagner les patients.<\/p>\n<p>De ce fait, si gr\u00e2ce \u00e0 mon art je peux contribuer \u00e0 faire avancer la recherche, la science en soutenant l\u2019\u00e9quipe du professeur Duffau, il est \u00e9vident que mon implication ne peut en \u00eatre que plus forte.<\/p>\n<p>Il y a parfois dans la vie des moments, des mots qui \u00e9clairent, qui donnent encore plus envie de semer de l\u2019amour pour soulager les maux du coeur, ce que j\u2019essaye chaque jour de faire en peignant.\u201d<\/p>","protected":false},"excerpt":{"rendered":"<p>by Emilie Teillaud<\/p>\n<p>Brou de noix, encre or- encre de Chine avec encadrement<\/p>\n<p>2020<\/p>","protected":false},"featured_media":2079,"template":"","meta":{"_mi_skip_tracking":false,"_monsterinsights_sitenote_active":false,"_monsterinsights_sitenote_note":"","_monsterinsights_sitenote_category":0,"spay_email":""},"product_cat":[37,55],"product_tag":[],"_links":{"self":[{"href":"https:\/\/www.artforscience.eu\/en\/wp-json\/wp\/v2\/product\/2078"}],"collection":[{"href":"https:\/\/www.artforscience.eu\/en\/wp-json\/wp\/v2\/product"}],"about":[{"href":"https:\/\/www.artforscience.eu\/en\/wp-json\/wp\/v2\/types\/product"}],"wp:featuredmedia":[{"embeddable":true,"href":"https:\/\/www.artforscience.eu\/en\/wp-json\/wp\/v2\/media\/2079"}],"wp:attachment":[{"href":"https:\/\/www.artforscience.eu\/en\/wp-json\/wp\/v2\/media?parent=2078"}],"wp:term":[{"taxonomy":"product_cat","embeddable":true,"href":"https:\/\/www.artforscience.eu\/en\/wp-json\/wp\/v2\/product_cat?post=2078"},{"taxonomy":"product_tag","embeddable":true,"href":"https:\/\/www.artforscience.eu\/en\/wp-json\/wp\/v2\/product_tag?post=2078"}],"curies":[{"name":"wp","href":"https:\/\/api.w.org\/{rel}","templated":true}]}}