{"id":2085,"date":"2020-02-24T00:15:11","date_gmt":"2020-02-23T23:15:11","guid":{"rendered":"https:\/\/www.artforscience.eu\/?post_type=product&#038;p=2085"},"modified":"2020-03-03T13:13:21","modified_gmt":"2020-03-03T12:13:21","slug":"lendroit-ou-tu-es-heureux","status":"publish","type":"product","link":"https:\/\/www.artforscience.eu\/en\/voir-les-oeuvres-dart\/tableau\/lendroit-ou-tu-es-heureux\/","title":{"rendered":"L&rsquo;endroit o\u00f9 tu es heureux"},"content":{"rendered":"<p>L&rsquo;endroit o\u00f9 tu es heureux by Emilie Teillaud<\/p>\n<p>5 nouvelles \u0153uvres empreintes de l&rsquo;immersion au c\u0153ur des neurosciences avec Art For Science.<\/p>\n<blockquote><p>Empreintes de ces moments qui, je le souhaite, procureront de belles \u00e9motions dans l&rsquo;\u00e2me des gens qui les croiseront, en nous rappelant \u00e9galement la force et l&rsquo;importance de l&rsquo;instant pr\u00e9sent.<\/p><\/blockquote>\n<p>146 cm x 97cm<\/p>\n<p>Techniques mixtes sur toile<\/p>\n<p>2020<\/p>\n<p><em>Qui est Emilie Teillaud ?<\/em><\/p>\n<p><em>Des traits spontan\u00e9s<\/em><\/p>\n<p>Autodidacte, Emilie Teillaud s\u2019est consacr\u00e9e \u00e0 son art il y a quinze ans. Dans la peinture, la sculpture ou la c\u00e9ramique, son identit\u00e9 est indissociable de son activit\u00e9 cr\u00e9atrice. En r\u00e9sulte alors une peinture instinctive naissant dans la spontan\u00e9it\u00e9.<\/p>\n<p><em> Une tendresse onirique<\/em> Les oeuvres d\u2019Emilie Teillaud donnent \u00e0 voir des tendresses infinies : de la tendresse maternelle \u00e0 la tendresse charnelle, en passant par la fragilit\u00e9, l\u2019humilit\u00e9 ou la d\u00e9votion.<\/p>\n<p>Ses personnages, g\u00e9n\u00e9reux et lib\u00e9r\u00e9es, s\u2019enlacent dans un mouvement l\u00e9ger et fluide. La douceur de ses peintures est une v\u00e9ritable ode \u00e0 la vie, \u00e0 la patience et \u00e0 l\u2019amour.<\/p>\n<p><em>Une tendresse appr\u00e9ci\u00e9e<\/em><\/p>\n<p>La richesse des oeuvres d\u2019Emilie Teillaud valent \u00e0 l\u2019artiste de nombreuses expositions personnelles et collectives en Europe, en France, en Belgique, en Italie et en Autriche, mais aussi au Japon, en Chine et aux Etats-Unis.<\/p>","protected":false},"excerpt":{"rendered":"<p>L&rsquo;endroit o\u00f9 tu es heureux by Emilie Teillaud<\/p>\n<p>146 cm x 97cm<\/p>\n<p>Techniques mixtes sur toile<\/p>","protected":false},"featured_media":2080,"template":"","meta":{"_mi_skip_tracking":false,"_monsterinsights_sitenote_active":false,"_monsterinsights_sitenote_note":"","_monsterinsights_sitenote_category":0,"spay_email":""},"product_cat":[37,30],"product_tag":[],"_links":{"self":[{"href":"https:\/\/www.artforscience.eu\/en\/wp-json\/wp\/v2\/product\/2085"}],"collection":[{"href":"https:\/\/www.artforscience.eu\/en\/wp-json\/wp\/v2\/product"}],"about":[{"href":"https:\/\/www.artforscience.eu\/en\/wp-json\/wp\/v2\/types\/product"}],"wp:featuredmedia":[{"embeddable":true,"href":"https:\/\/www.artforscience.eu\/en\/wp-json\/wp\/v2\/media\/2080"}],"wp:attachment":[{"href":"https:\/\/www.artforscience.eu\/en\/wp-json\/wp\/v2\/media?parent=2085"}],"wp:term":[{"taxonomy":"product_cat","embeddable":true,"href":"https:\/\/www.artforscience.eu\/en\/wp-json\/wp\/v2\/product_cat?post=2085"},{"taxonomy":"product_tag","embeddable":true,"href":"https:\/\/www.artforscience.eu\/en\/wp-json\/wp\/v2\/product_tag?post=2085"}],"curies":[{"name":"wp","href":"https:\/\/api.w.org\/{rel}","templated":true}]}}