{"id":2089,"date":"2020-02-24T00:30:40","date_gmt":"2020-02-23T23:30:40","guid":{"rendered":"https:\/\/www.artforscience.eu\/?post_type=product&#038;p=2089"},"modified":"2020-03-03T13:12:57","modified_gmt":"2020-03-03T12:12:57","slug":"naissance-dune-idee-ou-la-lumineuse-seve-de-nos-pensees","status":"publish","type":"product","link":"https:\/\/www.artforscience.eu\/en\/voir-les-oeuvres-dart\/carasco\/naissance-dune-idee-ou-la-lumineuse-seve-de-nos-pensees\/","title":{"rendered":"Naissance d&rsquo;une id\u00e9e &#8211; ou la lumineuse s\u00e8ve de nos pens\u00e9es"},"content":{"rendered":"<div>Naissance d&rsquo;une id\u00e9e &#8211; ou la lumineuse s\u00e8ve de nos pens\u00e9es by Carasco<\/div>\n<div>\n<div>Format cadre 40 x 50 cm<\/div>\n<div>Format du cyanotype 23 x 29 cm<\/div>\n<\/div>\n<div><\/div>\n<div>Cyanotype original sur papier 300g &#8211; Empreintes de branches<\/div>\n<div><\/div>\n<div>Empreinte d&rsquo;une transmission. Connexions et branchements \u00e0 la s\u00e8ve lumineuse.<\/div>\n<div><\/div>\n<p><em>Qui est l\u2019artiste Carasco ?<\/em><\/p>\n<div>\u201cJe m\u2019appelle Emilie alias Carasco, artiste lyonnaise n\u00e9e au milieu des champs, j\u2019explore la nature dans ce qu\u2019elle a de po\u00e9tique, d\u2019unique, de complexe, de sensible \u00e0 travers une technique alternative de photographie r\u00e9clamant l\u2019aide des \u00e9l\u00e9ments.<br \/>\nLa cyanotypie est un proc\u00e9d\u00e9 photographique monochrome bas\u00e9 sur les propri\u00e9t\u00e9s photosensibles des sels de fer. De la chimie. De la magie, en fait.<br \/>\nLe soleil trace la silhouette, les nervures, les d\u00e9tails. Le vent bouscule, soul\u00e8ve, d\u00e9place et donne les nuances. Il y a la lumi\u00e8re et il y a les ombres, celles qui \u00e9tendent la palette des tonalit\u00e9s et rendent les contours un peu flous. Et puis il y a l\u2019eau qui r\u00e9v\u00e8le, fixe et fait appara\u00eetre ce bleu de Prusse si caract\u00e9ristique. Je suis l\u00e0, face \u00e0 la nature cr\u00e9atrice et je me contente d\u2019orchestrer, de coordonner. Je me sens funambule, marchant sur un fil entre le r\u00e9el et l\u2019imaginaire, une sorte de conteuse \u00e0 ma mani\u00e8re au travers de la mati\u00e8re.<br \/>\nLe monde de Carasco c\u2019est cela, mon terrain de jeu, mon champ des possibles, un champ o\u00f9 poussent les fleurs et les jolies histoires.<\/div>\n<div><\/div>\n<div>\u201d<em>Pourquoi faire partie de l\u2019aventure Art For Science ?<\/em><\/div>\n<div>\u201cPour les \u00e9vidences.<\/div>\n<div>La cause d\u2019abord et son \u00e9cho dans mon monde. Puis les rencontres et les savoirs partag\u00e9s \u00e0 la crois\u00e9e des chemins. Pour la d\u00e9marche cr\u00e9ative et le d\u00e9fi des liens entre la nature et la science, dans mes cyanotypes qui m\u00ealent pourtant d\u00e9j\u00e0 les deux, les \u00e9l\u00e9ments et la chimie.<br \/>\nL\u2019Art, la Science, la Nature pour une seule \u00e9nergie cr\u00e9atrice. En connexion.\u201d<\/div>","protected":false},"excerpt":{"rendered":"<div>Naissance d&rsquo;une id\u00e9e &#8211; ou la lumineuse s\u00e8ve de nos pens\u00e9es by Carasco<\/div>\n<div>\n<div><\/div>\n<div>Empreinte d&rsquo;une transmission. Connexions et branchements \u00e0 la s\u00e8ve lumineuse.<\/div>\n<div>\n<div><\/div>\n<div>Cyanotype original sur papier 300g &#8211; Empreintes de branches<\/div>\n<\/div>\n<div><\/div>\n<\/div>\n<div>\n<div>Format cadre 40 x 50 cm<\/div>\n<div>Format du cyanotype 23 x 29 cm<\/div>\n<\/div>","protected":false},"featured_media":2088,"template":"","meta":{"_mi_skip_tracking":false,"_monsterinsights_sitenote_active":false,"_monsterinsights_sitenote_note":"","_monsterinsights_sitenote_category":0,"spay_email":""},"product_cat":[45,46],"product_tag":[],"_links":{"self":[{"href":"https:\/\/www.artforscience.eu\/en\/wp-json\/wp\/v2\/product\/2089"}],"collection":[{"href":"https:\/\/www.artforscience.eu\/en\/wp-json\/wp\/v2\/product"}],"about":[{"href":"https:\/\/www.artforscience.eu\/en\/wp-json\/wp\/v2\/types\/product"}],"wp:featuredmedia":[{"embeddable":true,"href":"https:\/\/www.artforscience.eu\/en\/wp-json\/wp\/v2\/media\/2088"}],"wp:attachment":[{"href":"https:\/\/www.artforscience.eu\/en\/wp-json\/wp\/v2\/media?parent=2089"}],"wp:term":[{"taxonomy":"product_cat","embeddable":true,"href":"https:\/\/www.artforscience.eu\/en\/wp-json\/wp\/v2\/product_cat?post=2089"},{"taxonomy":"product_tag","embeddable":true,"href":"https:\/\/www.artforscience.eu\/en\/wp-json\/wp\/v2\/product_tag?post=2089"}],"curies":[{"name":"wp","href":"https:\/\/api.w.org\/{rel}","templated":true}]}}