{"id":2104,"date":"2020-02-26T07:20:11","date_gmt":"2020-02-26T06:20:11","guid":{"rendered":"https:\/\/www.artforscience.eu\/?post_type=product&#038;p=2104"},"modified":"2020-03-03T13:08:10","modified_gmt":"2020-03-03T12:08:10","slug":"etre-crane-ii","status":"publish","type":"product","link":"https:\/\/www.artforscience.eu\/en\/voir-les-oeuvres-dart\/lo\/etre-crane-ii\/","title":{"rendered":"\u00catre cr\u00e2ne II"},"content":{"rendered":"<p>\u00catre cr\u00e2ne II<\/p>\n<p>Livre d\u2019artiste L\u00f4<\/p>\n<p>Verre fusionn\u00e9, \u00e9maill\u00e9 Papier coll\u00e9, d\u00e9coup\u00e9 Po\u00e8me calligraphi\u00e9<\/p>\n<p>Le ciel ouvert entre les sutures les yeux ouverts \u00e0 l\u2019embrasure et sous la vo\u00fbte le fruit de la terre \u00e0 cueillir tout le verger \u00e0 nourrir de sucre et d\u2019inconnu l\u2019infinitude de l\u2019homme en fenaison perp\u00e9tuelle en floraison contigu\u00eb.<\/p>\n<p>Po\u00e8me et Livre d\u2019artiste<\/p>\n<p>4 exemplaires num\u00e9rot\u00e9s et sign\u00e9s,<\/p>\n<p>130 x 130 x 20 mm<\/p>\n<p>cr\u00e9\u00e9s en janvier 2020<\/p>\n<p><em>Qui est l&rsquo;artiste \u00ab\u00a0L\u00f4\u00a0\u00bb Laurence Bourgeois ?<\/em><\/p>\n<p>Verrier, po\u00e8te et artiste du livre, L\u00f4 cr\u00e9e depuis plus de quinze ans dans son atelier <em>\u00e9crits po\u00e9tiques de verre et papier<\/em> une \u0153uvre singuli\u00e8re o\u00f9 dialoguent mati\u00e8res et po\u00e9sie.<\/p>\n<p>En \u00e9cho aux po\u00e8mes naissent des encres in\u00e9dites, des papiers originaux et surtout des verres.<\/p>\n<p>Ainsi elle convie dans ses \u0153uvres une palette de technique impressionnante : de la fusion \u00e0 la gravure, du sablage \u00e0 l&rsquo;\u00e9maillage, la vitrification de mat\u00e9riaux inattendus&#8230;..\u00a0 Elle a r\u00e9alis\u00e9 une centaine de livres d&rsquo;artistes.<\/p>\n<p>Po\u00e9sie : L\u00f4 \u00a0a publi\u00e9 plusieurs recueils de po\u00e8mes, <em>Ainsi le pli<\/em>,\u00a0 <em>Le bruit des cailloux<\/em>, \u00e9ditions la voix du po\u00e8me, <em>Feu blanc<\/em>, \u00e9ditions du petit pois, <em>Falaises du corps<\/em>, \u00e9ditions Rafael de Surtis, <em>NILI FOSS\u00c6<\/em>,\u00a0 \u00e9ditions Rafael de Surtis, <em>Rendre l&rsquo;or<\/em>, \u00e9ditions Pourquoi viens tu si tard ?<\/p>\n<p><em>Le mot de l&rsquo;artiste concernant l&rsquo;aventure Art For Science :<\/em><\/p>\n<p>L&rsquo;aventure Art for science est une exp\u00e9rience soudaine, inattendue comme l&rsquo;inspiration !<\/p>","protected":false},"excerpt":{"rendered":"<p>\u00catre cr\u00e2ne II<\/p>\n<p>Livre d\u2019artiste L\u00f4<\/p>\n<p>Verre fusionn\u00e9, \u00e9maill\u00e9 Papier coll\u00e9, d\u00e9coup\u00e9 Po\u00e8me calligraphi\u00e9<\/p>\n<p>Le ciel ouvert entre les sutures les yeux ouverts \u00e0 l\u2019embrasure et sous la vo\u00fbte le fruit de la terre \u00e0 cueillir tout le verger \u00e0 nourrir de sucre et d\u2019inconnu l\u2019infinitude de l\u2019homme en fenaison perp\u00e9tuelle en floraison contigu\u00eb.<\/p>\n<p>Po\u00e8me et Livre d\u2019artiste<\/p>\n<p>Achat imm\u00e9diat 1 250\u20ac<\/p>","protected":false},"featured_media":2096,"template":"","meta":{"_mi_skip_tracking":false,"_monsterinsights_sitenote_active":false,"_monsterinsights_sitenote_note":"","_monsterinsights_sitenote_category":0,"spay_email":""},"product_cat":[58,59],"product_tag":[],"_links":{"self":[{"href":"https:\/\/www.artforscience.eu\/en\/wp-json\/wp\/v2\/product\/2104"}],"collection":[{"href":"https:\/\/www.artforscience.eu\/en\/wp-json\/wp\/v2\/product"}],"about":[{"href":"https:\/\/www.artforscience.eu\/en\/wp-json\/wp\/v2\/types\/product"}],"wp:featuredmedia":[{"embeddable":true,"href":"https:\/\/www.artforscience.eu\/en\/wp-json\/wp\/v2\/media\/2096"}],"wp:attachment":[{"href":"https:\/\/www.artforscience.eu\/en\/wp-json\/wp\/v2\/media?parent=2104"}],"wp:term":[{"taxonomy":"product_cat","embeddable":true,"href":"https:\/\/www.artforscience.eu\/en\/wp-json\/wp\/v2\/product_cat?post=2104"},{"taxonomy":"product_tag","embeddable":true,"href":"https:\/\/www.artforscience.eu\/en\/wp-json\/wp\/v2\/product_tag?post=2104"}],"curies":[{"name":"wp","href":"https:\/\/api.w.org\/{rel}","templated":true}]}}