{"id":2106,"date":"2020-02-24T01:50:45","date_gmt":"2020-02-24T00:50:45","guid":{"rendered":"https:\/\/www.artforscience.eu\/?post_type=product&#038;p=2106"},"modified":"2021-02-03T21:17:35","modified_gmt":"2021-02-03T20:17:35","slug":"pyramide-de-massflow","status":"publish","type":"product","link":"https:\/\/www.artforscience.eu\/en\/voir-les-oeuvres-dart\/prise-de-recul\/pyramide-de-massflow\/","title":{"rendered":"Pyramide de Massflow"},"content":{"rendered":"<p>Pyramide de massflow by Prise de Recul<\/p>\n<p>L&rsquo;intelligence \u00e9motionnelle prend le dessus sur nos fonctions ex\u00e9cutives. Hi\u00e9rarchie des intelligences qui guident nos actions conscientes et inconscientes et endigues les autres.<\/p>\n<p>L\u2019\u0153il regarde la pyramide &amp; La pyramide regarde l\u2019\u0153il : prisme de l&rsquo;action vers la profondeur &amp; prisme de la prise de recul.<\/p>\n<p>46 x 48 cm<\/p>\n<p>Encres de Chine<\/p>","protected":false},"excerpt":{"rendered":"<p>Pyramide de massflow by Prise de Recul<\/p>\n<p>L&rsquo;intelligence \u00e9motionnelle prend le dessus sur nos fonctions ex\u00e9cutives. Hi\u00e9rarchie des intelligences qui guident nos actions conscientes et inconscientes et endigues les autres.<\/p>\n<p>46 x 48 cm<\/p>\n<p>Encres de Chine<\/p>","protected":false},"featured_media":2111,"template":"","meta":{"_mi_skip_tracking":false,"_monsterinsights_sitenote_active":false,"_monsterinsights_sitenote_note":"","_monsterinsights_sitenote_category":0,"spay_email":""},"product_cat":[55,40],"product_tag":[],"_links":{"self":[{"href":"https:\/\/www.artforscience.eu\/en\/wp-json\/wp\/v2\/product\/2106"}],"collection":[{"href":"https:\/\/www.artforscience.eu\/en\/wp-json\/wp\/v2\/product"}],"about":[{"href":"https:\/\/www.artforscience.eu\/en\/wp-json\/wp\/v2\/types\/product"}],"wp:featuredmedia":[{"embeddable":true,"href":"https:\/\/www.artforscience.eu\/en\/wp-json\/wp\/v2\/media\/2111"}],"wp:attachment":[{"href":"https:\/\/www.artforscience.eu\/en\/wp-json\/wp\/v2\/media?parent=2106"}],"wp:term":[{"taxonomy":"product_cat","embeddable":true,"href":"https:\/\/www.artforscience.eu\/en\/wp-json\/wp\/v2\/product_cat?post=2106"},{"taxonomy":"product_tag","embeddable":true,"href":"https:\/\/www.artforscience.eu\/en\/wp-json\/wp\/v2\/product_tag?post=2106"}],"curies":[{"name":"wp","href":"https:\/\/api.w.org\/{rel}","templated":true}]}}