{"id":2116,"date":"2020-02-26T07:30:21","date_gmt":"2020-02-26T06:30:21","guid":{"rendered":"https:\/\/www.artforscience.eu\/?post_type=product&#038;p=2116"},"modified":"2021-02-03T21:16:40","modified_gmt":"2021-02-03T20:16:40","slug":"brain-control","status":"publish","type":"product","link":"https:\/\/www.artforscience.eu\/en\/voir-les-oeuvres-dart\/tableau\/brain-control\/","title":{"rendered":"Brain control"},"content":{"rendered":"<p>Brain control by Prise de Recul<\/p>\n<p>100 x 24 x 34 cm<\/p>\n<p>Acrylique sur papier \u00e9pais, entre deux verres pour une nature qui t\u00e9moigne de la floraison du cerveau.Traits d&rsquo;\u00e9nergies de l&rsquo;environnement qui nous entourent.<\/p>\n<p>On puise de l&rsquo;\u00e9nergie de la terre<em> (traits d&rsquo;\u00e9nergies verts et marrons au commencement de la toile)<\/em> jusqu&rsquo;au ciel.<\/p>\n<p>Cette \u0153uvre pose la question de l&rsquo;influence, voir du contr\u00f4le, de notre d\u00e9veloppement c\u00e9r\u00e9bral.<\/p>","protected":false},"excerpt":{"rendered":"<p>Brain control by Prise de Recul<\/p>\n<p>100 x 24 x 34 cm<\/p>\n<p>Acrylique sur papier \u00e9pais, entre deux verres pour une nature qui t\u00e9moigne de la floraison du cerveau.Traits d&rsquo;\u00e9nergies de l&rsquo;environnement qui nous entourent.<\/p>\n<p>On puise de l&rsquo;\u00e9nergie de la terre<em> (traits d&rsquo;\u00e9nergies verts et marrons au commencement de la toile)<\/em> jusqu&rsquo;au ciel.<\/p>\n<p>Cette \u0153uvre pose la question de l&rsquo;influence, voir du contr\u00f4le, de notre d\u00e9veloppement c\u00e9r\u00e9bral.<\/p>","protected":false},"featured_media":2114,"template":"","meta":{"_mi_skip_tracking":false,"_monsterinsights_sitenote_active":false,"_monsterinsights_sitenote_note":"","_monsterinsights_sitenote_category":0,"spay_email":""},"product_cat":[40,30],"product_tag":[],"_links":{"self":[{"href":"https:\/\/www.artforscience.eu\/en\/wp-json\/wp\/v2\/product\/2116"}],"collection":[{"href":"https:\/\/www.artforscience.eu\/en\/wp-json\/wp\/v2\/product"}],"about":[{"href":"https:\/\/www.artforscience.eu\/en\/wp-json\/wp\/v2\/types\/product"}],"wp:featuredmedia":[{"embeddable":true,"href":"https:\/\/www.artforscience.eu\/en\/wp-json\/wp\/v2\/media\/2114"}],"wp:attachment":[{"href":"https:\/\/www.artforscience.eu\/en\/wp-json\/wp\/v2\/media?parent=2116"}],"wp:term":[{"taxonomy":"product_cat","embeddable":true,"href":"https:\/\/www.artforscience.eu\/en\/wp-json\/wp\/v2\/product_cat?post=2116"},{"taxonomy":"product_tag","embeddable":true,"href":"https:\/\/www.artforscience.eu\/en\/wp-json\/wp\/v2\/product_tag?post=2116"}],"curies":[{"name":"wp","href":"https:\/\/api.w.org\/{rel}","templated":true}]}}