{"id":2117,"date":"2020-02-26T07:41:08","date_gmt":"2020-02-26T06:41:08","guid":{"rendered":"https:\/\/www.artforscience.eu\/?post_type=product&#038;p=2117"},"modified":"2021-02-03T21:14:30","modified_gmt":"2021-02-03T20:14:30","slug":"cerveau-malin","status":"publish","type":"product","link":"https:\/\/www.artforscience.eu\/en\/voir-les-oeuvres-dart\/tableau\/cerveau-malin\/","title":{"rendered":"Cerveau malin"},"content":{"rendered":"<p>Cerveau malin by Prise de Recul<\/p>\n<p>50 cm x 70 cm<\/p>\n<p>Acrylique blanche, entre deux verres pour une nature qui t\u00e9moigne de la floraison du cerveau.Traits d&rsquo;\u00e9nergies blanc ton sur ton, de l&rsquo;environnement qui nous entourent et de l&rsquo;expansion invisible mais pourtant l\u00e0.<\/p>\n<p>Les apparences ne sont pas le reflet de notre r\u00e9alit\u00e9.<\/p>\n<p>Le cerveau cr\u00e9e sa propre r\u00e9alit\u00e9.<\/p>","protected":false},"excerpt":{"rendered":"<p>Cerveau malin by Prise de Recul<\/p>\n<p>50 cm x 70 cm<\/p>\n<p>Acrylique blanche, entre deux verres pour une nature qui t\u00e9moigne de la floraison du cerveau.Traits d&rsquo;\u00e9nergies blanc ton sur ton, de l&rsquo;environnement qui nous entourent et de l&rsquo;expansion invisible mais pourtant l\u00e0.<\/p>\n<p>Les apparences ne sont pas le reflet de notre r\u00e9alit\u00e9.<\/p>\n<p>Le cerveau cr\u00e9e sa propre r\u00e9alit\u00e9.<\/p>","protected":false},"featured_media":2110,"template":"","meta":{"_mi_skip_tracking":false,"_monsterinsights_sitenote_active":false,"_monsterinsights_sitenote_note":"","_monsterinsights_sitenote_category":0,"spay_email":""},"product_cat":[40,30],"product_tag":[],"_links":{"self":[{"href":"https:\/\/www.artforscience.eu\/en\/wp-json\/wp\/v2\/product\/2117"}],"collection":[{"href":"https:\/\/www.artforscience.eu\/en\/wp-json\/wp\/v2\/product"}],"about":[{"href":"https:\/\/www.artforscience.eu\/en\/wp-json\/wp\/v2\/types\/product"}],"wp:featuredmedia":[{"embeddable":true,"href":"https:\/\/www.artforscience.eu\/en\/wp-json\/wp\/v2\/media\/2110"}],"wp:attachment":[{"href":"https:\/\/www.artforscience.eu\/en\/wp-json\/wp\/v2\/media?parent=2117"}],"wp:term":[{"taxonomy":"product_cat","embeddable":true,"href":"https:\/\/www.artforscience.eu\/en\/wp-json\/wp\/v2\/product_cat?post=2117"},{"taxonomy":"product_tag","embeddable":true,"href":"https:\/\/www.artforscience.eu\/en\/wp-json\/wp\/v2\/product_tag?post=2117"}],"curies":[{"name":"wp","href":"https:\/\/api.w.org\/{rel}","templated":true}]}}