{"id":2118,"date":"2020-02-26T07:46:11","date_gmt":"2020-02-26T06:46:11","guid":{"rendered":"https:\/\/www.artforscience.eu\/?post_type=product&#038;p=2118"},"modified":"2021-02-03T21:13:48","modified_gmt":"2021-02-03T20:13:48","slug":"cerveau-en-expansion","status":"publish","type":"product","link":"https:\/\/www.artforscience.eu\/en\/voir-les-oeuvres-dart\/tableau\/cerveau-en-expansion\/","title":{"rendered":"Cerveau en expansion"},"content":{"rendered":"<p>Cerveau en expansion by Prise de Recul<\/p>\n<p>50 cm x 70 cm<\/p>\n<p>Encre de Chine rouge, acrylique blanche, entre deux verres pour une nature qui t\u00e9moigne de la floraison du cerveau.<\/p>\n<p>Encre de Chine rouge, noir, grise, fourmillement des neurones, autoroutes de l&rsquo;information.<\/p>\n<p>Connexions physiques et distanciels, le cerveau est connect\u00e9 \u00e0 lui m\u00eame et \u00e0 l&rsquo;environnement.<\/p>\n<p>Traits d&rsquo;\u00e9nergies blanc ton sur ton, de l&rsquo;environnement qui nous entourent et de l&rsquo;expansion invisible mais pourtant l\u00e0.<\/p>\n<p>Les apparences ne sont pas le reflet de notre r\u00e9alit\u00e9, le cerveau cr\u00e9e sa propre r\u00e9alit\u00e9.<\/p>","protected":false},"excerpt":{"rendered":"<p>Cerveau en expansion by Prise de Recul<\/p>\n<p>50 cm x 70 cm<\/p>\n<p>Encre de Chine rouge, acrylique blanche, entre deux verres pour une nature qui t\u00e9moigne de la floraison du cerveau.<\/p>\n<p>Encre de Chine rouge, noir, grise, fourmillement des neurones, autoroutes de l&rsquo;information.<\/p>\n<p>Connexions physiques et distanciels, le cerveau est connect\u00e9 \u00e0 lui m\u00eame et \u00e0 l&rsquo;environnement.<\/p>\n<p>Traits d&rsquo;\u00e9nergies blanc ton sur ton, de l&rsquo;environnement qui nous entourent et de l&rsquo;expansion invisible mais pourtant l\u00e0.<\/p>\n<p>Les apparences ne sont pas le reflet de notre r\u00e9alit\u00e9, le cerveau cr\u00e9e sa propre r\u00e9alit\u00e9.<\/p>","protected":false},"featured_media":2108,"template":"","meta":{"_mi_skip_tracking":false,"_monsterinsights_sitenote_active":false,"_monsterinsights_sitenote_note":"","_monsterinsights_sitenote_category":0,"spay_email":""},"product_cat":[40,30],"product_tag":[],"_links":{"self":[{"href":"https:\/\/www.artforscience.eu\/en\/wp-json\/wp\/v2\/product\/2118"}],"collection":[{"href":"https:\/\/www.artforscience.eu\/en\/wp-json\/wp\/v2\/product"}],"about":[{"href":"https:\/\/www.artforscience.eu\/en\/wp-json\/wp\/v2\/types\/product"}],"wp:featuredmedia":[{"embeddable":true,"href":"https:\/\/www.artforscience.eu\/en\/wp-json\/wp\/v2\/media\/2108"}],"wp:attachment":[{"href":"https:\/\/www.artforscience.eu\/en\/wp-json\/wp\/v2\/media?parent=2118"}],"wp:term":[{"taxonomy":"product_cat","embeddable":true,"href":"https:\/\/www.artforscience.eu\/en\/wp-json\/wp\/v2\/product_cat?post=2118"},{"taxonomy":"product_tag","embeddable":true,"href":"https:\/\/www.artforscience.eu\/en\/wp-json\/wp\/v2\/product_tag?post=2118"}],"curies":[{"name":"wp","href":"https:\/\/api.w.org\/{rel}","templated":true}]}}