{"id":2145,"date":"2020-02-26T11:42:19","date_gmt":"2020-02-26T10:42:19","guid":{"rendered":"https:\/\/www.artforscience.eu\/?post_type=product&#038;p=2145"},"modified":"2020-03-03T13:08:35","modified_gmt":"2020-03-03T12:08:35","slug":"2145","status":"publish","type":"product","link":"https:\/\/www.artforscience.eu\/en\/voir-les-oeuvres-dart\/photographie\/2145\/","title":{"rendered":"CIRCUIT \u00b01 photo sur dibond"},"content":{"rendered":"<p>CIRCUIT \u00b01 photo sur dibond by Vincent Delesvaux<\/p>\n<p>Tirage dibond orn\u00e9 d\u2019une caisse am\u00e9ricainenoire<\/p>\n<p>50&#215;50 cm<\/p>\n<p>2 kg<\/p>\n<p>Tirage 1\/10<\/p>\n<p><em>Qui est l\u2019artiste Vincent Delesvaux ?<\/em><\/p>\n<p>Explorant les moyens qu\u2019offre la photographie en pose longue et la technique du light painting, Diliz s\u2019int\u00e9resse \u00e0 l\u2019influence de la lumi\u00e8re sur la mati\u00e8re, \u00e0 la recr\u00e9ation de l\u2019environnement et au rapport au r\u00e9el. Le mouvement lumineux lui sert \u00e0 cr\u00e9er un pont entre l\u2019infini des possibles et le visible.<\/p>\n<div class=\"clear\"><\/div>\n<div class=\"biocorp\">\n<div class=\"biotitre\">Prix :<\/div>\n<div class=\"bioarticle\">\n<p>2nd place Light Painting Award 2016 \/\/ Festival Campgn\u2019art 2016 \/\/ Festival Linselles 2015<\/p>\n<\/div>\n<\/div>\n<div class=\"clear\"><\/div>\n<div class=\"biocorp\">\n<div class=\"biotitre\">Publications :<\/div>\n<div class=\"bioarticle\">\n<p>Street Art jeux \u00e9ph\u00e9m\u00e9res\/Sophie Pujas \u2013 2016 \/\/ Night Photography and Light Painting\/Lance Keiming \u2013 2015 \/\/ Fisheye 2015 \/\/ Phototech 2012 \/\/ Azart 2011 \/\/ Magazine Photo 2009<\/p>\n<\/div>\n<\/div>","protected":false},"excerpt":{"rendered":"<p>CIRCUIT \u00b01 photo sur dibond by Vincent Delesvaux<\/p>\n<p>Tirage dibond orn\u00e9 d\u2019une caisse am\u00e9ricainenoire<\/p>\n<p>50&#215;50 cm<\/p>\n<p>2 kg<\/p>\n<p>Tirage 1\/10<\/p>\n<p><em>Qui est l\u2019artiste Vincent Delesvaux ?<\/em><\/p>\n<p>Explorant les moyens qu\u2019offre la photographie en pose longue et la technique du light painting, Diliz s\u2019int\u00e9resse \u00e0 l\u2019influence de la lumi\u00e8re sur la mati\u00e8re, \u00e0 la recr\u00e9ation de l\u2019environnement et au rapport au r\u00e9el. Le mouvement lumineux lui sert \u00e0 cr\u00e9er un pont entre l\u2019infini des possibles et le visible.<\/p>\n<p>Achat imm\u00e9diat 900\u20ac<\/p>","protected":false},"featured_media":1368,"template":"","meta":{"_mi_skip_tracking":false,"_monsterinsights_sitenote_active":false,"_monsterinsights_sitenote_note":"","_monsterinsights_sitenote_category":0,"spay_email":""},"product_cat":[43,50],"product_tag":[],"_links":{"self":[{"href":"https:\/\/www.artforscience.eu\/en\/wp-json\/wp\/v2\/product\/2145"}],"collection":[{"href":"https:\/\/www.artforscience.eu\/en\/wp-json\/wp\/v2\/product"}],"about":[{"href":"https:\/\/www.artforscience.eu\/en\/wp-json\/wp\/v2\/types\/product"}],"wp:featuredmedia":[{"embeddable":true,"href":"https:\/\/www.artforscience.eu\/en\/wp-json\/wp\/v2\/media\/1368"}],"wp:attachment":[{"href":"https:\/\/www.artforscience.eu\/en\/wp-json\/wp\/v2\/media?parent=2145"}],"wp:term":[{"taxonomy":"product_cat","embeddable":true,"href":"https:\/\/www.artforscience.eu\/en\/wp-json\/wp\/v2\/product_cat?post=2145"},{"taxonomy":"product_tag","embeddable":true,"href":"https:\/\/www.artforscience.eu\/en\/wp-json\/wp\/v2\/product_tag?post=2145"}],"curies":[{"name":"wp","href":"https:\/\/api.w.org\/{rel}","templated":true}]}}