{"id":3440,"date":"2021-06-25T20:49:21","date_gmt":"2021-06-25T19:49:21","guid":{"rendered":"https:\/\/www.artforscience.eu\/?post_type=product&#038;p=3440"},"modified":"2022-05-26T21:45:35","modified_gmt":"2022-05-26T20:45:35","slug":"unis-vers-luni","status":"publish","type":"product","link":"https:\/\/www.artforscience.eu\/en\/voir-les-oeuvres-dart\/soeurs-bastelica\/unis-vers-luni\/","title":{"rendered":"Unis vers l&rsquo;uni"},"content":{"rendered":"<div>Acrylique sur chassis en Lin 3D<\/div>\n<div dir=\"auto\">Dimensions &#8211; 100\u00a0 X 100 cm<\/div>\n<div dir=\"auto\">Oeuvre sign\u00e9e, cr\u00e9\u00e9e suite \u00e0 la rencontre neuro-artistes Art For Science, en exclusivit\u00e9 pour Art For Science.<\/div>\n<div dir=\"auto\"><\/div>\n<div dir=\"auto\">Oeuvre r\u00e9alis\u00e9e par les 3 soeurs Bastelica qui r\u00e9alise de \u00ab\u00a0L\u2019art pluriel\u00a0\u00bb.<\/div>","protected":false},"excerpt":{"rendered":"<div dir=\"auto\">Nous avons \u00e9t\u00e9 touch\u00e9es et marqu\u00e9es par l&rsquo;aventure humaine et l&rsquo;immense courage des co-fondateurs d&rsquo;Art For Science, alors cette \u0153uvre est le r\u00e9sultat de cette inspiration. C&rsquo;est ainsi que nous avons cr\u00e9\u00e9 \u00ab\u00a0Unis vers l&rsquo;Uni\u00a0\u00bb en faisant leurs portraits selon notre nouvelle \u00e9criture \u00ab\u00a0Divertissement de l&rsquo;\u00c2me\u00a0\u00bb.<\/div>\n<div>Nous les avons imagin\u00e9 dans l&rsquo;immensit\u00e9 de cet univers avec lequel nous sommes tous reli\u00e9s et nous avons voulu repr\u00e9senter les connexions qui existent entre les humains et qui, notamment, existent si fortes entre eux deux.<\/div>\n<div><\/div>\n<div><\/div>","protected":false},"featured_media":3441,"template":"","meta":{"_mi_skip_tracking":false,"_monsterinsights_sitenote_active":false,"_monsterinsights_sitenote_note":"","_monsterinsights_sitenote_category":0,"spay_email":""},"product_cat":[90],"product_tag":[],"_links":{"self":[{"href":"https:\/\/www.artforscience.eu\/en\/wp-json\/wp\/v2\/product\/3440"}],"collection":[{"href":"https:\/\/www.artforscience.eu\/en\/wp-json\/wp\/v2\/product"}],"about":[{"href":"https:\/\/www.artforscience.eu\/en\/wp-json\/wp\/v2\/types\/product"}],"wp:featuredmedia":[{"embeddable":true,"href":"https:\/\/www.artforscience.eu\/en\/wp-json\/wp\/v2\/media\/3441"}],"wp:attachment":[{"href":"https:\/\/www.artforscience.eu\/en\/wp-json\/wp\/v2\/media?parent=3440"}],"wp:term":[{"taxonomy":"product_cat","embeddable":true,"href":"https:\/\/www.artforscience.eu\/en\/wp-json\/wp\/v2\/product_cat?post=3440"},{"taxonomy":"product_tag","embeddable":true,"href":"https:\/\/www.artforscience.eu\/en\/wp-json\/wp\/v2\/product_tag?post=3440"}],"curies":[{"name":"wp","href":"https:\/\/api.w.org\/{rel}","templated":true}]}}