{"id":3442,"date":"2021-06-25T21:09:16","date_gmt":"2021-06-25T20:09:16","guid":{"rendered":"https:\/\/www.artforscience.eu\/?post_type=product&#038;p=3442"},"modified":"2021-06-25T21:09:16","modified_gmt":"2021-06-25T20:09:16","slug":"le-monde-du-cerveau","status":"publish","type":"product","link":"https:\/\/www.artforscience.eu\/en\/voir-les-oeuvres-dart\/claire-de-montardy\/le-monde-du-cerveau\/","title":{"rendered":"Le monde du cerveau"},"content":{"rendered":"<p>\u00ab\u00a0J&rsquo;ai mis dans ce travail un temps cons\u00e9quent, beaucoup d&rsquo;\u00e9nergie, mon exp\u00e9rience professionnelle, et surtout tout mon amour.\u00a0\u00bb<\/p>\n<p>Claire De Montardy pour Art For Science<\/p>","protected":false},"excerpt":{"rendered":"<div>Le monde du cerveau est une sph\u00e8re de 50cm de diam\u00e8tre r\u00e9alis\u00e9e avec de la bourre, des tissus de r\u00e9cup\u00e9ration et de la laine.<\/div>\n<div>Cette sph\u00e8re repr\u00e9sente le cerveau compos\u00e9 des diff\u00e9rentes zones de mati\u00e8re grise, parcourues par un r\u00e9seau de fils et de tissages de laines de couleurs \u00e9nerg\u00e9tiques, \u00e9voquant les connexions des neurones.<\/div>\n<div>Ce monde rappelle aussi notre plan\u00e8te z\u00e9br\u00e9e\u00a0par les parcours \u00e9lectriques des villes et m\u00e9gapoles, ce monde de plus en plus recouvert de pr\u00e9sences lumineuses.<\/div>\n<div>Cette boule n&rsquo;\u00e9tant pas tr\u00e8s lourde, on peut jouer au ballon avec elle, comme Charlie\u00a0Chaplin dans la fameuse sc\u00e8ne du film \u00ab\u00a0Le dictateur\u00a0\u00bb.<\/div>\n<div>Nous avons le monde ext\u00e9rieur, et celui de notre cerveau, entre nos mains. Qu&rsquo;en ferons-nous ?<\/div>\n<div>Notre cerveau est plastique, nous pouvons le modifier.<\/div>\n<div>Sur cette \u0153uvre, on peut distinguer des \u00eatres stylis\u00e9s se tenant par la main, la t\u00eate et le coeur, et formant une cha\u00eene de chaleur humaine.<\/div>\n<div>Cette plan\u00e8te de tissus nous propose une vision positive de nos possibles.<\/div>\n<div>La mati\u00e8re de cette sculpture sph\u00e9rique est molle et elle peut donc \u00eatre plus ou moins d\u00e9form\u00e9e pour faire une boule g\u00e9om\u00e9trique ou une forme un\u00a0peu in\u00e9gale, avec les zones de mati\u00e8re grise plus protub\u00e9rantes, une forme plus proche de celle du cerveau. Cette mall\u00e9abilit\u00e9, cette plasticit\u00e9 permet aussi d&rsquo;aider \u00e0 poser cette sph\u00e8re sur un socle de fa\u00e7on \u00e0 ce qu&rsquo;elle ne tombe pas.<\/div>\n<div>Elle peut \u00e9galement \u00eatre suspendue.<\/div>","protected":false},"featured_media":3448,"template":"","meta":{"_mi_skip_tracking":false,"_monsterinsights_sitenote_active":false,"_monsterinsights_sitenote_note":"","_monsterinsights_sitenote_category":0,"spay_email":""},"product_cat":[91],"product_tag":[],"_links":{"self":[{"href":"https:\/\/www.artforscience.eu\/en\/wp-json\/wp\/v2\/product\/3442"}],"collection":[{"href":"https:\/\/www.artforscience.eu\/en\/wp-json\/wp\/v2\/product"}],"about":[{"href":"https:\/\/www.artforscience.eu\/en\/wp-json\/wp\/v2\/types\/product"}],"wp:featuredmedia":[{"embeddable":true,"href":"https:\/\/www.artforscience.eu\/en\/wp-json\/wp\/v2\/media\/3448"}],"wp:attachment":[{"href":"https:\/\/www.artforscience.eu\/en\/wp-json\/wp\/v2\/media?parent=3442"}],"wp:term":[{"taxonomy":"product_cat","embeddable":true,"href":"https:\/\/www.artforscience.eu\/en\/wp-json\/wp\/v2\/product_cat?post=3442"},{"taxonomy":"product_tag","embeddable":true,"href":"https:\/\/www.artforscience.eu\/en\/wp-json\/wp\/v2\/product_tag?post=3442"}],"curies":[{"name":"wp","href":"https:\/\/api.w.org\/{rel}","templated":true}]}}