{"id":554,"date":"2019-12-27T23:07:33","date_gmt":"2019-12-27T23:07:33","guid":{"rendered":"https:\/\/www.artforscience.eu\/?post_type=product&#038;p=554"},"modified":"2020-03-03T13:58:45","modified_gmt":"2020-03-03T12:58:45","slug":"entre-les-mains-dun-autre-sculpture","status":"publish","type":"product","link":"https:\/\/www.artforscience.eu\/en\/voir-les-oeuvres-dart\/tableau\/entre-les-mains-dun-autre-sculpture\/","title":{"rendered":"Entre les mains d&rsquo;un autre"},"content":{"rendered":"<p><span class=\"image-filename\">Sculpture Juan Jos\u00e9 Ruiz dit CACO <\/span><\/p>\n<p>African Stone cuisson Four \u00e0 Bois<\/p>\n<p>Main dans la main,en toute conscience,en toute confiance et solidaires&#8230;<\/p>\n<p>H :18cm<\/p>\n<p>L : 6,5cm<\/p>\n<p>P : 6,5cm<\/p>\n<p>Qui est (Artiste\/auteur) Juan Jos\u00e9 Ruiz dit \u00ab\u00a0Caco\u00a0\u00bb ?<\/p>\n<p>\u00ab\u00a0Artiste, Auteur, Attir\u00e9 par le travail de la terre que je pouvais observer \u00e0 l&rsquo;occasion de mes nombreux passages dans le petit Monde des Potiers-C\u00e9ramistes du village de La Borne , tr\u00e8s vite la Sculpture est devenue pour moi un moyen d&rsquo;expression incontournable .<\/p>\n<p>Mes Sculptures se prom\u00e8nent au gr\u00e8s de l&rsquo;inspiration , peuvent \u00eatre Figuratives ou Stylis\u00e9es, mais toujours r\u00e9alis\u00e9es dans des terres haute temp\u00e9rature.\u00a0\u00bb<\/p>\n<p>Caco, passionn\u00e9, passionnant, humain, sensible, apaisant, un artiste hors du commun qui nous livre avec Bouquet de Flammes quelques mots cl\u00e9s de sont aventure avec Art For Science : Cerveau\u2026 Refleurir\u2026\u00a0 R\u00e9-inventer\u2026 Conscience \u2026Confiance\u2026 Solidaire \u2026Avenir\u2026 Fil d\u2019Ariane\u2026 D\u00e9dales\u2026 Force brut\u2026<\/p>\n<p><em>Pourquoi Art For Sciences ?<\/em><\/p>\n<p><em>Sylvie et moi essayons d&rsquo;aider r\u00e9guli\u00e8rement ou ponctuellement certaines causes nous paraissant Importantes ou Vitales\u00a0<\/em><br \/>\n<em>Touch\u00e9s au plus pr\u00e8s depuis quelques ann\u00e9es nous-m\u00eame par de gros probl\u00e8mes de Sant\u00e9, c&rsquo;est tout naturellement que nous sommes entr\u00e9s<\/em><br \/>\n<em>dans cette aventure avec les co-fondateurs d&rsquo;Art For Science et ceux qui les y aident &#8230;<\/em><br \/>\n<em>Car,ici,il est question de pouvoir sauver et permettre le retour \u00e0 une vie \u00ab\u00a0normale\u00a0\u00bb au plus grand nombre d&rsquo;entre nous &#8230;<\/em><br \/>\n<em>Tou(te)s pouvons \u00eatre touch\u00e9(e)s par une d\u00e9faillance neurologique qui que nous soyons &#8230;<\/em><\/p>\n<p>Caco, passionn\u00e9, passionnant, humain, sensible, apaisant, un artiste hors du commun qui nous livre avec Bouquet de Flammes quelques mots cl\u00e9s de sont aventure avec Art For Science : Cerveau&#8230; Refleurir&#8230;\u00a0 R\u00e9-inventer&#8230; Conscience &#8230;Confiance&#8230; Solidaire &#8230;Avenir&#8230; Fil d&rsquo;Ariane&#8230; D\u00e9dales&#8230; Force brut&#8230;<\/p>","protected":false},"excerpt":{"rendered":"<p><span class=\"image-filename\">Sculpture Juan Jos\u00e9 Ruiz dit CACO <\/span><\/p>\n<p>African Stone cuisson Four \u00e0 Bois<\/p>\n<p>Main dans la main,en toute conscience,en toute confiance et solidaires&#8230;<\/p>\n<p>H :18cm<\/p>\n<p>L : 6,5cm<\/p>\n<p>P : 6,5cm<\/p>","protected":false},"featured_media":555,"template":"","meta":{"_mi_skip_tracking":false,"_monsterinsights_sitenote_active":false,"_monsterinsights_sitenote_note":"","_monsterinsights_sitenote_category":0,"spay_email":""},"product_cat":[33,32,30],"product_tag":[],"_links":{"self":[{"href":"https:\/\/www.artforscience.eu\/en\/wp-json\/wp\/v2\/product\/554"}],"collection":[{"href":"https:\/\/www.artforscience.eu\/en\/wp-json\/wp\/v2\/product"}],"about":[{"href":"https:\/\/www.artforscience.eu\/en\/wp-json\/wp\/v2\/types\/product"}],"wp:featuredmedia":[{"embeddable":true,"href":"https:\/\/www.artforscience.eu\/en\/wp-json\/wp\/v2\/media\/555"}],"wp:attachment":[{"href":"https:\/\/www.artforscience.eu\/en\/wp-json\/wp\/v2\/media?parent=554"}],"wp:term":[{"taxonomy":"product_cat","embeddable":true,"href":"https:\/\/www.artforscience.eu\/en\/wp-json\/wp\/v2\/product_cat?post=554"},{"taxonomy":"product_tag","embeddable":true,"href":"https:\/\/www.artforscience.eu\/en\/wp-json\/wp\/v2\/product_tag?post=554"}],"curies":[{"name":"wp","href":"https:\/\/api.w.org\/{rel}","templated":true}]}}