{"id":996,"date":"2020-01-17T21:35:14","date_gmt":"2020-01-17T21:35:14","guid":{"rendered":"https:\/\/www.artforscience.eu\/?post_type=product&#038;p=996"},"modified":"2020-03-03T13:57:38","modified_gmt":"2020-03-03T12:57:38","slug":"la-perle-car-la-richesse-est-en-toi","status":"publish","type":"product","link":"https:\/\/www.artforscience.eu\/en\/voir-les-oeuvres-dart\/tableau\/la-perle-car-la-richesse-est-en-toi\/","title":{"rendered":"La Perle&#8230;car la richesse est en toi"},"content":{"rendered":"<p class=\"first-child\"><span class=\"cenote-drop-cap\" title=\"T\">T<\/span>ableau 30 cm x 30 cm by Alice Biais-B\u00e9lard<\/p>\n<p><strong>La Perle&#8230;car la richesse est en toi<\/strong><\/p>\n<p>&nbsp;<\/p>\n<p><strong>Qui est Alice Biais-B\u00e9lard ?<\/strong><\/p>\n<p>Dipl\u00f4m\u00e9e de Sciences politiques Lyon\u00a0 \/ Ateliers d\u2019Arts contemporains<\/p>\n<p>\u201cJe peins depuis 39ans, beaucoup de spontan\u00e9it\u00e9. Le fond de mes toiles est toujours riche en mati\u00e8res: partitions de musique, feuilles d\u2019or, sable, poudre de marbre, tissu\u2026. Le couteau accompagne souvent mes gestes donnant ainsi une vivacit\u00e9, une force, une \u00e9nergie et une certaine sensualit\u00e9. Un critique a \u00e9crit : \u00ab le trait est puissant, les teintes pleines de vigueur, il s\u2019en d\u00e9gage une personnalit\u00e9 marqu\u00e9e \u00bb \u2026 \u201d<\/p>\n<p>&nbsp;<\/p>\n<p>Exposition : Paris \/ ROME \/ SHANGAI \/ CANADA<\/p>\n<p>Pr\u00e9sente aussi dans quelques collections priv\u00e9es \u00e0 Long Island, New York, Italie, Osaka, Qatar, Suisse\u2026<\/p>\n<p>COTATION \u2013DROUOT\u00a0 2020<\/p>\n<p>D\u00e9coration d\u2019un Boeing 777<\/p>\n<p>H\u00f4tel de CRILLON<\/p>\n<p>Carrousel du Louvre<\/p>\n<p>Who\u2019s Who in International Art<\/p>\n<p>\u00ab Business Art \u00bb, Espace Pierre Cardin , 75008 Paris<\/p>\n<p>Salon Scheffer \u00e0 Montparnasse &amp; Francfort &amp; Auvers sur Oise<\/p>\n<p>*Grand March\u00e9 de l\u2019Art Contemporain Bastille, Paris, Galerie Carpe Diem ,\/Pavillon Henri IV, St\u00a0\u00a0 Germain en Laye<\/p>\n<p>*Salon d\u2019Art Contemporain de Honfleur,<\/p>\n<p>*\u00ab Art et Industrie \u00bb, \u00ab OSER l\u2019ART \u00bb en Entreprises \/ Galerie \u00ab Art et Miss \u00bb<\/p>\n<p>*Salon D\u2019Automne . Champs Elys\u00e9es Paris\/ H\u00f4tel des ventes de Lausanne<\/p>\n<p>Salon des Ind\u00e9pendants : Grand Palais, PARIS \/ P\u00e9rouges, GMAC Chatou \/ ESSEC\/<\/p>\n<p>Vente pour recherche sur les tumeurs c\u00e9r\u00e9brales de l\u2019enfant, dirig\u00e9e par Pierre Cornette de St Cyr et M\u00e9c\u00e9nat cardiaque<\/p>\n<p>&nbsp;<\/p>\n<p><strong>Art for Science, pourquoi est-ce important pour moi ?<\/strong><\/p>\n<p>Art de la connaissance, Art du diagnostic, Art de la rigueur, Art de la pr\u00e9cision\u2026..mais encore Art de l\u2019\u00e9coute, Art du soin apport\u00e9, Art de la relation rassurante\u2026autant d\u2019Arts qui font toute la diff\u00e9rence dans la VIE\u2026.<\/p>\n<p>Art For Science, c\u2019est le croisement d\u2019un couple touch\u00e9 par la maladie, couple dynamique et positif, d\u2019un neurochirurgien, comp\u00e9tant, empathique, clair, simple et si agr\u00e9able quand il explique sa d\u00e9marche d\u2019une exceptionnelle qualit\u00e9\u2026et , d\u2019artistes\u2026.<\/p>\n<p>l\u00e0, je suis juste heureuse d\u2019apporter ma \u00ab petite pierre \u00e0 l\u2019\u00e9difice \u00bb pour aider, certes, mais surtout pour avancer ,par les fonds r\u00e9colt\u00e9s, afin de soigner et sauver encore mieux et plus.<\/p>\n<p>Ma peinture essaie de traduire ma pens\u00e9e profonde sur la vie :<\/p>\n<p>Quand je place une courbe au mouvement ascendant, c\u2019est la traduction de la marche \u00ab pour aller vers \u00bb , avec dynamisme et conviction\u2026. Quand je place les trois points, ils sont soit mon attachement \u00e0 la vie chr\u00e9tienne, si utile pour tenir \u00ab debout \u00bb avec des valeurs particuli\u00e8res\u2026 soit, le cycle de la vie : la naissance, la vie sur terre et la mort qui reste in\u00e9luctablement li\u00e9e \u00e0 la vie\u2026 mais le 3, c\u2019est aussi, la t\u00eate, le corps et l\u2019esprit\u2026 un de ces points n\u2019est plus , et on mesure combien notre \u00e9quilibre est meurtri\u2026. Quand je place des notes de musique, c\u2019est pour signifier combien elle est essentielle \u00e0 notre \u00e9quilibre. Pour qui, joue d\u2019un instrument, \u00e9crit, chante ou \u00e9coute\u2026notre esprit travaille, se concentre, s\u2019enthousiasme, s\u2019attriste parfois, offre le r\u00eave\u2026. Quand je pose, de la feuille d\u2019or, c\u2019est pour marquer tous ces moments privil\u00e9gi\u00e9s, toutes ces rencontres fortuites, tous ces petits bonheurs que l\u2019on a su rep\u00e9rer\u2026c\u2019est aussi, la richesse que l\u2019on a en soi, cette force que l\u2019on \u00e9touffe si souvent\u2026.<\/p>\n<p>L\u2019or, ce m\u00e9tal noble, c\u2019est notre valeur, notre force, notre guide\u2026. La perle, c\u2019est notre \u00ab c\u00f4t\u00e9 unique \u00bb\u2026<\/p>\n<p>L\u2019Art se comprend dans la r\u00e9flexion et une pratique \u00e9clair\u00e9e, bien s\u00fbr. Tout Art suppose apprentissage, ma\u00eetrise et volont\u00e9 mais ce n\u2019est pas -loin s\u2019en faut- qu\u2019une \u00e9quation de \u00ab savoir faire \u00bb, NON, l\u2019Art, c\u2019est une invitation au partage, au dialogue, \u00e0 l\u2019\u00e9change, \u00e0 la consid\u00e9ration de l\u2019Autre. L\u2019artiste, cr\u00e9e, donne vie,\u00a0 mais c\u2019est le nouveau regard qui permettra la seconde destin\u00e9e. La peinture invite au d\u00e9veloppement de l\u2019esprit, elle a une \u00e2me qui entre en r\u00e9sonance avec le spectateur, une autre sensibilit\u00e9\u2026<\/p>\n<p>et bien, pour moi \u00ab Art for Science \u00bb c\u2019est la m\u00eame chose\u2026.<\/p>","protected":false},"excerpt":{"rendered":"<p class=\"first-child\"><span class=\"cenote-drop-cap\" title=\"T\">T<\/span>ableau 30 cm x 30 cm by Alice Biais-B\u00e9lard<\/p>\n<p><strong>La Perle&#8230;car la richesse est en toi<\/strong><\/p>\n<p>&nbsp;<\/p>\n<p>Art de la connaissance, Art du diagnostic, Art de la rigueur, Art de la pr\u00e9cision\u2026..mais encore Art de l\u2019\u00e9coute, Art du soin apport\u00e9, Art de la relation rassurante\u2026autant d\u2019Arts qui font toute la diff\u00e9rence dans la VIE\u2026<\/p>","protected":false},"featured_media":997,"template":"","meta":{"_mi_skip_tracking":false,"_monsterinsights_sitenote_active":false,"_monsterinsights_sitenote_note":"","_monsterinsights_sitenote_category":0,"spay_email":""},"product_cat":[35,30],"product_tag":[26],"_links":{"self":[{"href":"https:\/\/www.artforscience.eu\/en\/wp-json\/wp\/v2\/product\/996"}],"collection":[{"href":"https:\/\/www.artforscience.eu\/en\/wp-json\/wp\/v2\/product"}],"about":[{"href":"https:\/\/www.artforscience.eu\/en\/wp-json\/wp\/v2\/types\/product"}],"wp:featuredmedia":[{"embeddable":true,"href":"https:\/\/www.artforscience.eu\/en\/wp-json\/wp\/v2\/media\/997"}],"wp:attachment":[{"href":"https:\/\/www.artforscience.eu\/en\/wp-json\/wp\/v2\/media?parent=996"}],"wp:term":[{"taxonomy":"product_cat","embeddable":true,"href":"https:\/\/www.artforscience.eu\/en\/wp-json\/wp\/v2\/product_cat?post=996"},{"taxonomy":"product_tag","embeddable":true,"href":"https:\/\/www.artforscience.eu\/en\/wp-json\/wp\/v2\/product_tag?post=996"}],"curies":[{"name":"wp","href":"https:\/\/api.w.org\/{rel}","templated":true}]}}